{"id":76629,"date":"2026-03-12T22:56:49","date_gmt":"2026-03-12T22:56:49","guid":{"rendered":"https:\/\/joutia.shop\/?post_type=product&#038;p=76629"},"modified":"2026-03-12T22:56:51","modified_gmt":"2026-03-12T22:56:51","slug":"om-system-om-5-mark-ii-micro-four-thirds-system-appareil-photo-avec-objectif-m-zuiko-digital-ed-14-150mm-ii-capteur-live-mos-20-mp-stabilisation-dimage-sur-5-axes-etancheite-ip53","status":"publish","type":"product","link":"https:\/\/joutia.shop\/en\/product\/om-system-om-5-mark-ii-micro-four-thirds-system-appareil-photo-avec-objectif-m-zuiko-digital-ed-14-150mm-ii-capteur-live-mos-20-mp-stabilisation-dimage-sur-5-axes-etancheite-ip53\/","title":{"rendered":"OM SYSTEM Om-5 Mark II Micro Four Thirds System Appareil Photo avec Objectif M.Zuiko Digital Ed 14-150mm II, capteur Live MOS 20 MP, stabilisation d&rsquo;image sur 5 Axes, \u00e9tanch\u00e9it\u00e9 IP53"},"content":{"rendered":"<h2>OM SYSTEM Om-5 Mark II Micro Four Thirds System Appareil Photo avec Objectif M.Zuiko Digital Ed 14-150mm II, capteur Live MOS 20 MP, stabilisation d&rsquo;image sur 5 Axes, \u00e9tanch\u00e9it\u00e9 IP53<\/h2>\n<p>Le produit <strong>OM SYSTEM Om-5 Mark II Micro Four Thirds System Appareil Photo avec Objectif M.Zuiko Digital Ed 14-150mm II, capteur Live MOS 20 MP, stabilisation d&rsquo;image sur 5 Axes, \u00e9tanch\u00e9it\u00e9 IP53<\/strong> est con\u00e7u pour offrir performance et fiabilit\u00e9.<\/p>\n<p>Ce produit est id\u00e9al pour une utilisation quotidienne et r\u00e9pond parfaitement aux besoins des utilisateurs recherchant qualit\u00e9 et efficacit\u00e9.<\/p>\n<h3>Caract\u00e9ristiques principales<\/h3>\n<ul>\n<li>Conception robuste<\/li>\n<li>Utilisation simple<\/li>\n<li>Performance fiable<\/li>\n<\/ul>","protected":false},"excerpt":{"rendered":"<p>OM SYSTEM Om-5 Mark II Micro Four Thirds System Appareil Photo avec Objectif M.Zuiko Digital Ed 14-150mm II, capteur Live MOS 20 MP, stabilisation d&rsquo;image sur 5 Axes, \u00e9tanch\u00e9it\u00e9 IP53 &#8211; produit de qualit\u00e9 con\u00e7u pour un usage quotidien.<\/p>","protected":false},"featured_media":75652,"comment_status":"open","ping_status":"closed","template":"","meta":[],"product_brand":[],"product_cat":[316],"product_tag":[317],"class_list":{"0":"post-76629","1":"product","2":"type-product","3":"status-publish","4":"has-post-thumbnail","6":"product_cat-photo","7":"product_tag-appareil-photo","9":"first","10":"instock","11":"shipping-taxable","12":"product-type-external"},"_links":{"self":[{"href":"https:\/\/joutia.shop\/en\/wp-json\/wp\/v2\/product\/76629","targetHints":{"allow":["GET"]}}],"collection":[{"href":"https:\/\/joutia.shop\/en\/wp-json\/wp\/v2\/product"}],"about":[{"href":"https:\/\/joutia.shop\/en\/wp-json\/wp\/v2\/types\/product"}],"replies":[{"embeddable":true,"href":"https:\/\/joutia.shop\/en\/wp-json\/wp\/v2\/comments?post=76629"}],"wp:featuredmedia":[{"embeddable":true,"href":"https:\/\/joutia.shop\/en\/wp-json\/wp\/v2\/media\/75652"}],"wp:attachment":[{"href":"https:\/\/joutia.shop\/en\/wp-json\/wp\/v2\/media?parent=76629"}],"wp:term":[{"taxonomy":"product_brand","embeddable":true,"href":"https:\/\/joutia.shop\/en\/wp-json\/wp\/v2\/product_brand?post=76629"},{"taxonomy":"product_cat","embeddable":true,"href":"https:\/\/joutia.shop\/en\/wp-json\/wp\/v2\/product_cat?post=76629"},{"taxonomy":"product_tag","embeddable":true,"href":"https:\/\/joutia.shop\/en\/wp-json\/wp\/v2\/product_tag?post=76629"}],"curies":[{"name":"wp","href":"https:\/\/api.w.org\/{rel}","templated":true}]}}