{"id":76625,"date":"2026-03-12T22:56:49","date_gmt":"2026-03-12T22:56:49","guid":{"rendered":"https:\/\/joutia.shop\/?post_type=product&#038;p=76625"},"modified":"2026-03-12T22:56:51","modified_gmt":"2026-03-12T22:56:51","slug":"sony-alpha-6400appareil-photo-numerique-hybride-aps-c-en-kit-avec-lobjectif-zoom-e-16-50mm-f-3-5-5-6-pz-oss-242-mp-af-en-0-02s-suivi-des-yeux-4k-hlg-ecran-selfie-vloggingilce6400-a6400","status":"publish","type":"product","link":"https:\/\/joutia.shop\/en\/product\/sony-alpha-6400appareil-photo-numerique-hybride-aps-c-en-kit-avec-lobjectif-zoom-e-16-50mm-f-3-5-5-6-pz-oss-242-mp-af-en-0-02s-suivi-des-yeux-4k-hlg-ecran-selfie-vloggingilce6400-a6400\/","title":{"rendered":"Sony Alpha 6400|Appareil Photo Num\u00e9rique Hybride APS-C en kit avec l&rsquo;Objectif Zoom E 16-50mm f\/3.5-5.6 PZ OSS (24,2 MP, AF en 0.02s, Suivi des Yeux, 4K HLG, Ecran Selfie Vlogging)(ILCE6400, A6400)"},"content":{"rendered":"<h2>Sony Alpha 6400|Appareil Photo Num\u00e9rique Hybride APS-C en kit avec l&rsquo;Objectif Zoom E 16-50mm f\/3.5-5.6 PZ OSS (24,2 MP, AF en 0.02s, Suivi des Yeux, 4K HLG, Ecran Selfie Vlogging)(ILCE6400, A6400)<\/h2>\n<p>Le produit <strong>Sony Alpha 6400|Appareil Photo Num\u00e9rique Hybride APS-C en kit avec l&rsquo;Objectif Zoom E 16-50mm f\/3.5-5.6 PZ OSS (24,2 MP, AF en 0.02s, Suivi des Yeux, 4K HLG, Ecran Selfie Vlogging)(ILCE6400, A6400)<\/strong> est con\u00e7u pour offrir performance et fiabilit\u00e9.<\/p>\n<p>Ce produit est id\u00e9al pour une utilisation quotidienne et r\u00e9pond parfaitement aux besoins des utilisateurs recherchant qualit\u00e9 et efficacit\u00e9.<\/p>\n<h3>Caract\u00e9ristiques principales<\/h3>\n<ul>\n<li>Conception robuste<\/li>\n<li>Utilisation simple<\/li>\n<li>Performance fiable<\/li>\n<\/ul>","protected":false},"excerpt":{"rendered":"<p>Sony Alpha 6400|Appareil Photo Num\u00e9rique Hybride APS-C en kit avec l&rsquo;Objectif Zoom E 16-50mm f\/3.5-5.6 PZ OSS (24,2 MP, AF en 0.02s, Suivi des Yeux, 4K HLG, Ecran Selfie Vlogging)(ILCE6400, A6400) &#8211; produit de qualit\u00e9 con\u00e7u pour un usage quotidien.<\/p>","protected":false},"featured_media":75606,"comment_status":"open","ping_status":"closed","template":"","meta":[],"product_brand":[],"product_cat":[316],"product_tag":[317],"class_list":{"0":"post-76625","1":"product","2":"type-product","3":"status-publish","4":"has-post-thumbnail","6":"product_cat-photo","7":"product_tag-appareil-photo","9":"first","10":"instock","11":"shipping-taxable","12":"product-type-external"},"_links":{"self":[{"href":"https:\/\/joutia.shop\/en\/wp-json\/wp\/v2\/product\/76625","targetHints":{"allow":["GET"]}}],"collection":[{"href":"https:\/\/joutia.shop\/en\/wp-json\/wp\/v2\/product"}],"about":[{"href":"https:\/\/joutia.shop\/en\/wp-json\/wp\/v2\/types\/product"}],"replies":[{"embeddable":true,"href":"https:\/\/joutia.shop\/en\/wp-json\/wp\/v2\/comments?post=76625"}],"wp:featuredmedia":[{"embeddable":true,"href":"https:\/\/joutia.shop\/en\/wp-json\/wp\/v2\/media\/75606"}],"wp:attachment":[{"href":"https:\/\/joutia.shop\/en\/wp-json\/wp\/v2\/media?parent=76625"}],"wp:term":[{"taxonomy":"product_brand","embeddable":true,"href":"https:\/\/joutia.shop\/en\/wp-json\/wp\/v2\/product_brand?post=76625"},{"taxonomy":"product_cat","embeddable":true,"href":"https:\/\/joutia.shop\/en\/wp-json\/wp\/v2\/product_cat?post=76625"},{"taxonomy":"product_tag","embeddable":true,"href":"https:\/\/joutia.shop\/en\/wp-json\/wp\/v2\/product_tag?post=76625"}],"curies":[{"name":"wp","href":"https:\/\/api.w.org\/{rel}","templated":true}]}}