{"id":76617,"date":"2026-03-12T22:56:43","date_gmt":"2026-03-12T22:56:43","guid":{"rendered":"https:\/\/joutia.shop\/?post_type=product&#038;p=76617"},"modified":"2026-03-12T22:56:45","modified_gmt":"2026-03-12T22:56:45","slug":"nbd-appareil-photo-numerique-5k-64mp-avec-autofocus-zoom-numerique-18x-ecran-ips-3-orientable-180-design-retro-elegant-carte-64gb-2-batteries-noir","status":"publish","type":"product","link":"https:\/\/joutia.shop\/en\/product\/nbd-appareil-photo-numerique-5k-64mp-avec-autofocus-zoom-numerique-18x-ecran-ips-3-orientable-180-design-retro-elegant-carte-64gb-2-batteries-noir\/","title":{"rendered":"NBD Appareil Photo Num\u00e9rique 5K 64MP avec Autofocus, Zoom Num\u00e9rique 18x, \u00c9cran IPS 3&Prime; Orientable 180\u00b0, Design R\u00e9tro \u00c9l\u00e9gant, Carte 64GB + 2 Batteries (Noir)"},"content":{"rendered":"<h2>NBD Appareil Photo Num\u00e9rique 5K 64MP avec Autofocus, Zoom Num\u00e9rique 18x, \u00c9cran IPS 3&Prime; Orientable 180\u00b0, Design R\u00e9tro \u00c9l\u00e9gant, Carte 64GB + 2 Batteries (Noir)<\/h2>\n<p>Le produit <strong>NBD Appareil Photo Num\u00e9rique 5K 64MP avec Autofocus, Zoom Num\u00e9rique 18x, \u00c9cran IPS 3&Prime; Orientable 180\u00b0, Design R\u00e9tro \u00c9l\u00e9gant, Carte 64GB + 2 Batteries (Noir)<\/strong> est con\u00e7u pour offrir performance et fiabilit\u00e9.<\/p>\n<p>Ce produit est id\u00e9al pour une utilisation quotidienne et r\u00e9pond parfaitement aux besoins des utilisateurs recherchant qualit\u00e9 et efficacit\u00e9.<\/p>\n<h3>Caract\u00e9ristiques principales<\/h3>\n<ul>\n<li>Conception robuste<\/li>\n<li>Utilisation simple<\/li>\n<li>Performance fiable<\/li>\n<\/ul>","protected":false},"excerpt":{"rendered":"<p>NBD Appareil Photo Num\u00e9rique 5K 64MP avec Autofocus, Zoom Num\u00e9rique 18x, \u00c9cran IPS 3&Prime; Orientable 180\u00b0, Design R\u00e9tro \u00c9l\u00e9gant, Carte 64GB + 2 Batteries (Noir) &#8211; produit de qualit\u00e9 con\u00e7u pour un usage quotidien.<\/p>","protected":false},"featured_media":76181,"comment_status":"open","ping_status":"closed","template":"","meta":[],"product_brand":[],"product_cat":[316],"product_tag":[317],"class_list":{"0":"post-76617","1":"product","2":"type-product","3":"status-publish","4":"has-post-thumbnail","6":"product_cat-photo","7":"product_tag-appareil-photo","9":"first","10":"instock","11":"shipping-taxable","12":"product-type-external"},"_links":{"self":[{"href":"https:\/\/joutia.shop\/en\/wp-json\/wp\/v2\/product\/76617","targetHints":{"allow":["GET"]}}],"collection":[{"href":"https:\/\/joutia.shop\/en\/wp-json\/wp\/v2\/product"}],"about":[{"href":"https:\/\/joutia.shop\/en\/wp-json\/wp\/v2\/types\/product"}],"replies":[{"embeddable":true,"href":"https:\/\/joutia.shop\/en\/wp-json\/wp\/v2\/comments?post=76617"}],"wp:featuredmedia":[{"embeddable":true,"href":"https:\/\/joutia.shop\/en\/wp-json\/wp\/v2\/media\/76181"}],"wp:attachment":[{"href":"https:\/\/joutia.shop\/en\/wp-json\/wp\/v2\/media?parent=76617"}],"wp:term":[{"taxonomy":"product_brand","embeddable":true,"href":"https:\/\/joutia.shop\/en\/wp-json\/wp\/v2\/product_brand?post=76617"},{"taxonomy":"product_cat","embeddable":true,"href":"https:\/\/joutia.shop\/en\/wp-json\/wp\/v2\/product_cat?post=76617"},{"taxonomy":"product_tag","embeddable":true,"href":"https:\/\/joutia.shop\/en\/wp-json\/wp\/v2\/product_tag?post=76617"}],"curies":[{"name":"wp","href":"https:\/\/api.w.org\/{rel}","templated":true}]}}