{"id":76612,"date":"2026-03-12T22:56:42","date_gmt":"2026-03-12T22:56:42","guid":{"rendered":"https:\/\/joutia.shop\/?post_type=product&#038;p=76612"},"modified":"2026-03-12T22:56:45","modified_gmt":"2026-03-12T22:56:45","slug":"canon-eos-r7-boitier-appareil-photo-hybride-capteur-aps-c-325-mp-autofocus-cmos-dual-pixel-ii-appareil-photo-numerique-4k-60p-prise-de-vue-en-continu-jusqua-15-ips-bluetooth-wi","status":"publish","type":"product","link":"https:\/\/joutia.shop\/en\/product\/canon-eos-r7-boitier-appareil-photo-hybride-capteur-aps-c-325-mp-autofocus-cmos-dual-pixel-ii-appareil-photo-numerique-4k-60p-prise-de-vue-en-continu-jusqua-15-ips-bluetooth-wi\/","title":{"rendered":"Canon EOS R7 (Bo\u00eetier) &#8211; Appareil Photo Hybride &#8211; Capteur APS-C 32,5 MP, Autofocus CMOS Dual Pixel II &#8211; Appareil Photo Num\u00e9rique 4K 60p, Prise de Vue en Continu Jusqu\u2019\u00e0 15 ips &#8211; Bluetooth, Wi-Fi, WLAN"},"content":{"rendered":"<h2>Canon EOS R7 (Bo\u00eetier) &#8211; Appareil Photo Hybride &#8211; Capteur APS-C 32,5 MP, Autofocus CMOS Dual Pixel II &#8211; Appareil Photo Num\u00e9rique 4K 60p, Prise de Vue en Continu Jusqu\u2019\u00e0 15 ips &#8211; Bluetooth, Wi-Fi, WLAN<\/h2>\n<p>Le produit <strong>Canon EOS R7 (Bo\u00eetier) &#8211; Appareil Photo Hybride &#8211; Capteur APS-C 32,5 MP, Autofocus CMOS Dual Pixel II &#8211; Appareil Photo Num\u00e9rique 4K 60p, Prise de Vue en Continu Jusqu\u2019\u00e0 15 ips &#8211; Bluetooth, Wi-Fi, WLAN<\/strong> est con\u00e7u pour offrir performance et fiabilit\u00e9.<\/p>\n<p>Ce produit est id\u00e9al pour une utilisation quotidienne et r\u00e9pond parfaitement aux besoins des utilisateurs recherchant qualit\u00e9 et efficacit\u00e9.<\/p>\n<h3>Caract\u00e9ristiques principales<\/h3>\n<ul>\n<li>Conception robuste<\/li>\n<li>Utilisation simple<\/li>\n<li>Performance fiable<\/li>\n<\/ul>","protected":false},"excerpt":{"rendered":"<p>Canon EOS R7 (Bo\u00eetier) &#8211; Appareil Photo Hybride &#8211; Capteur APS-C 32,5 MP, Autofocus CMOS Dual Pixel II &#8211; Appareil Photo Num\u00e9rique 4K 60p, Prise de Vue en Continu Jusqu\u2019\u00e0 15 ips &#8211; Bluetooth, Wi-Fi, WLAN &#8211; produit de qualit\u00e9 con\u00e7u pour un usage quotidien.<\/p>","protected":false},"featured_media":75573,"comment_status":"open","ping_status":"closed","template":"","meta":[],"product_brand":[],"product_cat":[316],"product_tag":[317],"class_list":{"0":"post-76612","1":"product","2":"type-product","3":"status-publish","4":"has-post-thumbnail","6":"product_cat-photo","7":"product_tag-appareil-photo","9":"first","10":"instock","11":"shipping-taxable","12":"product-type-external"},"_links":{"self":[{"href":"https:\/\/joutia.shop\/en\/wp-json\/wp\/v2\/product\/76612","targetHints":{"allow":["GET"]}}],"collection":[{"href":"https:\/\/joutia.shop\/en\/wp-json\/wp\/v2\/product"}],"about":[{"href":"https:\/\/joutia.shop\/en\/wp-json\/wp\/v2\/types\/product"}],"replies":[{"embeddable":true,"href":"https:\/\/joutia.shop\/en\/wp-json\/wp\/v2\/comments?post=76612"}],"wp:featuredmedia":[{"embeddable":true,"href":"https:\/\/joutia.shop\/en\/wp-json\/wp\/v2\/media\/75573"}],"wp:attachment":[{"href":"https:\/\/joutia.shop\/en\/wp-json\/wp\/v2\/media?parent=76612"}],"wp:term":[{"taxonomy":"product_brand","embeddable":true,"href":"https:\/\/joutia.shop\/en\/wp-json\/wp\/v2\/product_brand?post=76612"},{"taxonomy":"product_cat","embeddable":true,"href":"https:\/\/joutia.shop\/en\/wp-json\/wp\/v2\/product_cat?post=76612"},{"taxonomy":"product_tag","embeddable":true,"href":"https:\/\/joutia.shop\/en\/wp-json\/wp\/v2\/product_tag?post=76612"}],"curies":[{"name":"wp","href":"https:\/\/api.w.org\/{rel}","templated":true}]}}