{"id":76604,"date":"2026-03-12T22:56:42","date_gmt":"2026-03-12T22:56:42","guid":{"rendered":"https:\/\/joutia.shop\/?post_type=product&#038;p=76604"},"modified":"2026-03-12T22:56:44","modified_gmt":"2026-03-12T22:56:44","slug":"sony-alpha-6700-appareil-photo-hybride-aps-c-incl-18-135mm-objectif-mise-au-point-af-basee-sur-lia-stabilisation-dimage-sur-5-axes-video-4k-120p-ecran-tactile-35f18","status":"publish","type":"product","link":"https:\/\/joutia.shop\/en\/product\/sony-alpha-6700-appareil-photo-hybride-aps-c-incl-18-135mm-objectif-mise-au-point-af-basee-sur-lia-stabilisation-dimage-sur-5-axes-video-4k-120p-ecran-tactile-35f18\/","title":{"rendered":"Sony Alpha 6700 | Appareil Photo Hybride APS-C INCL. 18-135mm Objectif (Mise au Point AF bas\u00e9e sur l&rsquo;IA, stabilisation d&rsquo;image sur 5 Axes, vid\u00e9o 4k 120p, \u00e9cran Tactile) + 35F18"},"content":{"rendered":"<h2>Sony Alpha 6700 | Appareil Photo Hybride APS-C INCL. 18-135mm Objectif (Mise au Point AF bas\u00e9e sur l&rsquo;IA, stabilisation d&rsquo;image sur 5 Axes, vid\u00e9o 4k 120p, \u00e9cran Tactile) + 35F18<\/h2>\n<p>Le produit <strong>Sony Alpha 6700 | Appareil Photo Hybride APS-C INCL. 18-135mm Objectif (Mise au Point AF bas\u00e9e sur l&rsquo;IA, stabilisation d&rsquo;image sur 5 Axes, vid\u00e9o 4k 120p, \u00e9cran Tactile) + 35F18<\/strong> est con\u00e7u pour offrir performance et fiabilit\u00e9.<\/p>\n<p>Ce produit est id\u00e9al pour une utilisation quotidienne et r\u00e9pond parfaitement aux besoins des utilisateurs recherchant qualit\u00e9 et efficacit\u00e9.<\/p>\n<h3>Caract\u00e9ristiques principales<\/h3>\n<ul>\n<li>Conception robuste<\/li>\n<li>Utilisation simple<\/li>\n<li>Performance fiable<\/li>\n<\/ul>","protected":false},"excerpt":{"rendered":"<p>Sony Alpha 6700 | Appareil Photo Hybride APS-C INCL. 18-135mm Objectif (Mise au Point AF bas\u00e9e sur l&rsquo;IA, stabilisation d&rsquo;image sur 5 Axes, vid\u00e9o 4k 120p, \u00e9cran Tactile) + 35F18 &#8211; produit de qualit\u00e9 con\u00e7u pour un usage quotidien.<\/p>","protected":false},"featured_media":75474,"comment_status":"open","ping_status":"closed","template":"","meta":[],"product_brand":[],"product_cat":[316],"product_tag":[317],"class_list":{"0":"post-76604","1":"product","2":"type-product","3":"status-publish","4":"has-post-thumbnail","6":"product_cat-photo","7":"product_tag-appareil-photo","9":"first","10":"instock","11":"shipping-taxable","12":"product-type-external"},"_links":{"self":[{"href":"https:\/\/joutia.shop\/en\/wp-json\/wp\/v2\/product\/76604","targetHints":{"allow":["GET"]}}],"collection":[{"href":"https:\/\/joutia.shop\/en\/wp-json\/wp\/v2\/product"}],"about":[{"href":"https:\/\/joutia.shop\/en\/wp-json\/wp\/v2\/types\/product"}],"replies":[{"embeddable":true,"href":"https:\/\/joutia.shop\/en\/wp-json\/wp\/v2\/comments?post=76604"}],"wp:featuredmedia":[{"embeddable":true,"href":"https:\/\/joutia.shop\/en\/wp-json\/wp\/v2\/media\/75474"}],"wp:attachment":[{"href":"https:\/\/joutia.shop\/en\/wp-json\/wp\/v2\/media?parent=76604"}],"wp:term":[{"taxonomy":"product_brand","embeddable":true,"href":"https:\/\/joutia.shop\/en\/wp-json\/wp\/v2\/product_brand?post=76604"},{"taxonomy":"product_cat","embeddable":true,"href":"https:\/\/joutia.shop\/en\/wp-json\/wp\/v2\/product_cat?post=76604"},{"taxonomy":"product_tag","embeddable":true,"href":"https:\/\/joutia.shop\/en\/wp-json\/wp\/v2\/product_tag?post=76604"}],"curies":[{"name":"wp","href":"https:\/\/api.w.org\/{rel}","templated":true}]}}