{"id":76597,"date":"2026-03-12T22:56:42","date_gmt":"2026-03-12T22:56:42","guid":{"rendered":"https:\/\/joutia.shop\/?post_type=product&#038;p=76597"},"modified":"2026-03-12T22:56:43","modified_gmt":"2026-03-12T22:56:43","slug":"appareil-photo-numerique-4k-autofocus-64-mp-appareil-photo-numerique-etanche-avec-carte-de-32-go-16x-flottant-pour-la-plongee-en-apnee","status":"publish","type":"product","link":"https:\/\/joutia.shop\/en\/product\/appareil-photo-numerique-4k-autofocus-64-mp-appareil-photo-numerique-etanche-avec-carte-de-32-go-16x-flottant-pour-la-plongee-en-apnee\/","title":{"rendered":"Appareil photo num\u00e9rique 4K, autofocus 64 MP, appareil photo num\u00e9rique \u00e9tanche avec carte de 32 Go, 16X flottant pour la plong\u00e9e en apn\u00e9e"},"content":{"rendered":"<h2>Appareil photo num\u00e9rique 4K, autofocus 64 MP, appareil photo num\u00e9rique \u00e9tanche avec carte de 32 Go, 16X flottant pour la plong\u00e9e en apn\u00e9e<\/h2>\n<p>Le produit <strong>Appareil photo num\u00e9rique 4K, autofocus 64 MP, appareil photo num\u00e9rique \u00e9tanche avec carte de 32 Go, 16X flottant pour la plong\u00e9e en apn\u00e9e<\/strong> est con\u00e7u pour offrir performance et fiabilit\u00e9.<\/p>\n<p>Ce produit est id\u00e9al pour une utilisation quotidienne et r\u00e9pond parfaitement aux besoins des utilisateurs recherchant qualit\u00e9 et efficacit\u00e9.<\/p>\n<h3>Caract\u00e9ristiques principales<\/h3>\n<ul>\n<li>Conception robuste<\/li>\n<li>Utilisation simple<\/li>\n<li>Performance fiable<\/li>\n<\/ul>","protected":false},"excerpt":{"rendered":"<p>Appareil photo num\u00e9rique 4K, autofocus 64 MP, appareil photo num\u00e9rique \u00e9tanche avec carte de 32 Go, 16X flottant pour la plong\u00e9e en apn\u00e9e &#8211; produit de qualit\u00e9 con\u00e7u pour un usage quotidien.<\/p>","protected":false},"featured_media":76022,"comment_status":"open","ping_status":"closed","template":"","meta":[],"product_brand":[],"product_cat":[316],"product_tag":[317],"class_list":{"0":"post-76597","1":"product","2":"type-product","3":"status-publish","4":"has-post-thumbnail","6":"product_cat-photo","7":"product_tag-appareil-photo","9":"first","10":"instock","11":"shipping-taxable","12":"product-type-external"},"_links":{"self":[{"href":"https:\/\/joutia.shop\/en\/wp-json\/wp\/v2\/product\/76597","targetHints":{"allow":["GET"]}}],"collection":[{"href":"https:\/\/joutia.shop\/en\/wp-json\/wp\/v2\/product"}],"about":[{"href":"https:\/\/joutia.shop\/en\/wp-json\/wp\/v2\/types\/product"}],"replies":[{"embeddable":true,"href":"https:\/\/joutia.shop\/en\/wp-json\/wp\/v2\/comments?post=76597"}],"wp:featuredmedia":[{"embeddable":true,"href":"https:\/\/joutia.shop\/en\/wp-json\/wp\/v2\/media\/76022"}],"wp:attachment":[{"href":"https:\/\/joutia.shop\/en\/wp-json\/wp\/v2\/media?parent=76597"}],"wp:term":[{"taxonomy":"product_brand","embeddable":true,"href":"https:\/\/joutia.shop\/en\/wp-json\/wp\/v2\/product_brand?post=76597"},{"taxonomy":"product_cat","embeddable":true,"href":"https:\/\/joutia.shop\/en\/wp-json\/wp\/v2\/product_cat?post=76597"},{"taxonomy":"product_tag","embeddable":true,"href":"https:\/\/joutia.shop\/en\/wp-json\/wp\/v2\/product_tag?post=76597"}],"curies":[{"name":"wp","href":"https:\/\/api.w.org\/{rel}","templated":true}]}}