{"id":76594,"date":"2026-03-12T22:56:41","date_gmt":"2026-03-12T22:56:41","guid":{"rendered":"https:\/\/joutia.shop\/?post_type=product&#038;p=76594"},"modified":"2026-03-12T22:56:43","modified_gmt":"2026-03-12T22:56:43","slug":"canon-eos-r10-appareil-photo-hybride-format-aps-c-242-mpix-noir-objectif-rf-s-18-150mm-f35-63-is-stm-noir","status":"publish","type":"product","link":"https:\/\/joutia.shop\/en\/product\/canon-eos-r10-appareil-photo-hybride-format-aps-c-242-mpix-noir-objectif-rf-s-18-150mm-f35-63-is-stm-noir\/","title":{"rendered":"Canon EOS R10 Appareil Photo Hybride Format APS-C 242 Mpix Noir + Objectif RF-S 18-150mm F35-63 is STM Noir"},"content":{"rendered":"<h2>Canon EOS R10 Appareil Photo Hybride Format APS-C 242 Mpix Noir + Objectif RF-S 18-150mm F35-63 is STM Noir<\/h2>\n<p>Le produit <strong>Canon EOS R10 Appareil Photo Hybride Format APS-C 242 Mpix Noir + Objectif RF-S 18-150mm F35-63 is STM Noir<\/strong> est con\u00e7u pour offrir performance et fiabilit\u00e9.<\/p>\n<p>Ce produit est id\u00e9al pour une utilisation quotidienne et r\u00e9pond parfaitement aux besoins des utilisateurs recherchant qualit\u00e9 et efficacit\u00e9.<\/p>\n<h3>Caract\u00e9ristiques principales<\/h3>\n<ul>\n<li>Conception robuste<\/li>\n<li>Utilisation simple<\/li>\n<li>Performance fiable<\/li>\n<\/ul>","protected":false},"excerpt":{"rendered":"<p>Canon EOS R10 Appareil Photo Hybride Format APS-C 242 Mpix Noir + Objectif RF-S 18-150mm F35-63 is STM Noir &#8211; produit de qualit\u00e9 con\u00e7u pour un usage quotidien.<\/p>","protected":false},"featured_media":76268,"comment_status":"open","ping_status":"closed","template":"","meta":[],"product_brand":[],"product_cat":[316],"product_tag":[317],"class_list":{"0":"post-76594","1":"product","2":"type-product","3":"status-publish","4":"has-post-thumbnail","6":"product_cat-photo","7":"product_tag-appareil-photo","9":"first","10":"instock","11":"shipping-taxable","12":"product-type-external"},"_links":{"self":[{"href":"https:\/\/joutia.shop\/en\/wp-json\/wp\/v2\/product\/76594","targetHints":{"allow":["GET"]}}],"collection":[{"href":"https:\/\/joutia.shop\/en\/wp-json\/wp\/v2\/product"}],"about":[{"href":"https:\/\/joutia.shop\/en\/wp-json\/wp\/v2\/types\/product"}],"replies":[{"embeddable":true,"href":"https:\/\/joutia.shop\/en\/wp-json\/wp\/v2\/comments?post=76594"}],"wp:featuredmedia":[{"embeddable":true,"href":"https:\/\/joutia.shop\/en\/wp-json\/wp\/v2\/media\/76268"}],"wp:attachment":[{"href":"https:\/\/joutia.shop\/en\/wp-json\/wp\/v2\/media?parent=76594"}],"wp:term":[{"taxonomy":"product_brand","embeddable":true,"href":"https:\/\/joutia.shop\/en\/wp-json\/wp\/v2\/product_brand?post=76594"},{"taxonomy":"product_cat","embeddable":true,"href":"https:\/\/joutia.shop\/en\/wp-json\/wp\/v2\/product_cat?post=76594"},{"taxonomy":"product_tag","embeddable":true,"href":"https:\/\/joutia.shop\/en\/wp-json\/wp\/v2\/product_tag?post=76594"}],"curies":[{"name":"wp","href":"https:\/\/api.w.org\/{rel}","templated":true}]}}