{"id":76580,"date":"2026-03-12T22:56:36","date_gmt":"2026-03-12T22:56:36","guid":{"rendered":"https:\/\/joutia.shop\/?post_type=product&#038;p=76580"},"modified":"2026-03-12T22:56:39","modified_gmt":"2026-03-12T22:56:39","slug":"xiaomi-tv-f-pro-75-190-cm-75-pouces-4k-uhd-qled-smart-tv-fire-tv-controle-vocal-alexa-hdr1060hz-avec-120hz-game-boost-mode-memc-2go32go-compatible-avec-airplay","status":"publish","type":"product","link":"https:\/\/joutia.shop\/en\/product\/xiaomi-tv-f-pro-75-190-cm-75-pouces-4k-uhd-qled-smart-tv-fire-tv-controle-vocal-alexa-hdr1060hz-avec-120hz-game-boost-mode-memc-2go32go-compatible-avec-airplay\/","title":{"rendered":"XIAOMI TV F Pro 75, 190 cm (75 Pouces), 4K UHD QLED, Smart TV, Fire TV, Contr\u00f4le Vocal Alexa, HDR10+,60Hz avec 120Hz Game Boost Mode, MEMC, 2Go+32Go, Compatible avec AirPlay"},"content":{"rendered":"<h2>XIAOMI TV F Pro 75, 190 cm (75 Pouces), 4K UHD QLED, Smart TV, Fire TV, Contr\u00f4le Vocal Alexa, HDR10+,60Hz avec 120Hz Game Boost Mode, MEMC, 2Go+32Go, Compatible avec AirPlay<\/h2>\n<p>Le produit <strong>XIAOMI TV F Pro 75, 190 cm (75 Pouces), 4K UHD QLED, Smart TV, Fire TV, Contr\u00f4le Vocal Alexa, HDR10+,60Hz avec 120Hz Game Boost Mode, MEMC, 2Go+32Go, Compatible avec AirPlay<\/strong> est con\u00e7u pour offrir performance et fiabilit\u00e9.<\/p>\n<p>Ce produit est id\u00e9al pour une utilisation quotidienne et r\u00e9pond parfaitement aux besoins des utilisateurs recherchant qualit\u00e9 et efficacit\u00e9.<\/p>\n<h3>Caract\u00e9ristiques principales<\/h3>\n<ul>\n<li>Conception robuste<\/li>\n<li>Utilisation simple<\/li>\n<li>Performance fiable<\/li>\n<\/ul>","protected":false},"excerpt":{"rendered":"<p>XIAOMI TV F Pro 75, 190 cm (75 Pouces), 4K UHD QLED, Smart TV, Fire TV, Contr\u00f4le Vocal Alexa, HDR10+,60Hz avec 120Hz Game Boost Mode, MEMC, 2Go+32Go, Compatible avec AirPlay &#8211; produit de qualit\u00e9 con\u00e7u pour un usage quotidien.<\/p>","protected":false},"featured_media":75833,"comment_status":"open","ping_status":"closed","template":"","meta":[],"product_brand":[],"product_cat":[314],"product_tag":[315],"class_list":{"0":"post-76580","1":"product","2":"type-product","3":"status-publish","4":"has-post-thumbnail","6":"product_cat-television","7":"product_tag-tv-4k","9":"first","10":"instock","11":"shipping-taxable","12":"product-type-external"},"_links":{"self":[{"href":"https:\/\/joutia.shop\/en\/wp-json\/wp\/v2\/product\/76580","targetHints":{"allow":["GET"]}}],"collection":[{"href":"https:\/\/joutia.shop\/en\/wp-json\/wp\/v2\/product"}],"about":[{"href":"https:\/\/joutia.shop\/en\/wp-json\/wp\/v2\/types\/product"}],"replies":[{"embeddable":true,"href":"https:\/\/joutia.shop\/en\/wp-json\/wp\/v2\/comments?post=76580"}],"wp:featuredmedia":[{"embeddable":true,"href":"https:\/\/joutia.shop\/en\/wp-json\/wp\/v2\/media\/75833"}],"wp:attachment":[{"href":"https:\/\/joutia.shop\/en\/wp-json\/wp\/v2\/media?parent=76580"}],"wp:term":[{"taxonomy":"product_brand","embeddable":true,"href":"https:\/\/joutia.shop\/en\/wp-json\/wp\/v2\/product_brand?post=76580"},{"taxonomy":"product_cat","embeddable":true,"href":"https:\/\/joutia.shop\/en\/wp-json\/wp\/v2\/product_cat?post=76580"},{"taxonomy":"product_tag","embeddable":true,"href":"https:\/\/joutia.shop\/en\/wp-json\/wp\/v2\/product_tag?post=76580"}],"curies":[{"name":"wp","href":"https:\/\/api.w.org\/{rel}","templated":true}]}}