{"id":76575,"date":"2026-03-12T22:56:35","date_gmt":"2026-03-12T22:56:35","guid":{"rendered":"https:\/\/joutia.shop\/?post_type=product&#038;p=76575"},"modified":"2026-03-12T22:56:38","modified_gmt":"2026-03-12T22:56:38","slug":"samsung-qled-4k-q70d-televiseur-55-processeur-ai-quantum-4k-ai-upscaling-tizen-os-motion-xcelerator-120hz-smart-tv-ki-tv-gq55q70datxzg-modele-allemand","status":"publish","type":"product","link":"https:\/\/joutia.shop\/en\/product\/samsung-qled-4k-q70d-televiseur-55-processeur-ai-quantum-4k-ai-upscaling-tizen-os-motion-xcelerator-120hz-smart-tv-ki-tv-gq55q70datxzg-modele-allemand\/","title":{"rendered":"Samsung QLED 4K Q70D T\u00e9l\u00e9viseur 55&Prime; Processeur AI Quantum 4K, AI Upscaling, Tizen OS, Motion Xcelerator 120Hz, Smart TV, KI TV, GQ55Q70DATXZG, mod\u00e8le Allemand"},"content":{"rendered":"<h2>Samsung QLED 4K Q70D T\u00e9l\u00e9viseur 55&Prime; Processeur AI Quantum 4K, AI Upscaling, Tizen OS, Motion Xcelerator 120Hz, Smart TV, KI TV, GQ55Q70DATXZG, mod\u00e8le Allemand<\/h2>\n<p>Le produit <strong>Samsung QLED 4K Q70D T\u00e9l\u00e9viseur 55&Prime; Processeur AI Quantum 4K, AI Upscaling, Tizen OS, Motion Xcelerator 120Hz, Smart TV, KI TV, GQ55Q70DATXZG, mod\u00e8le Allemand<\/strong> est con\u00e7u pour offrir performance et fiabilit\u00e9.<\/p>\n<p>Ce produit est id\u00e9al pour une utilisation quotidienne et r\u00e9pond parfaitement aux besoins des utilisateurs recherchant qualit\u00e9 et efficacit\u00e9.<\/p>\n<h3>Caract\u00e9ristiques principales<\/h3>\n<ul>\n<li>Conception robuste<\/li>\n<li>Utilisation simple<\/li>\n<li>Performance fiable<\/li>\n<\/ul>","protected":false},"excerpt":{"rendered":"<p>Samsung QLED 4K Q70D T\u00e9l\u00e9viseur 55&Prime; Processeur AI Quantum 4K, AI Upscaling, Tizen OS, Motion Xcelerator 120Hz, Smart TV, KI TV, GQ55Q70DATXZG, mod\u00e8le Allemand &#8211; produit de qualit\u00e9 con\u00e7u pour un usage quotidien.<\/p>","protected":false},"featured_media":75954,"comment_status":"open","ping_status":"closed","template":"","meta":[],"product_brand":[],"product_cat":[314],"product_tag":[315],"class_list":{"0":"post-76575","1":"product","2":"type-product","3":"status-publish","4":"has-post-thumbnail","6":"product_cat-television","7":"product_tag-tv-4k","9":"first","10":"instock","11":"shipping-taxable","12":"product-type-external"},"_links":{"self":[{"href":"https:\/\/joutia.shop\/en\/wp-json\/wp\/v2\/product\/76575","targetHints":{"allow":["GET"]}}],"collection":[{"href":"https:\/\/joutia.shop\/en\/wp-json\/wp\/v2\/product"}],"about":[{"href":"https:\/\/joutia.shop\/en\/wp-json\/wp\/v2\/types\/product"}],"replies":[{"embeddable":true,"href":"https:\/\/joutia.shop\/en\/wp-json\/wp\/v2\/comments?post=76575"}],"wp:featuredmedia":[{"embeddable":true,"href":"https:\/\/joutia.shop\/en\/wp-json\/wp\/v2\/media\/75954"}],"wp:attachment":[{"href":"https:\/\/joutia.shop\/en\/wp-json\/wp\/v2\/media?parent=76575"}],"wp:term":[{"taxonomy":"product_brand","embeddable":true,"href":"https:\/\/joutia.shop\/en\/wp-json\/wp\/v2\/product_brand?post=76575"},{"taxonomy":"product_cat","embeddable":true,"href":"https:\/\/joutia.shop\/en\/wp-json\/wp\/v2\/product_cat?post=76575"},{"taxonomy":"product_tag","embeddable":true,"href":"https:\/\/joutia.shop\/en\/wp-json\/wp\/v2\/product_tag?post=76575"}],"curies":[{"name":"wp","href":"https:\/\/api.w.org\/{rel}","templated":true}]}}