{"id":76574,"date":"2026-03-12T22:56:35","date_gmt":"2026-03-12T22:56:35","guid":{"rendered":"https:\/\/joutia.shop\/?post_type=product&#038;p=76574"},"modified":"2026-03-12T22:56:38","modified_gmt":"2026-03-12T22:56:38","slug":"sony-bravia-8-oled-55-pouces-4k-hdr-google-smart-tv-fonctions-gaming-playstation-5-imax-enhanced-dolby-vision-atmos-chromecast-apple-airplay-120hz-k-55xr83","status":"publish","type":"product","link":"https:\/\/joutia.shop\/en\/product\/sony-bravia-8-oled-55-pouces-4k-hdr-google-smart-tv-fonctions-gaming-playstation-5-imax-enhanced-dolby-vision-atmos-chromecast-apple-airplay-120hz-k-55xr83\/","title":{"rendered":"Sony BRAVIA 8 OLED 55 Pouces 4K HDR Google Smart TV |Fonctions Gaming PlayStation 5, IMAX Enhanced, Dolby Vision Atmos, Chromecast, Apple AirPlay, 120Hz K-55XR83"},"content":{"rendered":"<h2>Sony BRAVIA 8 OLED 55 Pouces 4K HDR Google Smart TV |Fonctions Gaming PlayStation 5, IMAX Enhanced, Dolby Vision Atmos, Chromecast, Apple AirPlay, 120Hz K-55XR83<\/h2>\n<p>Le produit <strong>Sony BRAVIA 8 OLED 55 Pouces 4K HDR Google Smart TV |Fonctions Gaming PlayStation 5, IMAX Enhanced, Dolby Vision Atmos, Chromecast, Apple AirPlay, 120Hz K-55XR83<\/strong> est con\u00e7u pour offrir performance et fiabilit\u00e9.<\/p>\n<p>Ce produit est id\u00e9al pour une utilisation quotidienne et r\u00e9pond parfaitement aux besoins des utilisateurs recherchant qualit\u00e9 et efficacit\u00e9.<\/p>\n<h3>Caract\u00e9ristiques principales<\/h3>\n<ul>\n<li>Conception robuste<\/li>\n<li>Utilisation simple<\/li>\n<li>Performance fiable<\/li>\n<\/ul>","protected":false},"excerpt":{"rendered":"<p>Sony BRAVIA 8 OLED 55 Pouces 4K HDR Google Smart TV |Fonctions Gaming PlayStation 5, IMAX Enhanced, Dolby Vision Atmos, Chromecast, Apple AirPlay, 120Hz K-55XR83 &#8211; produit de qualit\u00e9 con\u00e7u pour un usage quotidien.<\/p>","protected":false},"featured_media":75877,"comment_status":"open","ping_status":"closed","template":"","meta":[],"product_brand":[],"product_cat":[314],"product_tag":[315],"class_list":{"0":"post-76574","1":"product","2":"type-product","3":"status-publish","4":"has-post-thumbnail","6":"product_cat-television","7":"product_tag-tv-4k","9":"first","10":"instock","11":"shipping-taxable","12":"product-type-external"},"_links":{"self":[{"href":"https:\/\/joutia.shop\/en\/wp-json\/wp\/v2\/product\/76574","targetHints":{"allow":["GET"]}}],"collection":[{"href":"https:\/\/joutia.shop\/en\/wp-json\/wp\/v2\/product"}],"about":[{"href":"https:\/\/joutia.shop\/en\/wp-json\/wp\/v2\/types\/product"}],"replies":[{"embeddable":true,"href":"https:\/\/joutia.shop\/en\/wp-json\/wp\/v2\/comments?post=76574"}],"wp:featuredmedia":[{"embeddable":true,"href":"https:\/\/joutia.shop\/en\/wp-json\/wp\/v2\/media\/75877"}],"wp:attachment":[{"href":"https:\/\/joutia.shop\/en\/wp-json\/wp\/v2\/media?parent=76574"}],"wp:term":[{"taxonomy":"product_brand","embeddable":true,"href":"https:\/\/joutia.shop\/en\/wp-json\/wp\/v2\/product_brand?post=76574"},{"taxonomy":"product_cat","embeddable":true,"href":"https:\/\/joutia.shop\/en\/wp-json\/wp\/v2\/product_cat?post=76574"},{"taxonomy":"product_tag","embeddable":true,"href":"https:\/\/joutia.shop\/en\/wp-json\/wp\/v2\/product_tag?post=76574"}],"curies":[{"name":"wp","href":"https:\/\/api.w.org\/{rel}","templated":true}]}}