{"id":76572,"date":"2026-03-12T22:56:35","date_gmt":"2026-03-12T22:56:35","guid":{"rendered":"https:\/\/joutia.shop\/?post_type=product&#038;p=76572"},"modified":"2026-03-12T22:56:38","modified_gmt":"2026-03-12T22:56:38","slug":"sony-bravia-kd-32w800-32-pouces-hd-high-dynamic-range-hdr-hdmi-inclus-android-tv-noir","status":"publish","type":"product","link":"https:\/\/joutia.shop\/en\/product\/sony-bravia-kd-32w800-32-pouces-hd-high-dynamic-range-hdr-hdmi-inclus-android-tv-noir\/","title":{"rendered":"Sony BRAVIA KD-32W800-32 Pouces &#8211; HD &#8211; High Dynamic Range (HDR) &#8211; HDMI inclus- Android TV Noir"},"content":{"rendered":"<h2>Sony BRAVIA KD-32W800-32 Pouces &#8211; HD &#8211; High Dynamic Range (HDR) &#8211; HDMI inclus- Android TV Noir<\/h2>\n<p>Le produit <strong>Sony BRAVIA KD-32W800-32 Pouces &#8211; HD &#8211; High Dynamic Range (HDR) &#8211; HDMI inclus- Android TV Noir<\/strong> est con\u00e7u pour offrir performance et fiabilit\u00e9.<\/p>\n<p>Ce produit est id\u00e9al pour une utilisation quotidienne et r\u00e9pond parfaitement aux besoins des utilisateurs recherchant qualit\u00e9 et efficacit\u00e9.<\/p>\n<h3>Caract\u00e9ristiques principales<\/h3>\n<ul>\n<li>Conception robuste<\/li>\n<li>Utilisation simple<\/li>\n<li>Performance fiable<\/li>\n<\/ul>","protected":false},"excerpt":{"rendered":"<p>Sony BRAVIA KD-32W800-32 Pouces &#8211; HD &#8211; High Dynamic Range (HDR) &#8211; HDMI inclus- Android TV Noir &#8211; produit de qualit\u00e9 con\u00e7u pour un usage quotidien.<\/p>","protected":false},"featured_media":76135,"comment_status":"open","ping_status":"closed","template":"","meta":[],"product_brand":[],"product_cat":[314],"product_tag":[315],"class_list":{"0":"post-76572","1":"product","2":"type-product","3":"status-publish","4":"has-post-thumbnail","6":"product_cat-television","7":"product_tag-tv-4k","9":"first","10":"instock","11":"shipping-taxable","12":"product-type-external"},"_links":{"self":[{"href":"https:\/\/joutia.shop\/en\/wp-json\/wp\/v2\/product\/76572","targetHints":{"allow":["GET"]}}],"collection":[{"href":"https:\/\/joutia.shop\/en\/wp-json\/wp\/v2\/product"}],"about":[{"href":"https:\/\/joutia.shop\/en\/wp-json\/wp\/v2\/types\/product"}],"replies":[{"embeddable":true,"href":"https:\/\/joutia.shop\/en\/wp-json\/wp\/v2\/comments?post=76572"}],"wp:featuredmedia":[{"embeddable":true,"href":"https:\/\/joutia.shop\/en\/wp-json\/wp\/v2\/media\/76135"}],"wp:attachment":[{"href":"https:\/\/joutia.shop\/en\/wp-json\/wp\/v2\/media?parent=76572"}],"wp:term":[{"taxonomy":"product_brand","embeddable":true,"href":"https:\/\/joutia.shop\/en\/wp-json\/wp\/v2\/product_brand?post=76572"},{"taxonomy":"product_cat","embeddable":true,"href":"https:\/\/joutia.shop\/en\/wp-json\/wp\/v2\/product_cat?post=76572"},{"taxonomy":"product_tag","embeddable":true,"href":"https:\/\/joutia.shop\/en\/wp-json\/wp\/v2\/product_tag?post=76572"}],"curies":[{"name":"wp","href":"https:\/\/api.w.org\/{rel}","templated":true}]}}