{"id":76557,"date":"2026-03-12T22:56:29","date_gmt":"2026-03-12T22:56:29","guid":{"rendered":"https:\/\/joutia.shop\/?post_type=product&#038;p=76557"},"modified":"2026-03-12T22:56:31","modified_gmt":"2026-03-12T22:56:31","slug":"hisense-65s7n-65-canvastv-4k-qled-google-tv-avec-mode-art-dts-virtualx-dolby-vision-hdr10-hdr10-hlg-taux-de-rafraichissement-de-144-hz-mode-jeu-pro-et-commande-vocale","status":"publish","type":"product","link":"https:\/\/joutia.shop\/en\/product\/hisense-65s7n-65-canvastv-4k-qled-google-tv-avec-mode-art-dts-virtualx-dolby-vision-hdr10-hdr10-hlg-taux-de-rafraichissement-de-144-hz-mode-jeu-pro-et-commande-vocale\/","title":{"rendered":"Hisense 65S7N-65 CanvasTV\u2122 4K QLED Google TV avec Mode Art, DTS Virtual:X, Dolby Vision\/HDR10\/HDR10+\/HLG, taux de rafra\u00eechissement de 144 Hz, Mode Jeu Pro et Commande vocale"},"content":{"rendered":"<h2>Hisense 65S7N-65 CanvasTV\u2122 4K QLED Google TV avec Mode Art, DTS Virtual:X, Dolby Vision\/HDR10\/HDR10+\/HLG, taux de rafra\u00eechissement de 144 Hz, Mode Jeu Pro et Commande vocale<\/h2>\n<p>Le produit <strong>Hisense 65S7N-65 CanvasTV\u2122 4K QLED Google TV avec Mode Art, DTS Virtual:X, Dolby Vision\/HDR10\/HDR10+\/HLG, taux de rafra\u00eechissement de 144 Hz, Mode Jeu Pro et Commande vocale<\/strong> est con\u00e7u pour offrir performance et fiabilit\u00e9.<\/p>\n<p>Ce produit est id\u00e9al pour une utilisation quotidienne et r\u00e9pond parfaitement aux besoins des utilisateurs recherchant qualit\u00e9 et efficacit\u00e9.<\/p>\n<h3>Caract\u00e9ristiques principales<\/h3>\n<ul>\n<li>Conception robuste<\/li>\n<li>Utilisation simple<\/li>\n<li>Performance fiable<\/li>\n<\/ul>","protected":false},"excerpt":{"rendered":"<p>Hisense 65S7N-65 CanvasTV\u2122 4K QLED Google TV avec Mode Art, DTS Virtual:X, Dolby Vision\/HDR10\/HDR10+\/HLG, taux de rafra\u00eechissement de 144 Hz, Mode Jeu Pro et Commande vocale &#8211; produit de qualit\u00e9 con\u00e7u pour un usage quotidien.<\/p>","protected":false},"featured_media":76029,"comment_status":"open","ping_status":"closed","template":"","meta":[],"product_brand":[],"product_cat":[314],"product_tag":[315],"class_list":{"0":"post-76557","1":"product","2":"type-product","3":"status-publish","4":"has-post-thumbnail","6":"product_cat-television","7":"product_tag-tv-4k","9":"first","10":"instock","11":"shipping-taxable","12":"product-type-external"},"_links":{"self":[{"href":"https:\/\/joutia.shop\/en\/wp-json\/wp\/v2\/product\/76557","targetHints":{"allow":["GET"]}}],"collection":[{"href":"https:\/\/joutia.shop\/en\/wp-json\/wp\/v2\/product"}],"about":[{"href":"https:\/\/joutia.shop\/en\/wp-json\/wp\/v2\/types\/product"}],"replies":[{"embeddable":true,"href":"https:\/\/joutia.shop\/en\/wp-json\/wp\/v2\/comments?post=76557"}],"wp:featuredmedia":[{"embeddable":true,"href":"https:\/\/joutia.shop\/en\/wp-json\/wp\/v2\/media\/76029"}],"wp:attachment":[{"href":"https:\/\/joutia.shop\/en\/wp-json\/wp\/v2\/media?parent=76557"}],"wp:term":[{"taxonomy":"product_brand","embeddable":true,"href":"https:\/\/joutia.shop\/en\/wp-json\/wp\/v2\/product_brand?post=76557"},{"taxonomy":"product_cat","embeddable":true,"href":"https:\/\/joutia.shop\/en\/wp-json\/wp\/v2\/product_cat?post=76557"},{"taxonomy":"product_tag","embeddable":true,"href":"https:\/\/joutia.shop\/en\/wp-json\/wp\/v2\/product_tag?post=76557"}],"curies":[{"name":"wp","href":"https:\/\/api.w.org\/{rel}","templated":true}]}}