{"id":76556,"date":"2026-03-12T22:56:29","date_gmt":"2026-03-12T22:56:29","guid":{"rendered":"https:\/\/joutia.shop\/?post_type=product&#038;p=76556"},"modified":"2026-03-12T22:56:31","modified_gmt":"2026-03-12T22:56:31","slug":"roku-smart-tv-2025-serie-select-de-50-pouces-tv-4k-hdr-rokutv-avec-telecommande-vocale-amelioree-television-led-a-ecran-plat-avec-wi-fi-pour-diffuser-des-actualites-loca","status":"publish","type":"product","link":"https:\/\/joutia.shop\/en\/product\/roku-smart-tv-2025-serie-select-de-50-pouces-tv-4k-hdr-rokutv-avec-telecommande-vocale-amelioree-television-led-a-ecran-plat-avec-wi-fi-pour-diffuser-des-actualites-loca\/","title":{"rendered":"Roku Smart TV 2025 \u2013 S\u00e9rie Select de 50 Pouces, TV 4K HDR \u2013 RokuTV avec t\u00e9l\u00e9commande vocale am\u00e9lior\u00e9e \u2013 T\u00e9l\u00e9vision LED \u00e0 \u00e9cran Plat avec Wi-FI pour Diffuser des actualit\u00e9s locales en Direct, des"},"content":{"rendered":"<h2>Roku Smart TV 2025 \u2013 S\u00e9rie Select de 50 Pouces, TV 4K HDR \u2013 RokuTV avec t\u00e9l\u00e9commande vocale am\u00e9lior\u00e9e \u2013 T\u00e9l\u00e9vision LED \u00e0 \u00e9cran Plat avec Wi-FI pour Diffuser des actualit\u00e9s locales en Direct, des<\/h2>\n<p>Le produit <strong>Roku Smart TV 2025 \u2013 S\u00e9rie Select de 50 Pouces, TV 4K HDR \u2013 RokuTV avec t\u00e9l\u00e9commande vocale am\u00e9lior\u00e9e \u2013 T\u00e9l\u00e9vision LED \u00e0 \u00e9cran Plat avec Wi-FI pour Diffuser des actualit\u00e9s locales en Direct, des<\/strong> est con\u00e7u pour offrir performance et fiabilit\u00e9.<\/p>\n<p>Ce produit est id\u00e9al pour une utilisation quotidienne et r\u00e9pond parfaitement aux besoins des utilisateurs recherchant qualit\u00e9 et efficacit\u00e9.<\/p>\n<h3>Caract\u00e9ristiques principales<\/h3>\n<ul>\n<li>Conception robuste<\/li>\n<li>Utilisation simple<\/li>\n<li>Performance fiable<\/li>\n<\/ul>","protected":false},"excerpt":{"rendered":"<p>Roku Smart TV 2025 \u2013 S\u00e9rie Select de 50 Pouces, TV 4K HDR \u2013 RokuTV avec t\u00e9l\u00e9commande vocale am\u00e9lior\u00e9e \u2013 T\u00e9l\u00e9vision LED \u00e0 \u00e9cran Plat avec Wi-FI pour Diffuser des actualit\u00e9s locales en Direct, des &#8211; produit de qualit\u00e9 con\u00e7u pour un usage quotidien.<\/p>","protected":false},"featured_media":76256,"comment_status":"open","ping_status":"closed","template":"","meta":[],"product_brand":[],"product_cat":[314],"product_tag":[315],"class_list":{"0":"post-76556","1":"product","2":"type-product","3":"status-publish","4":"has-post-thumbnail","6":"product_cat-television","7":"product_tag-tv-4k","9":"first","10":"instock","11":"shipping-taxable","12":"product-type-external"},"_links":{"self":[{"href":"https:\/\/joutia.shop\/en\/wp-json\/wp\/v2\/product\/76556","targetHints":{"allow":["GET"]}}],"collection":[{"href":"https:\/\/joutia.shop\/en\/wp-json\/wp\/v2\/product"}],"about":[{"href":"https:\/\/joutia.shop\/en\/wp-json\/wp\/v2\/types\/product"}],"replies":[{"embeddable":true,"href":"https:\/\/joutia.shop\/en\/wp-json\/wp\/v2\/comments?post=76556"}],"wp:featuredmedia":[{"embeddable":true,"href":"https:\/\/joutia.shop\/en\/wp-json\/wp\/v2\/media\/76256"}],"wp:attachment":[{"href":"https:\/\/joutia.shop\/en\/wp-json\/wp\/v2\/media?parent=76556"}],"wp:term":[{"taxonomy":"product_brand","embeddable":true,"href":"https:\/\/joutia.shop\/en\/wp-json\/wp\/v2\/product_brand?post=76556"},{"taxonomy":"product_cat","embeddable":true,"href":"https:\/\/joutia.shop\/en\/wp-json\/wp\/v2\/product_cat?post=76556"},{"taxonomy":"product_tag","embeddable":true,"href":"https:\/\/joutia.shop\/en\/wp-json\/wp\/v2\/product_tag?post=76556"}],"curies":[{"name":"wp","href":"https:\/\/api.w.org\/{rel}","templated":true}]}}