{"id":76547,"date":"2026-03-12T22:56:28","date_gmt":"2026-03-12T22:56:28","guid":{"rendered":"https:\/\/joutia.shop\/?post_type=product&#038;p=76547"},"modified":"2026-03-12T22:56:30","modified_gmt":"2026-03-12T22:56:30","slug":"redstar24-cable-dantenne-10m-blanc-90-coude-coaxial-male-a-femelle-hdtv-premium-pour-television-par-cable-compatible-avec-tv-radio-dvb-t-t2-dvb-c-dab","status":"publish","type":"product","link":"https:\/\/joutia.shop\/en\/product\/redstar24-cable-dantenne-10m-blanc-90-coude-coaxial-male-a-femelle-hdtv-premium-pour-television-par-cable-compatible-avec-tv-radio-dvb-t-t2-dvb-c-dab\/","title":{"rendered":"RedStar24 C\u00e2ble d&rsquo;Antenne 10m Blanc &#8211; 90\u00b0 Coud\u00e9 Coaxial M\u00e2le \u00e0 Femelle | HDTV Premium pour T\u00e9l\u00e9vision par C\u00e2ble | Compatible avec TV, Radio, DVB-T\/T2, DVB-C, DAB"},"content":{"rendered":"<h2>RedStar24 C\u00e2ble d&rsquo;Antenne 10m Blanc &#8211; 90\u00b0 Coud\u00e9 Coaxial M\u00e2le \u00e0 Femelle | HDTV Premium pour T\u00e9l\u00e9vision par C\u00e2ble | Compatible avec TV, Radio, DVB-T\/T2, DVB-C, DAB<\/h2>\n<p>Le produit <strong>RedStar24 C\u00e2ble d&rsquo;Antenne 10m Blanc &#8211; 90\u00b0 Coud\u00e9 Coaxial M\u00e2le \u00e0 Femelle | HDTV Premium pour T\u00e9l\u00e9vision par C\u00e2ble | Compatible avec TV, Radio, DVB-T\/T2, DVB-C, DAB<\/strong> est con\u00e7u pour offrir performance et fiabilit\u00e9.<\/p>\n<p>Ce produit est id\u00e9al pour une utilisation quotidienne et r\u00e9pond parfaitement aux besoins des utilisateurs recherchant qualit\u00e9 et efficacit\u00e9.<\/p>\n<h3>Caract\u00e9ristiques principales<\/h3>\n<ul>\n<li>Conception robuste<\/li>\n<li>Utilisation simple<\/li>\n<li>Performance fiable<\/li>\n<\/ul>","protected":false},"excerpt":{"rendered":"<p>RedStar24 C\u00e2ble d&rsquo;Antenne 10m Blanc &#8211; 90\u00b0 Coud\u00e9 Coaxial M\u00e2le \u00e0 Femelle | HDTV Premium pour T\u00e9l\u00e9vision par C\u00e2ble | Compatible avec TV, Radio, DVB-T\/T2, DVB-C, DAB &#8211; produit de qualit\u00e9 con\u00e7u pour un usage quotidien.<\/p>","protected":false},"featured_media":75377,"comment_status":"open","ping_status":"closed","template":"","meta":[],"product_brand":[],"product_cat":[314],"product_tag":[315],"class_list":{"0":"post-76547","1":"product","2":"type-product","3":"status-publish","4":"has-post-thumbnail","6":"product_cat-television","7":"product_tag-tv-4k","9":"first","10":"instock","11":"shipping-taxable","12":"product-type-external"},"_links":{"self":[{"href":"https:\/\/joutia.shop\/en\/wp-json\/wp\/v2\/product\/76547","targetHints":{"allow":["GET"]}}],"collection":[{"href":"https:\/\/joutia.shop\/en\/wp-json\/wp\/v2\/product"}],"about":[{"href":"https:\/\/joutia.shop\/en\/wp-json\/wp\/v2\/types\/product"}],"replies":[{"embeddable":true,"href":"https:\/\/joutia.shop\/en\/wp-json\/wp\/v2\/comments?post=76547"}],"wp:featuredmedia":[{"embeddable":true,"href":"https:\/\/joutia.shop\/en\/wp-json\/wp\/v2\/media\/75377"}],"wp:attachment":[{"href":"https:\/\/joutia.shop\/en\/wp-json\/wp\/v2\/media?parent=76547"}],"wp:term":[{"taxonomy":"product_brand","embeddable":true,"href":"https:\/\/joutia.shop\/en\/wp-json\/wp\/v2\/product_brand?post=76547"},{"taxonomy":"product_cat","embeddable":true,"href":"https:\/\/joutia.shop\/en\/wp-json\/wp\/v2\/product_cat?post=76547"},{"taxonomy":"product_tag","embeddable":true,"href":"https:\/\/joutia.shop\/en\/wp-json\/wp\/v2\/product_tag?post=76547"}],"curies":[{"name":"wp","href":"https:\/\/api.w.org\/{rel}","templated":true}]}}