{"id":76543,"date":"2026-03-12T22:56:28","date_gmt":"2026-03-12T22:56:28","guid":{"rendered":"https:\/\/joutia.shop\/?post_type=product&#038;p=76543"},"modified":"2026-03-12T22:56:30","modified_gmt":"2026-03-12T22:56:30","slug":"jbl-clip-4-enceinte-bluetooth-portable-blanc-etanche-ip67-etanche-a-la-poussiere-10-heures-dautonomie-mousqueton-integre-design-ultra-portable-style-audacieux-son-riche-professionnel","status":"publish","type":"product","link":"https:\/\/joutia.shop\/en\/product\/jbl-clip-4-enceinte-bluetooth-portable-blanc-etanche-ip67-etanche-a-la-poussiere-10-heures-dautonomie-mousqueton-integre-design-ultra-portable-style-audacieux-son-riche-professionnel\/","title":{"rendered":"JBL Clip 4 Enceinte Bluetooth portable \u2013 Blanc, \u00e9tanche IP67, \u00e9tanche \u00e0 la poussi\u00e8re, 10 heures d&rsquo;autonomie, mousqueton int\u00e9gr\u00e9, design ultra portable, style audacieux, son riche professionnel,"},"content":{"rendered":"<h2>JBL Clip 4 Enceinte Bluetooth portable \u2013 Blanc, \u00e9tanche IP67, \u00e9tanche \u00e0 la poussi\u00e8re, 10 heures d&rsquo;autonomie, mousqueton int\u00e9gr\u00e9, design ultra portable, style audacieux, son riche professionnel,<\/h2>\n<p>Le produit <strong>JBL Clip 4 Enceinte Bluetooth portable \u2013 Blanc, \u00e9tanche IP67, \u00e9tanche \u00e0 la poussi\u00e8re, 10 heures d&rsquo;autonomie, mousqueton int\u00e9gr\u00e9, design ultra portable, style audacieux, son riche professionnel,<\/strong> est con\u00e7u pour offrir performance et fiabilit\u00e9.<\/p>\n<p>Ce produit est id\u00e9al pour une utilisation quotidienne et r\u00e9pond parfaitement aux besoins des utilisateurs recherchant qualit\u00e9 et efficacit\u00e9.<\/p>\n<h3>Caract\u00e9ristiques principales<\/h3>\n<ul>\n<li>Conception robuste<\/li>\n<li>Utilisation simple<\/li>\n<li>Performance fiable<\/li>\n<\/ul>","protected":false},"excerpt":{"rendered":"<p>JBL Clip 4 Enceinte Bluetooth portable \u2013 Blanc, \u00e9tanche IP67, \u00e9tanche \u00e0 la poussi\u00e8re, 10 heures d&rsquo;autonomie, mousqueton int\u00e9gr\u00e9, design ultra portable, style audacieux, son riche professionnel, &#8211; produit de qualit\u00e9 con\u00e7u pour un usage quotidien.<\/p>","protected":false},"featured_media":76109,"comment_status":"open","ping_status":"closed","template":"","meta":[],"product_brand":[],"product_cat":[311],"product_tag":[313],"class_list":{"0":"post-76543","1":"product","2":"type-product","3":"status-publish","4":"has-post-thumbnail","6":"product_cat-audio","7":"product_tag-enceinte-bluetooth","9":"first","10":"instock","11":"shipping-taxable","12":"product-type-external"},"_links":{"self":[{"href":"https:\/\/joutia.shop\/en\/wp-json\/wp\/v2\/product\/76543","targetHints":{"allow":["GET"]}}],"collection":[{"href":"https:\/\/joutia.shop\/en\/wp-json\/wp\/v2\/product"}],"about":[{"href":"https:\/\/joutia.shop\/en\/wp-json\/wp\/v2\/types\/product"}],"replies":[{"embeddable":true,"href":"https:\/\/joutia.shop\/en\/wp-json\/wp\/v2\/comments?post=76543"}],"wp:featuredmedia":[{"embeddable":true,"href":"https:\/\/joutia.shop\/en\/wp-json\/wp\/v2\/media\/76109"}],"wp:attachment":[{"href":"https:\/\/joutia.shop\/en\/wp-json\/wp\/v2\/media?parent=76543"}],"wp:term":[{"taxonomy":"product_brand","embeddable":true,"href":"https:\/\/joutia.shop\/en\/wp-json\/wp\/v2\/product_brand?post=76543"},{"taxonomy":"product_cat","embeddable":true,"href":"https:\/\/joutia.shop\/en\/wp-json\/wp\/v2\/product_cat?post=76543"},{"taxonomy":"product_tag","embeddable":true,"href":"https:\/\/joutia.shop\/en\/wp-json\/wp\/v2\/product_tag?post=76543"}],"curies":[{"name":"wp","href":"https:\/\/api.w.org\/{rel}","templated":true}]}}