{"id":76542,"date":"2026-03-12T22:56:28","date_gmt":"2026-03-12T22:56:28","guid":{"rendered":"https:\/\/joutia.shop\/?post_type=product&#038;p=76542"},"modified":"2026-03-12T22:56:30","modified_gmt":"2026-03-12T22:56:30","slug":"aenllosi-etui-rigide-compatible-avec-jbl-clip-5-enceinte-bluetooth-ultra-portableetui-uniquement-violet","status":"publish","type":"product","link":"https:\/\/joutia.shop\/en\/product\/aenllosi-etui-rigide-compatible-avec-jbl-clip-5-enceinte-bluetooth-ultra-portableetui-uniquement-violet\/","title":{"rendered":"Aenllosi \u00c9tui Rigide Compatible avec JBL Clip 5 Enceinte Bluetooth Ultra Portable(\u00c9tui Uniquement) (Violet)"},"content":{"rendered":"<h2>Aenllosi \u00c9tui Rigide Compatible avec JBL Clip 5 Enceinte Bluetooth Ultra Portable(\u00c9tui Uniquement) (Violet)<\/h2>\n<p>Le produit <strong>Aenllosi \u00c9tui Rigide Compatible avec JBL Clip 5 Enceinte Bluetooth Ultra Portable(\u00c9tui Uniquement) (Violet)<\/strong> est con\u00e7u pour offrir performance et fiabilit\u00e9.<\/p>\n<p>Ce produit est id\u00e9al pour une utilisation quotidienne et r\u00e9pond parfaitement aux besoins des utilisateurs recherchant qualit\u00e9 et efficacit\u00e9.<\/p>\n<h3>Caract\u00e9ristiques principales<\/h3>\n<ul>\n<li>Conception robuste<\/li>\n<li>Utilisation simple<\/li>\n<li>Performance fiable<\/li>\n<\/ul>","protected":false},"excerpt":{"rendered":"<p>Aenllosi \u00c9tui Rigide Compatible avec JBL Clip 5 Enceinte Bluetooth Ultra Portable(\u00c9tui Uniquement) (Violet) &#8211; produit de qualit\u00e9 con\u00e7u pour un usage quotidien.<\/p>","protected":false},"featured_media":75439,"comment_status":"open","ping_status":"closed","template":"","meta":[],"product_brand":[],"product_cat":[311],"product_tag":[313],"class_list":{"0":"post-76542","1":"product","2":"type-product","3":"status-publish","4":"has-post-thumbnail","6":"product_cat-audio","7":"product_tag-enceinte-bluetooth","9":"first","10":"instock","11":"shipping-taxable","12":"product-type-external"},"_links":{"self":[{"href":"https:\/\/joutia.shop\/en\/wp-json\/wp\/v2\/product\/76542","targetHints":{"allow":["GET"]}}],"collection":[{"href":"https:\/\/joutia.shop\/en\/wp-json\/wp\/v2\/product"}],"about":[{"href":"https:\/\/joutia.shop\/en\/wp-json\/wp\/v2\/types\/product"}],"replies":[{"embeddable":true,"href":"https:\/\/joutia.shop\/en\/wp-json\/wp\/v2\/comments?post=76542"}],"wp:featuredmedia":[{"embeddable":true,"href":"https:\/\/joutia.shop\/en\/wp-json\/wp\/v2\/media\/75439"}],"wp:attachment":[{"href":"https:\/\/joutia.shop\/en\/wp-json\/wp\/v2\/media?parent=76542"}],"wp:term":[{"taxonomy":"product_brand","embeddable":true,"href":"https:\/\/joutia.shop\/en\/wp-json\/wp\/v2\/product_brand?post=76542"},{"taxonomy":"product_cat","embeddable":true,"href":"https:\/\/joutia.shop\/en\/wp-json\/wp\/v2\/product_cat?post=76542"},{"taxonomy":"product_tag","embeddable":true,"href":"https:\/\/joutia.shop\/en\/wp-json\/wp\/v2\/product_tag?post=76542"}],"curies":[{"name":"wp","href":"https:\/\/api.w.org\/{rel}","templated":true}]}}