{"id":76537,"date":"2026-03-12T22:56:28","date_gmt":"2026-03-12T22:56:28","guid":{"rendered":"https:\/\/joutia.shop\/?post_type=product&#038;p=76537"},"modified":"2026-03-12T22:56:29","modified_gmt":"2026-03-12T22:56:29","slug":"yamaha-enceinte-portable-sans-fil-true-x-1a-pour-true-x-bar-en-gris-fonce","status":"publish","type":"product","link":"https:\/\/joutia.shop\/en\/product\/yamaha-enceinte-portable-sans-fil-true-x-1a-pour-true-x-bar-en-gris-fonce\/","title":{"rendered":"Yamaha Enceinte portable sans fil TRUE X 1A pour TRUE X BAR &#8211; en Gris fonc\u00e9"},"content":{"rendered":"<h2>Yamaha Enceinte portable sans fil TRUE X 1A pour TRUE X BAR &#8211; en Gris fonc\u00e9<\/h2>\n<p>Le produit <strong>Yamaha Enceinte portable sans fil TRUE X 1A pour TRUE X BAR &#8211; en Gris fonc\u00e9<\/strong> est con\u00e7u pour offrir performance et fiabilit\u00e9.<\/p>\n<p>Ce produit est id\u00e9al pour une utilisation quotidienne et r\u00e9pond parfaitement aux besoins des utilisateurs recherchant qualit\u00e9 et efficacit\u00e9.<\/p>\n<h3>Caract\u00e9ristiques principales<\/h3>\n<ul>\n<li>Conception robuste<\/li>\n<li>Utilisation simple<\/li>\n<li>Performance fiable<\/li>\n<\/ul>","protected":false},"excerpt":{"rendered":"<p>Yamaha Enceinte portable sans fil TRUE X 1A pour TRUE X BAR &#8211; en Gris fonc\u00e9 &#8211; produit de qualit\u00e9 con\u00e7u pour un usage quotidien.<\/p>","protected":false},"featured_media":75820,"comment_status":"open","ping_status":"closed","template":"","meta":[],"product_brand":[],"product_cat":[311],"product_tag":[313],"class_list":{"0":"post-76537","1":"product","2":"type-product","3":"status-publish","4":"has-post-thumbnail","6":"product_cat-audio","7":"product_tag-enceinte-bluetooth","9":"first","10":"instock","11":"shipping-taxable","12":"product-type-external"},"_links":{"self":[{"href":"https:\/\/joutia.shop\/en\/wp-json\/wp\/v2\/product\/76537","targetHints":{"allow":["GET"]}}],"collection":[{"href":"https:\/\/joutia.shop\/en\/wp-json\/wp\/v2\/product"}],"about":[{"href":"https:\/\/joutia.shop\/en\/wp-json\/wp\/v2\/types\/product"}],"replies":[{"embeddable":true,"href":"https:\/\/joutia.shop\/en\/wp-json\/wp\/v2\/comments?post=76537"}],"wp:featuredmedia":[{"embeddable":true,"href":"https:\/\/joutia.shop\/en\/wp-json\/wp\/v2\/media\/75820"}],"wp:attachment":[{"href":"https:\/\/joutia.shop\/en\/wp-json\/wp\/v2\/media?parent=76537"}],"wp:term":[{"taxonomy":"product_brand","embeddable":true,"href":"https:\/\/joutia.shop\/en\/wp-json\/wp\/v2\/product_brand?post=76537"},{"taxonomy":"product_cat","embeddable":true,"href":"https:\/\/joutia.shop\/en\/wp-json\/wp\/v2\/product_cat?post=76537"},{"taxonomy":"product_tag","embeddable":true,"href":"https:\/\/joutia.shop\/en\/wp-json\/wp\/v2\/product_tag?post=76537"}],"curies":[{"name":"wp","href":"https:\/\/api.w.org\/{rel}","templated":true}]}}