{"id":76536,"date":"2026-03-12T22:56:28","date_gmt":"2026-03-12T22:56:28","guid":{"rendered":"https:\/\/joutia.shop\/?post_type=product&#038;p=76536"},"modified":"2026-03-12T22:56:29","modified_gmt":"2026-03-12T22:56:29","slug":"jbl-charge-6-enceinte-bluetooth-portable-sans-fil-28-h-dautonomie-etanche-ip68-resistante-a-la-poussiere-et-aux-chocs-son-jbl-pro-avec-ia-sound-boost-connexion-multi-enceintes-auracast","status":"publish","type":"product","link":"https:\/\/joutia.shop\/en\/product\/jbl-charge-6-enceinte-bluetooth-portable-sans-fil-28-h-dautonomie-etanche-ip68-resistante-a-la-poussiere-et-aux-chocs-son-jbl-pro-avec-ia-sound-boost-connexion-multi-enceintes-auracast\/","title":{"rendered":"JBL Charge 6, Enceinte Bluetooth Portable sans Fil, 28 h d\u2019autonomie, \u00e9tanche IP68, r\u00e9sistante \u00e0 la poussi\u00e8re et aux Chocs, Son JBL Pro avec IA Sound Boost, Connexion Multi-Enceintes Auracast, Noir"},"content":{"rendered":"<h2>JBL Charge 6, Enceinte Bluetooth Portable sans Fil, 28 h d\u2019autonomie, \u00e9tanche IP68, r\u00e9sistante \u00e0 la poussi\u00e8re et aux Chocs, Son JBL Pro avec IA Sound Boost, Connexion Multi-Enceintes Auracast, Noir<\/h2>\n<p>Le produit <strong>JBL Charge 6, Enceinte Bluetooth Portable sans Fil, 28 h d\u2019autonomie, \u00e9tanche IP68, r\u00e9sistante \u00e0 la poussi\u00e8re et aux Chocs, Son JBL Pro avec IA Sound Boost, Connexion Multi-Enceintes Auracast, Noir<\/strong> est con\u00e7u pour offrir performance et fiabilit\u00e9.<\/p>\n<p>Ce produit est id\u00e9al pour une utilisation quotidienne et r\u00e9pond parfaitement aux besoins des utilisateurs recherchant qualit\u00e9 et efficacit\u00e9.<\/p>\n<h3>Caract\u00e9ristiques principales<\/h3>\n<ul>\n<li>Conception robuste<\/li>\n<li>Utilisation simple<\/li>\n<li>Performance fiable<\/li>\n<\/ul>","protected":false},"excerpt":{"rendered":"<p>JBL Charge 6, Enceinte Bluetooth Portable sans Fil, 28 h d\u2019autonomie, \u00e9tanche IP68, r\u00e9sistante \u00e0 la poussi\u00e8re et aux Chocs, Son JBL Pro avec IA Sound Boost, Connexion Multi-Enceintes Auracast, Noir &#8211; produit de qualit\u00e9 con\u00e7u pour un usage quotidien.<\/p>","protected":false},"featured_media":75410,"comment_status":"open","ping_status":"closed","template":"","meta":[],"product_brand":[],"product_cat":[311],"product_tag":[313],"class_list":{"0":"post-76536","1":"product","2":"type-product","3":"status-publish","4":"has-post-thumbnail","6":"product_cat-audio","7":"product_tag-enceinte-bluetooth","9":"first","10":"instock","11":"shipping-taxable","12":"product-type-external"},"_links":{"self":[{"href":"https:\/\/joutia.shop\/en\/wp-json\/wp\/v2\/product\/76536","targetHints":{"allow":["GET"]}}],"collection":[{"href":"https:\/\/joutia.shop\/en\/wp-json\/wp\/v2\/product"}],"about":[{"href":"https:\/\/joutia.shop\/en\/wp-json\/wp\/v2\/types\/product"}],"replies":[{"embeddable":true,"href":"https:\/\/joutia.shop\/en\/wp-json\/wp\/v2\/comments?post=76536"}],"wp:featuredmedia":[{"embeddable":true,"href":"https:\/\/joutia.shop\/en\/wp-json\/wp\/v2\/media\/75410"}],"wp:attachment":[{"href":"https:\/\/joutia.shop\/en\/wp-json\/wp\/v2\/media?parent=76536"}],"wp:term":[{"taxonomy":"product_brand","embeddable":true,"href":"https:\/\/joutia.shop\/en\/wp-json\/wp\/v2\/product_brand?post=76536"},{"taxonomy":"product_cat","embeddable":true,"href":"https:\/\/joutia.shop\/en\/wp-json\/wp\/v2\/product_cat?post=76536"},{"taxonomy":"product_tag","embeddable":true,"href":"https:\/\/joutia.shop\/en\/wp-json\/wp\/v2\/product_tag?post=76536"}],"curies":[{"name":"wp","href":"https:\/\/api.w.org\/{rel}","templated":true}]}}