{"id":76531,"date":"2026-03-12T22:56:23","date_gmt":"2026-03-12T22:56:23","guid":{"rendered":"https:\/\/joutia.shop\/?post_type=product&#038;p=76531"},"modified":"2026-03-12T22:56:26","modified_gmt":"2026-03-12T22:56:26","slug":"jbl-clip-5-haut-parleur-bluetooth-et-etui-de-protection-divvi-sable","status":"publish","type":"product","link":"https:\/\/joutia.shop\/en\/product\/jbl-clip-5-haut-parleur-bluetooth-et-etui-de-protection-divvi-sable\/","title":{"rendered":"JBL Clip 5 Haut-parleur Bluetooth et \u00e9tui de protection Divvi! Sable"},"content":{"rendered":"<h2>JBL Clip 5 Haut-parleur Bluetooth et \u00e9tui de protection Divvi! Sable<\/h2>\n<p>Le produit <strong>JBL Clip 5 Haut-parleur Bluetooth et \u00e9tui de protection Divvi! Sable<\/strong> est con\u00e7u pour offrir performance et fiabilit\u00e9.<\/p>\n<p>Ce produit est id\u00e9al pour une utilisation quotidienne et r\u00e9pond parfaitement aux besoins des utilisateurs recherchant qualit\u00e9 et efficacit\u00e9.<\/p>\n<h3>Caract\u00e9ristiques principales<\/h3>\n<ul>\n<li>Conception robuste<\/li>\n<li>Utilisation simple<\/li>\n<li>Performance fiable<\/li>\n<\/ul>","protected":false},"excerpt":{"rendered":"<p>JBL Clip 5 Haut-parleur Bluetooth et \u00e9tui de protection Divvi! Sable &#8211; produit de qualit\u00e9 con\u00e7u pour un usage quotidien.<\/p>","protected":false},"featured_media":75924,"comment_status":"open","ping_status":"closed","template":"","meta":[],"product_brand":[],"product_cat":[311],"product_tag":[313],"class_list":{"0":"post-76531","1":"product","2":"type-product","3":"status-publish","4":"has-post-thumbnail","6":"product_cat-audio","7":"product_tag-enceinte-bluetooth","9":"first","10":"instock","11":"shipping-taxable","12":"product-type-external"},"_links":{"self":[{"href":"https:\/\/joutia.shop\/en\/wp-json\/wp\/v2\/product\/76531","targetHints":{"allow":["GET"]}}],"collection":[{"href":"https:\/\/joutia.shop\/en\/wp-json\/wp\/v2\/product"}],"about":[{"href":"https:\/\/joutia.shop\/en\/wp-json\/wp\/v2\/types\/product"}],"replies":[{"embeddable":true,"href":"https:\/\/joutia.shop\/en\/wp-json\/wp\/v2\/comments?post=76531"}],"wp:featuredmedia":[{"embeddable":true,"href":"https:\/\/joutia.shop\/en\/wp-json\/wp\/v2\/media\/75924"}],"wp:attachment":[{"href":"https:\/\/joutia.shop\/en\/wp-json\/wp\/v2\/media?parent=76531"}],"wp:term":[{"taxonomy":"product_brand","embeddable":true,"href":"https:\/\/joutia.shop\/en\/wp-json\/wp\/v2\/product_brand?post=76531"},{"taxonomy":"product_cat","embeddable":true,"href":"https:\/\/joutia.shop\/en\/wp-json\/wp\/v2\/product_cat?post=76531"},{"taxonomy":"product_tag","embeddable":true,"href":"https:\/\/joutia.shop\/en\/wp-json\/wp\/v2\/product_tag?post=76531"}],"curies":[{"name":"wp","href":"https:\/\/api.w.org\/{rel}","templated":true}]}}