{"id":76522,"date":"2026-03-12T22:56:22","date_gmt":"2026-03-12T22:56:22","guid":{"rendered":"https:\/\/joutia.shop\/?post_type=product&#038;p=76522"},"modified":"2026-03-12T22:56:25","modified_gmt":"2026-03-12T22:56:25","slug":"massive-audio-doctor-who-bad-wolf-tardis-bluetooth-speaker","status":"publish","type":"product","link":"https:\/\/joutia.shop\/en\/product\/massive-audio-doctor-who-bad-wolf-tardis-bluetooth-speaker\/","title":{"rendered":"Massive Audio Doctor Who Bad Wolf Tardis Bluetooth Speaker"},"content":{"rendered":"<h2>Massive Audio Doctor Who Bad Wolf Tardis Bluetooth Speaker<\/h2>\n<p>Le produit <strong>Massive Audio Doctor Who Bad Wolf Tardis Bluetooth Speaker<\/strong> est con\u00e7u pour offrir performance et fiabilit\u00e9.<\/p>\n<p>Ce produit est id\u00e9al pour une utilisation quotidienne et r\u00e9pond parfaitement aux besoins des utilisateurs recherchant qualit\u00e9 et efficacit\u00e9.<\/p>\n<h3>Caract\u00e9ristiques principales<\/h3>\n<ul>\n<li>Conception robuste<\/li>\n<li>Utilisation simple<\/li>\n<li>Performance fiable<\/li>\n<\/ul>","protected":false},"excerpt":{"rendered":"<p>Massive Audio Doctor Who Bad Wolf Tardis Bluetooth Speaker &#8211; produit de qualit\u00e9 con\u00e7u pour un usage quotidien.<\/p>","protected":false},"featured_media":76279,"comment_status":"open","ping_status":"closed","template":"","meta":[],"product_brand":[],"product_cat":[311],"product_tag":[313],"class_list":{"0":"post-76522","1":"product","2":"type-product","3":"status-publish","4":"has-post-thumbnail","6":"product_cat-audio","7":"product_tag-enceinte-bluetooth","9":"first","10":"instock","11":"shipping-taxable","12":"product-type-external"},"_links":{"self":[{"href":"https:\/\/joutia.shop\/en\/wp-json\/wp\/v2\/product\/76522","targetHints":{"allow":["GET"]}}],"collection":[{"href":"https:\/\/joutia.shop\/en\/wp-json\/wp\/v2\/product"}],"about":[{"href":"https:\/\/joutia.shop\/en\/wp-json\/wp\/v2\/types\/product"}],"replies":[{"embeddable":true,"href":"https:\/\/joutia.shop\/en\/wp-json\/wp\/v2\/comments?post=76522"}],"wp:featuredmedia":[{"embeddable":true,"href":"https:\/\/joutia.shop\/en\/wp-json\/wp\/v2\/media\/76279"}],"wp:attachment":[{"href":"https:\/\/joutia.shop\/en\/wp-json\/wp\/v2\/media?parent=76522"}],"wp:term":[{"taxonomy":"product_brand","embeddable":true,"href":"https:\/\/joutia.shop\/en\/wp-json\/wp\/v2\/product_brand?post=76522"},{"taxonomy":"product_cat","embeddable":true,"href":"https:\/\/joutia.shop\/en\/wp-json\/wp\/v2\/product_cat?post=76522"},{"taxonomy":"product_tag","embeddable":true,"href":"https:\/\/joutia.shop\/en\/wp-json\/wp\/v2\/product_tag?post=76522"}],"curies":[{"name":"wp","href":"https:\/\/api.w.org\/{rel}","templated":true}]}}