{"id":76517,"date":"2026-03-12T22:56:22","date_gmt":"2026-03-12T22:56:22","guid":{"rendered":"https:\/\/joutia.shop\/?post_type=product&#038;p=76517"},"modified":"2026-03-12T22:56:25","modified_gmt":"2026-03-12T22:56:25","slug":"co2crea-housse-en-silicone-compatible-speaker-case-pour-bose-soundlink-flex-2nd-gen-enceinteprotection-en-siliconecomprendre-mousqueton-a-crochet-bandoulierehaut-parleur-non-inclus","status":"publish","type":"product","link":"https:\/\/joutia.shop\/en\/product\/co2crea-housse-en-silicone-compatible-speaker-case-pour-bose-soundlink-flex-2nd-gen-enceinteprotection-en-siliconecomprendre-mousqueton-a-crochet-bandoulierehaut-parleur-non-inclus\/","title":{"rendered":"co2CREA Housse en Silicone Compatible Speaker Case pour Bose SoundLink Flex 2nd Gen Enceinte,Protection en Silicone+Comprendre Mousqueton \u00e0 Crochet +Bandouli\u00e8re(Haut-Parleur Non Inclus)"},"content":{"rendered":"<h2>co2CREA Housse en Silicone Compatible Speaker Case pour Bose SoundLink Flex 2nd Gen Enceinte,Protection en Silicone+Comprendre Mousqueton \u00e0 Crochet +Bandouli\u00e8re(Haut-Parleur Non Inclus)<\/h2>\n<p>Le produit <strong>co2CREA Housse en Silicone Compatible Speaker Case pour Bose SoundLink Flex 2nd Gen Enceinte,Protection en Silicone+Comprendre Mousqueton \u00e0 Crochet +Bandouli\u00e8re(Haut-Parleur Non Inclus)<\/strong> est con\u00e7u pour offrir performance et fiabilit\u00e9.<\/p>\n<p>Ce produit est id\u00e9al pour une utilisation quotidienne et r\u00e9pond parfaitement aux besoins des utilisateurs recherchant qualit\u00e9 et efficacit\u00e9.<\/p>\n<h3>Caract\u00e9ristiques principales<\/h3>\n<ul>\n<li>Conception robuste<\/li>\n<li>Utilisation simple<\/li>\n<li>Performance fiable<\/li>\n<\/ul>","protected":false},"excerpt":{"rendered":"<p>co2CREA Housse en Silicone Compatible Speaker Case pour Bose SoundLink Flex 2nd Gen Enceinte,Protection en Silicone+Comprendre Mousqueton \u00e0 Crochet +Bandouli\u00e8re(Haut-Parleur Non Inclus) &#8211; produit de qualit\u00e9 con\u00e7u pour un usage quotidien.<\/p>","protected":false},"featured_media":75813,"comment_status":"open","ping_status":"closed","template":"","meta":[],"product_brand":[],"product_cat":[311],"product_tag":[313],"class_list":{"0":"post-76517","1":"product","2":"type-product","3":"status-publish","4":"has-post-thumbnail","6":"product_cat-audio","7":"product_tag-enceinte-bluetooth","9":"first","10":"instock","11":"shipping-taxable","12":"product-type-external"},"_links":{"self":[{"href":"https:\/\/joutia.shop\/en\/wp-json\/wp\/v2\/product\/76517","targetHints":{"allow":["GET"]}}],"collection":[{"href":"https:\/\/joutia.shop\/en\/wp-json\/wp\/v2\/product"}],"about":[{"href":"https:\/\/joutia.shop\/en\/wp-json\/wp\/v2\/types\/product"}],"replies":[{"embeddable":true,"href":"https:\/\/joutia.shop\/en\/wp-json\/wp\/v2\/comments?post=76517"}],"wp:featuredmedia":[{"embeddable":true,"href":"https:\/\/joutia.shop\/en\/wp-json\/wp\/v2\/media\/75813"}],"wp:attachment":[{"href":"https:\/\/joutia.shop\/en\/wp-json\/wp\/v2\/media?parent=76517"}],"wp:term":[{"taxonomy":"product_brand","embeddable":true,"href":"https:\/\/joutia.shop\/en\/wp-json\/wp\/v2\/product_brand?post=76517"},{"taxonomy":"product_cat","embeddable":true,"href":"https:\/\/joutia.shop\/en\/wp-json\/wp\/v2\/product_cat?post=76517"},{"taxonomy":"product_tag","embeddable":true,"href":"https:\/\/joutia.shop\/en\/wp-json\/wp\/v2\/product_tag?post=76517"}],"curies":[{"name":"wp","href":"https:\/\/api.w.org\/{rel}","templated":true}]}}