{"id":76489,"date":"2026-03-12T22:56:14","date_gmt":"2026-03-12T22:56:14","guid":{"rendered":"https:\/\/joutia.shop\/?post_type=product&#038;p=76489"},"modified":"2026-03-12T22:56:16","modified_gmt":"2026-03-12T22:56:16","slug":"sennheiser-hd-599-se-casque-gaming-a-dos-ouvert-design-premium-son-naturel-et-equilibre-confort-exceptionnel-casque-ps4-pour-la-musique-le-gaming-les-etudes-et-le-travail-noir","status":"publish","type":"product","link":"https:\/\/joutia.shop\/en\/product\/sennheiser-hd-599-se-casque-gaming-a-dos-ouvert-design-premium-son-naturel-et-equilibre-confort-exceptionnel-casque-ps4-pour-la-musique-le-gaming-les-etudes-et-le-travail-noir\/","title":{"rendered":"Sennheiser HD 599 SE &#8211; Casque Gaming \u00e0 Dos Ouvert, Design Premium, Son Naturel et \u00c9quilibr\u00e9, Confort Exceptionnel, Casque PS4 pour la Musique, le Gaming, les \u00c9tudes et le Travail, Noir"},"content":{"rendered":"<h2>Sennheiser HD 599 SE &#8211; Casque Gaming \u00e0 Dos Ouvert, Design Premium, Son Naturel et \u00c9quilibr\u00e9, Confort Exceptionnel, Casque PS4 pour la Musique, le Gaming, les \u00c9tudes et le Travail, Noir<\/h2>\n<p>Le produit <strong>Sennheiser HD 599 SE &#8211; Casque Gaming \u00e0 Dos Ouvert, Design Premium, Son Naturel et \u00c9quilibr\u00e9, Confort Exceptionnel, Casque PS4 pour la Musique, le Gaming, les \u00c9tudes et le Travail, Noir<\/strong> est con\u00e7u pour offrir performance et fiabilit\u00e9.<\/p>\n<p>Ce produit est id\u00e9al pour une utilisation quotidienne et r\u00e9pond parfaitement aux besoins des utilisateurs recherchant qualit\u00e9 et efficacit\u00e9.<\/p>\n<h3>Caract\u00e9ristiques principales<\/h3>\n<ul>\n<li>Conception robuste<\/li>\n<li>Utilisation simple<\/li>\n<li>Performance fiable<\/li>\n<\/ul>","protected":false},"excerpt":{"rendered":"<p>Sennheiser HD 599 SE &#8211; Casque Gaming \u00e0 Dos Ouvert, Design Premium, Son Naturel et \u00c9quilibr\u00e9, Confort Exceptionnel, Casque PS4 pour la Musique, le Gaming, les \u00c9tudes et le Travail, Noir &#8211; produit de qualit\u00e9 con\u00e7u pour un usage quotidien.<\/p>","protected":false},"featured_media":76278,"comment_status":"open","ping_status":"closed","template":"","meta":[],"product_brand":[],"product_cat":[311],"product_tag":[312],"class_list":{"0":"post-76489","1":"product","2":"type-product","3":"status-publish","4":"has-post-thumbnail","6":"product_cat-audio","7":"product_tag-casque-audio","9":"first","10":"instock","11":"shipping-taxable","12":"product-type-external"},"_links":{"self":[{"href":"https:\/\/joutia.shop\/en\/wp-json\/wp\/v2\/product\/76489","targetHints":{"allow":["GET"]}}],"collection":[{"href":"https:\/\/joutia.shop\/en\/wp-json\/wp\/v2\/product"}],"about":[{"href":"https:\/\/joutia.shop\/en\/wp-json\/wp\/v2\/types\/product"}],"replies":[{"embeddable":true,"href":"https:\/\/joutia.shop\/en\/wp-json\/wp\/v2\/comments?post=76489"}],"wp:featuredmedia":[{"embeddable":true,"href":"https:\/\/joutia.shop\/en\/wp-json\/wp\/v2\/media\/76278"}],"wp:attachment":[{"href":"https:\/\/joutia.shop\/en\/wp-json\/wp\/v2\/media?parent=76489"}],"wp:term":[{"taxonomy":"product_brand","embeddable":true,"href":"https:\/\/joutia.shop\/en\/wp-json\/wp\/v2\/product_brand?post=76489"},{"taxonomy":"product_cat","embeddable":true,"href":"https:\/\/joutia.shop\/en\/wp-json\/wp\/v2\/product_cat?post=76489"},{"taxonomy":"product_tag","embeddable":true,"href":"https:\/\/joutia.shop\/en\/wp-json\/wp\/v2\/product_tag?post=76489"}],"curies":[{"name":"wp","href":"https:\/\/api.w.org\/{rel}","templated":true}]}}