{"id":76488,"date":"2026-03-12T22:56:14","date_gmt":"2026-03-12T22:56:14","guid":{"rendered":"https:\/\/joutia.shop\/?post_type=product&#038;p=76488"},"modified":"2026-03-12T22:56:16","modified_gmt":"2026-03-12T22:56:16","slug":"nothing-headphone-1-casque-circum-aural-sans-fil-avec-reduction-active-du-bruit-80h-autonomie-hi-res-audio-spatial-resistant-a-leau-blanc","status":"publish","type":"product","link":"https:\/\/joutia.shop\/en\/product\/nothing-headphone-1-casque-circum-aural-sans-fil-avec-reduction-active-du-bruit-80h-autonomie-hi-res-audio-spatial-resistant-a-leau-blanc\/","title":{"rendered":"Nothing Headphone (1) Casque Circum-Aural sans Fil avec R\u00e9duction Active du Bruit, 80h Autonomie, Hi-Res, Audio Spatial, R\u00e9sistant \u00e0 l\u2019Eau \u2013 Blanc"},"content":{"rendered":"<h2>Nothing Headphone (1) Casque Circum-Aural sans Fil avec R\u00e9duction Active du Bruit, 80h Autonomie, Hi-Res, Audio Spatial, R\u00e9sistant \u00e0 l\u2019Eau \u2013 Blanc<\/h2>\n<p>Le produit <strong>Nothing Headphone (1) Casque Circum-Aural sans Fil avec R\u00e9duction Active du Bruit, 80h Autonomie, Hi-Res, Audio Spatial, R\u00e9sistant \u00e0 l\u2019Eau \u2013 Blanc<\/strong> est con\u00e7u pour offrir performance et fiabilit\u00e9.<\/p>\n<p>Ce produit est id\u00e9al pour une utilisation quotidienne et r\u00e9pond parfaitement aux besoins des utilisateurs recherchant qualit\u00e9 et efficacit\u00e9.<\/p>\n<h3>Caract\u00e9ristiques principales<\/h3>\n<ul>\n<li>Conception robuste<\/li>\n<li>Utilisation simple<\/li>\n<li>Performance fiable<\/li>\n<\/ul>","protected":false},"excerpt":{"rendered":"<p>Nothing Headphone (1) Casque Circum-Aural sans Fil avec R\u00e9duction Active du Bruit, 80h Autonomie, Hi-Res, Audio Spatial, R\u00e9sistant \u00e0 l\u2019Eau \u2013 Blanc &#8211; produit de qualit\u00e9 con\u00e7u pour un usage quotidien.<\/p>","protected":false},"featured_media":76078,"comment_status":"open","ping_status":"closed","template":"","meta":[],"product_brand":[],"product_cat":[311],"product_tag":[312],"class_list":{"0":"post-76488","1":"product","2":"type-product","3":"status-publish","4":"has-post-thumbnail","6":"product_cat-audio","7":"product_tag-casque-audio","9":"first","10":"instock","11":"shipping-taxable","12":"product-type-external"},"_links":{"self":[{"href":"https:\/\/joutia.shop\/en\/wp-json\/wp\/v2\/product\/76488","targetHints":{"allow":["GET"]}}],"collection":[{"href":"https:\/\/joutia.shop\/en\/wp-json\/wp\/v2\/product"}],"about":[{"href":"https:\/\/joutia.shop\/en\/wp-json\/wp\/v2\/types\/product"}],"replies":[{"embeddable":true,"href":"https:\/\/joutia.shop\/en\/wp-json\/wp\/v2\/comments?post=76488"}],"wp:featuredmedia":[{"embeddable":true,"href":"https:\/\/joutia.shop\/en\/wp-json\/wp\/v2\/media\/76078"}],"wp:attachment":[{"href":"https:\/\/joutia.shop\/en\/wp-json\/wp\/v2\/media?parent=76488"}],"wp:term":[{"taxonomy":"product_brand","embeddable":true,"href":"https:\/\/joutia.shop\/en\/wp-json\/wp\/v2\/product_brand?post=76488"},{"taxonomy":"product_cat","embeddable":true,"href":"https:\/\/joutia.shop\/en\/wp-json\/wp\/v2\/product_cat?post=76488"},{"taxonomy":"product_tag","embeddable":true,"href":"https:\/\/joutia.shop\/en\/wp-json\/wp\/v2\/product_tag?post=76488"}],"curies":[{"name":"wp","href":"https:\/\/api.w.org\/{rel}","templated":true}]}}