{"id":76472,"date":"2026-03-12T22:56:08","date_gmt":"2026-03-12T22:56:08","guid":{"rendered":"https:\/\/joutia.shop\/?post_type=product&#038;p=76472"},"modified":"2026-03-12T22:56:11","modified_gmt":"2026-03-12T22:56:11","slug":"ifecco-casque-audio-enfant-avec-microphonecasque-decoute-a-lumiere-led-pour-chat-avec-etui-casque-bluetooth-sans-fil-enfant-pour-ecole-tablette-telephone","status":"publish","type":"product","link":"https:\/\/joutia.shop\/en\/product\/ifecco-casque-audio-enfant-avec-microphonecasque-decoute-a-lumiere-led-pour-chat-avec-etui-casque-bluetooth-sans-fil-enfant-pour-ecole-tablette-telephone\/","title":{"rendered":"IFECCO Casque Audio Enfant avec Microphone,Casque d&rsquo;\u00e9coute \u00e0 Lumi\u00e8re LED pour Chat avec \u00e9tui Casque Bluetooth sans Fil Enfant pour Ecole Tablette T\u00e9l\u00e9phone"},"content":{"rendered":"<h2>IFECCO Casque Audio Enfant avec Microphone,Casque d&rsquo;\u00e9coute \u00e0 Lumi\u00e8re LED pour Chat avec \u00e9tui Casque Bluetooth sans Fil Enfant pour Ecole Tablette T\u00e9l\u00e9phone<\/h2>\n<p>Le produit <strong>IFECCO Casque Audio Enfant avec Microphone,Casque d&rsquo;\u00e9coute \u00e0 Lumi\u00e8re LED pour Chat avec \u00e9tui Casque Bluetooth sans Fil Enfant pour Ecole Tablette T\u00e9l\u00e9phone<\/strong> est con\u00e7u pour offrir performance et fiabilit\u00e9.<\/p>\n<p>Ce produit est id\u00e9al pour une utilisation quotidienne et r\u00e9pond parfaitement aux besoins des utilisateurs recherchant qualit\u00e9 et efficacit\u00e9.<\/p>\n<h3>Caract\u00e9ristiques principales<\/h3>\n<ul>\n<li>Conception robuste<\/li>\n<li>Utilisation simple<\/li>\n<li>Performance fiable<\/li>\n<\/ul>","protected":false},"excerpt":{"rendered":"<p>IFECCO Casque Audio Enfant avec Microphone,Casque d&rsquo;\u00e9coute \u00e0 Lumi\u00e8re LED pour Chat avec \u00e9tui Casque Bluetooth sans Fil Enfant pour Ecole Tablette T\u00e9l\u00e9phone &#8211; produit de qualit\u00e9 con\u00e7u pour un usage quotidien.<\/p>","protected":false},"featured_media":75962,"comment_status":"open","ping_status":"closed","template":"","meta":[],"product_brand":[],"product_cat":[311],"product_tag":[312],"class_list":{"0":"post-76472","1":"product","2":"type-product","3":"status-publish","4":"has-post-thumbnail","6":"product_cat-audio","7":"product_tag-casque-audio","9":"first","10":"instock","11":"shipping-taxable","12":"product-type-external"},"_links":{"self":[{"href":"https:\/\/joutia.shop\/en\/wp-json\/wp\/v2\/product\/76472","targetHints":{"allow":["GET"]}}],"collection":[{"href":"https:\/\/joutia.shop\/en\/wp-json\/wp\/v2\/product"}],"about":[{"href":"https:\/\/joutia.shop\/en\/wp-json\/wp\/v2\/types\/product"}],"replies":[{"embeddable":true,"href":"https:\/\/joutia.shop\/en\/wp-json\/wp\/v2\/comments?post=76472"}],"wp:featuredmedia":[{"embeddable":true,"href":"https:\/\/joutia.shop\/en\/wp-json\/wp\/v2\/media\/75962"}],"wp:attachment":[{"href":"https:\/\/joutia.shop\/en\/wp-json\/wp\/v2\/media?parent=76472"}],"wp:term":[{"taxonomy":"product_brand","embeddable":true,"href":"https:\/\/joutia.shop\/en\/wp-json\/wp\/v2\/product_brand?post=76472"},{"taxonomy":"product_cat","embeddable":true,"href":"https:\/\/joutia.shop\/en\/wp-json\/wp\/v2\/product_cat?post=76472"},{"taxonomy":"product_tag","embeddable":true,"href":"https:\/\/joutia.shop\/en\/wp-json\/wp\/v2\/product_tag?post=76472"}],"curies":[{"name":"wp","href":"https:\/\/api.w.org\/{rel}","templated":true}]}}