{"id":76464,"date":"2026-03-12T22:56:07","date_gmt":"2026-03-12T22:56:07","guid":{"rendered":"https:\/\/joutia.shop\/?post_type=product&#038;p=76464"},"modified":"2026-03-12T22:56:10","modified_gmt":"2026-03-12T22:56:10","slug":"iclever-casque-audio-pour-ados-hs26-casque-pour-enfant-flaire-pliable-hd-stereo-avec-volume-limite-casque-enfant-pour-lecole","status":"publish","type":"product","link":"https:\/\/joutia.shop\/en\/product\/iclever-casque-audio-pour-ados-hs26-casque-pour-enfant-flaire-pliable-hd-stereo-avec-volume-limite-casque-enfant-pour-lecole\/","title":{"rendered":"iClever Casque Audio pour Ados, HS26 Casque pour Enfant Flaire Pliable HD St\u00e9r\u00e9o avec Volume Limit\u00e9 Casque Enfant pour L&rsquo;\u00e9cole"},"content":{"rendered":"<h2>iClever Casque Audio pour Ados, HS26 Casque pour Enfant Flaire Pliable HD St\u00e9r\u00e9o avec Volume Limit\u00e9 Casque Enfant pour L&rsquo;\u00e9cole<\/h2>\n<p>Le produit <strong>iClever Casque Audio pour Ados, HS26 Casque pour Enfant Flaire Pliable HD St\u00e9r\u00e9o avec Volume Limit\u00e9 Casque Enfant pour L&rsquo;\u00e9cole<\/strong> est con\u00e7u pour offrir performance et fiabilit\u00e9.<\/p>\n<p>Ce produit est id\u00e9al pour une utilisation quotidienne et r\u00e9pond parfaitement aux besoins des utilisateurs recherchant qualit\u00e9 et efficacit\u00e9.<\/p>\n<h3>Caract\u00e9ristiques principales<\/h3>\n<ul>\n<li>Conception robuste<\/li>\n<li>Utilisation simple<\/li>\n<li>Performance fiable<\/li>\n<\/ul>","protected":false},"excerpt":{"rendered":"<p>iClever Casque Audio pour Ados, HS26 Casque pour Enfant Flaire Pliable HD St\u00e9r\u00e9o avec Volume Limit\u00e9 Casque Enfant pour L&rsquo;\u00e9cole &#8211; produit de qualit\u00e9 con\u00e7u pour un usage quotidien.<\/p>","protected":false},"featured_media":76153,"comment_status":"open","ping_status":"closed","template":"","meta":[],"product_brand":[],"product_cat":[311],"product_tag":[312],"class_list":{"0":"post-76464","1":"product","2":"type-product","3":"status-publish","4":"has-post-thumbnail","6":"product_cat-audio","7":"product_tag-casque-audio","9":"first","10":"instock","11":"shipping-taxable","12":"product-type-external"},"_links":{"self":[{"href":"https:\/\/joutia.shop\/en\/wp-json\/wp\/v2\/product\/76464","targetHints":{"allow":["GET"]}}],"collection":[{"href":"https:\/\/joutia.shop\/en\/wp-json\/wp\/v2\/product"}],"about":[{"href":"https:\/\/joutia.shop\/en\/wp-json\/wp\/v2\/types\/product"}],"replies":[{"embeddable":true,"href":"https:\/\/joutia.shop\/en\/wp-json\/wp\/v2\/comments?post=76464"}],"wp:featuredmedia":[{"embeddable":true,"href":"https:\/\/joutia.shop\/en\/wp-json\/wp\/v2\/media\/76153"}],"wp:attachment":[{"href":"https:\/\/joutia.shop\/en\/wp-json\/wp\/v2\/media?parent=76464"}],"wp:term":[{"taxonomy":"product_brand","embeddable":true,"href":"https:\/\/joutia.shop\/en\/wp-json\/wp\/v2\/product_brand?post=76464"},{"taxonomy":"product_cat","embeddable":true,"href":"https:\/\/joutia.shop\/en\/wp-json\/wp\/v2\/product_cat?post=76464"},{"taxonomy":"product_tag","embeddable":true,"href":"https:\/\/joutia.shop\/en\/wp-json\/wp\/v2\/product_tag?post=76464"}],"curies":[{"name":"wp","href":"https:\/\/api.w.org\/{rel}","templated":true}]}}