{"id":76463,"date":"2026-03-12T22:56:07","date_gmt":"2026-03-12T22:56:07","guid":{"rendered":"https:\/\/joutia.shop\/?post_type=product&#038;p=76463"},"modified":"2026-03-12T22:56:10","modified_gmt":"2026-03-12T22:56:10","slug":"qcy-h3-casque-bluetooth-sans-filavec-annulation-active-du-bruithi-res-audio-ldaccasque-anti-bruitconnexion-multipointlecture-60-heuresegaliseur-personnalise-via-appnoir","status":"publish","type":"product","link":"https:\/\/joutia.shop\/en\/product\/qcy-h3-casque-bluetooth-sans-filavec-annulation-active-du-bruithi-res-audio-ldaccasque-anti-bruitconnexion-multipointlecture-60-heuresegaliseur-personnalise-via-appnoir\/","title":{"rendered":"QCY H3 Casque Bluetooth sans Fil,avec Annulation Active du Bruit,Hi-Res Audio LDAC,Casque Anti Bruit,Connexion multipoint,Lecture 60 Heures,\u00e9galiseur personnalis\u00e9 Via App,Noir"},"content":{"rendered":"<h2>QCY H3 Casque Bluetooth sans Fil,avec Annulation Active du Bruit,Hi-Res Audio LDAC,Casque Anti Bruit,Connexion multipoint,Lecture 60 Heures,\u00e9galiseur personnalis\u00e9 Via App,Noir<\/h2>\n<p>Le produit <strong>QCY H3 Casque Bluetooth sans Fil,avec Annulation Active du Bruit,Hi-Res Audio LDAC,Casque Anti Bruit,Connexion multipoint,Lecture 60 Heures,\u00e9galiseur personnalis\u00e9 Via App,Noir<\/strong> est con\u00e7u pour offrir performance et fiabilit\u00e9.<\/p>\n<p>Ce produit est id\u00e9al pour une utilisation quotidienne et r\u00e9pond parfaitement aux besoins des utilisateurs recherchant qualit\u00e9 et efficacit\u00e9.<\/p>\n<h3>Caract\u00e9ristiques principales<\/h3>\n<ul>\n<li>Conception robuste<\/li>\n<li>Utilisation simple<\/li>\n<li>Performance fiable<\/li>\n<\/ul>","protected":false},"excerpt":{"rendered":"<p>QCY H3 Casque Bluetooth sans Fil,avec Annulation Active du Bruit,Hi-Res Audio LDAC,Casque Anti Bruit,Connexion multipoint,Lecture 60 Heures,\u00e9galiseur personnalis\u00e9 Via App,Noir &#8211; produit de qualit\u00e9 con\u00e7u pour un usage quotidien.<\/p>","protected":false},"featured_media":75305,"comment_status":"open","ping_status":"closed","template":"","meta":[],"product_brand":[],"product_cat":[311],"product_tag":[312],"class_list":{"0":"post-76463","1":"product","2":"type-product","3":"status-publish","4":"has-post-thumbnail","6":"product_cat-audio","7":"product_tag-casque-audio","9":"first","10":"instock","11":"shipping-taxable","12":"product-type-external"},"_links":{"self":[{"href":"https:\/\/joutia.shop\/en\/wp-json\/wp\/v2\/product\/76463","targetHints":{"allow":["GET"]}}],"collection":[{"href":"https:\/\/joutia.shop\/en\/wp-json\/wp\/v2\/product"}],"about":[{"href":"https:\/\/joutia.shop\/en\/wp-json\/wp\/v2\/types\/product"}],"replies":[{"embeddable":true,"href":"https:\/\/joutia.shop\/en\/wp-json\/wp\/v2\/comments?post=76463"}],"wp:featuredmedia":[{"embeddable":true,"href":"https:\/\/joutia.shop\/en\/wp-json\/wp\/v2\/media\/75305"}],"wp:attachment":[{"href":"https:\/\/joutia.shop\/en\/wp-json\/wp\/v2\/media?parent=76463"}],"wp:term":[{"taxonomy":"product_brand","embeddable":true,"href":"https:\/\/joutia.shop\/en\/wp-json\/wp\/v2\/product_brand?post=76463"},{"taxonomy":"product_cat","embeddable":true,"href":"https:\/\/joutia.shop\/en\/wp-json\/wp\/v2\/product_cat?post=76463"},{"taxonomy":"product_tag","embeddable":true,"href":"https:\/\/joutia.shop\/en\/wp-json\/wp\/v2\/product_tag?post=76463"}],"curies":[{"name":"wp","href":"https:\/\/api.w.org\/{rel}","templated":true}]}}