{"id":76459,"date":"2026-03-12T22:56:07","date_gmt":"2026-03-12T22:56:07","guid":{"rendered":"https:\/\/joutia.shop\/?post_type=product&#038;p=76459"},"modified":"2026-03-12T22:56:09","modified_gmt":"2026-03-12T22:56:09","slug":"powerlocus-casque-bluetooth-pour-enfant-casque-audio-sans-fil-pour-enfants-casque-stereo-avec-microphone-et-85db-volume-limite-confortable-ecouteurs-reglable-et-pliable-pour-smartphonetablet-etc","status":"publish","type":"product","link":"https:\/\/joutia.shop\/en\/product\/powerlocus-casque-bluetooth-pour-enfant-casque-audio-sans-fil-pour-enfants-casque-stereo-avec-microphone-et-85db-volume-limite-confortable-ecouteurs-reglable-et-pliable-pour-smartphonetablet-etc\/","title":{"rendered":"PowerLocus Casque Bluetooth pour Enfant, Casque Audio Sans fil pour Enfants, Casque ste\u0301re\u0301o avec Microphone et 85DB Volume limit\u00e9, Confortable \u00e9couteurs R\u00e9glable et Pliable pour Smartphone,Tablet etc"},"content":{"rendered":"<h2>PowerLocus Casque Bluetooth pour Enfant, Casque Audio Sans fil pour Enfants, Casque ste\u0301re\u0301o avec Microphone et 85DB Volume limit\u00e9, Confortable \u00e9couteurs R\u00e9glable et Pliable pour Smartphone,Tablet etc<\/h2>\n<p>Le produit <strong>PowerLocus Casque Bluetooth pour Enfant, Casque Audio Sans fil pour Enfants, Casque ste\u0301re\u0301o avec Microphone et 85DB Volume limit\u00e9, Confortable \u00e9couteurs R\u00e9glable et Pliable pour Smartphone,Tablet etc<\/strong> est con\u00e7u pour offrir performance et fiabilit\u00e9.<\/p>\n<p>Ce produit est id\u00e9al pour une utilisation quotidienne et r\u00e9pond parfaitement aux besoins des utilisateurs recherchant qualit\u00e9 et efficacit\u00e9.<\/p>\n<h3>Caract\u00e9ristiques principales<\/h3>\n<ul>\n<li>Conception robuste<\/li>\n<li>Utilisation simple<\/li>\n<li>Performance fiable<\/li>\n<\/ul>","protected":false},"excerpt":{"rendered":"<p>PowerLocus Casque Bluetooth pour Enfant, Casque Audio Sans fil pour Enfants, Casque ste\u0301re\u0301o avec Microphone et 85DB Volume limit\u00e9, Confortable \u00e9couteurs R\u00e9glable et Pliable pour Smartphone,Tablet etc &#8211; produit de qualit\u00e9 con\u00e7u pour un usage quotidien.<\/p>","protected":false},"featured_media":76161,"comment_status":"open","ping_status":"closed","template":"","meta":[],"product_brand":[],"product_cat":[311],"product_tag":[312],"class_list":{"0":"post-76459","1":"product","2":"type-product","3":"status-publish","4":"has-post-thumbnail","6":"product_cat-audio","7":"product_tag-casque-audio","9":"first","10":"instock","11":"shipping-taxable","12":"product-type-external"},"_links":{"self":[{"href":"https:\/\/joutia.shop\/en\/wp-json\/wp\/v2\/product\/76459","targetHints":{"allow":["GET"]}}],"collection":[{"href":"https:\/\/joutia.shop\/en\/wp-json\/wp\/v2\/product"}],"about":[{"href":"https:\/\/joutia.shop\/en\/wp-json\/wp\/v2\/types\/product"}],"replies":[{"embeddable":true,"href":"https:\/\/joutia.shop\/en\/wp-json\/wp\/v2\/comments?post=76459"}],"wp:featuredmedia":[{"embeddable":true,"href":"https:\/\/joutia.shop\/en\/wp-json\/wp\/v2\/media\/76161"}],"wp:attachment":[{"href":"https:\/\/joutia.shop\/en\/wp-json\/wp\/v2\/media?parent=76459"}],"wp:term":[{"taxonomy":"product_brand","embeddable":true,"href":"https:\/\/joutia.shop\/en\/wp-json\/wp\/v2\/product_brand?post=76459"},{"taxonomy":"product_cat","embeddable":true,"href":"https:\/\/joutia.shop\/en\/wp-json\/wp\/v2\/product_cat?post=76459"},{"taxonomy":"product_tag","embeddable":true,"href":"https:\/\/joutia.shop\/en\/wp-json\/wp\/v2\/product_tag?post=76459"}],"curies":[{"name":"wp","href":"https:\/\/api.w.org\/{rel}","templated":true}]}}