{"id":76452,"date":"2026-03-12T22:56:07","date_gmt":"2026-03-12T22:56:07","guid":{"rendered":"https:\/\/joutia.shop\/?post_type=product&#038;p=76452"},"modified":"2026-03-12T22:56:09","modified_gmt":"2026-03-12T22:56:09","slug":"apple-airpods-pro-2-ecouteurs-sans-fil-casques-et-ecouteurs-bluetooth-reduction-active-du-bruit-appareil-auditif-mode-transparence-audio-spatial-personnalise-son-haute-fidelite-recharge-usb-c","status":"publish","type":"product","link":"https:\/\/joutia.shop\/en\/product\/apple-airpods-pro-2-ecouteurs-sans-fil-casques-et-ecouteurs-bluetooth-reduction-active-du-bruit-appareil-auditif-mode-transparence-audio-spatial-personnalise-son-haute-fidelite-recharge-usb-c\/","title":{"rendered":"Apple AirPods Pro 2 \u00c9couteurs sans Fil, Casques et \u00e9couteurs Bluetooth, R\u00e9duction Active du Bruit, Appareil auditif, Mode Transparence, Audio Spatial personnalis\u00e9, Son Haute-fid\u00e9lit\u00e9, Recharge USB-C"},"content":{"rendered":"<h2>Apple AirPods Pro 2 \u00c9couteurs sans Fil, Casques et \u00e9couteurs Bluetooth, R\u00e9duction Active du Bruit, Appareil auditif, Mode Transparence, Audio Spatial personnalis\u00e9, Son Haute-fid\u00e9lit\u00e9, Recharge USB-C<\/h2>\n<p>Le produit <strong>Apple AirPods Pro 2 \u00c9couteurs sans Fil, Casques et \u00e9couteurs Bluetooth, R\u00e9duction Active du Bruit, Appareil auditif, Mode Transparence, Audio Spatial personnalis\u00e9, Son Haute-fid\u00e9lit\u00e9, Recharge USB-C<\/strong> est con\u00e7u pour offrir performance et fiabilit\u00e9.<\/p>\n<p>Ce produit est id\u00e9al pour une utilisation quotidienne et r\u00e9pond parfaitement aux besoins des utilisateurs recherchant qualit\u00e9 et efficacit\u00e9.<\/p>\n<h3>Caract\u00e9ristiques principales<\/h3>\n<ul>\n<li>Conception robuste<\/li>\n<li>Utilisation simple<\/li>\n<li>Performance fiable<\/li>\n<\/ul>","protected":false},"excerpt":{"rendered":"<p>Apple AirPods Pro 2 \u00c9couteurs sans Fil, Casques et \u00e9couteurs Bluetooth, R\u00e9duction Active du Bruit, Appareil auditif, Mode Transparence, Audio Spatial personnalis\u00e9, Son Haute-fid\u00e9lit\u00e9, Recharge USB-C &#8211; produit de qualit\u00e9 con\u00e7u pour un usage quotidien.<\/p>","protected":false},"featured_media":75701,"comment_status":"open","ping_status":"closed","template":"","meta":[],"product_brand":[],"product_cat":[311],"product_tag":[312],"class_list":{"0":"post-76452","1":"product","2":"type-product","3":"status-publish","4":"has-post-thumbnail","6":"product_cat-audio","7":"product_tag-casque-audio","9":"first","10":"instock","11":"shipping-taxable","12":"product-type-external"},"_links":{"self":[{"href":"https:\/\/joutia.shop\/en\/wp-json\/wp\/v2\/product\/76452","targetHints":{"allow":["GET"]}}],"collection":[{"href":"https:\/\/joutia.shop\/en\/wp-json\/wp\/v2\/product"}],"about":[{"href":"https:\/\/joutia.shop\/en\/wp-json\/wp\/v2\/types\/product"}],"replies":[{"embeddable":true,"href":"https:\/\/joutia.shop\/en\/wp-json\/wp\/v2\/comments?post=76452"}],"wp:featuredmedia":[{"embeddable":true,"href":"https:\/\/joutia.shop\/en\/wp-json\/wp\/v2\/media\/75701"}],"wp:attachment":[{"href":"https:\/\/joutia.shop\/en\/wp-json\/wp\/v2\/media?parent=76452"}],"wp:term":[{"taxonomy":"product_brand","embeddable":true,"href":"https:\/\/joutia.shop\/en\/wp-json\/wp\/v2\/product_brand?post=76452"},{"taxonomy":"product_cat","embeddable":true,"href":"https:\/\/joutia.shop\/en\/wp-json\/wp\/v2\/product_cat?post=76452"},{"taxonomy":"product_tag","embeddable":true,"href":"https:\/\/joutia.shop\/en\/wp-json\/wp\/v2\/product_tag?post=76452"}],"curies":[{"name":"wp","href":"https:\/\/api.w.org\/{rel}","templated":true}]}}