{"id":76446,"date":"2026-03-12T22:56:07","date_gmt":"2026-03-12T22:56:07","guid":{"rendered":"https:\/\/joutia.shop\/?post_type=product&#038;p=76446"},"modified":"2026-03-12T22:56:08","modified_gmt":"2026-03-12T22:56:08","slug":"casque-audio-pour-enfant-k11-par-noot-products-pliable-stereo-sans-enchevetrements-jack-35-mm-on-ear-pour-enfants-garcons-filles-ipad-kindle-ecole-avion-tablette","status":"publish","type":"product","link":"https:\/\/joutia.shop\/en\/product\/casque-audio-pour-enfant-k11-par-noot-products-pliable-stereo-sans-enchevetrements-jack-35-mm-on-ear-pour-enfants-garcons-filles-ipad-kindle-ecole-avion-tablette\/","title":{"rendered":"Casque Audio pour Enfant K11 par Noot Products &#8211; Pliable &#8211; St\u00e9r\u00e9o -sans enchev\u00eatrements &#8211; Jack 3,5 mm &#8211; on-Ear &#8211; pour Enfants\/Gar\u00e7ons\/Filles\/iPad\/Kindle\/\u00c9cole\/Avion\/Tablette"},"content":{"rendered":"<h2>Casque Audio pour Enfant K11 par Noot Products &#8211; Pliable &#8211; St\u00e9r\u00e9o -sans enchev\u00eatrements &#8211; Jack 3,5 mm &#8211; on-Ear &#8211; pour Enfants\/Gar\u00e7ons\/Filles\/iPad\/Kindle\/\u00c9cole\/Avion\/Tablette<\/h2>\n<p>Le produit <strong>Casque Audio pour Enfant K11 par Noot Products &#8211; Pliable &#8211; St\u00e9r\u00e9o -sans enchev\u00eatrements &#8211; Jack 3,5 mm &#8211; on-Ear &#8211; pour Enfants\/Gar\u00e7ons\/Filles\/iPad\/Kindle\/\u00c9cole\/Avion\/Tablette<\/strong> est con\u00e7u pour offrir performance et fiabilit\u00e9.<\/p>\n<p>Ce produit est id\u00e9al pour une utilisation quotidienne et r\u00e9pond parfaitement aux besoins des utilisateurs recherchant qualit\u00e9 et efficacit\u00e9.<\/p>\n<h3>Caract\u00e9ristiques principales<\/h3>\n<ul>\n<li>Conception robuste<\/li>\n<li>Utilisation simple<\/li>\n<li>Performance fiable<\/li>\n<\/ul>","protected":false},"excerpt":{"rendered":"<p>Casque Audio pour Enfant K11 par Noot Products &#8211; Pliable &#8211; St\u00e9r\u00e9o -sans enchev\u00eatrements &#8211; Jack 3,5 mm &#8211; on-Ear &#8211; pour Enfants\/Gar\u00e7ons\/Filles\/iPad\/Kindle\/\u00c9cole\/Avion\/Tablette &#8211; produit de qualit\u00e9 con\u00e7u pour un usage quotidien.<\/p>","protected":false},"featured_media":75791,"comment_status":"open","ping_status":"closed","template":"","meta":[],"product_brand":[],"product_cat":[311],"product_tag":[312],"class_list":{"0":"post-76446","1":"product","2":"type-product","3":"status-publish","4":"has-post-thumbnail","6":"product_cat-audio","7":"product_tag-casque-audio","9":"first","10":"instock","11":"shipping-taxable","12":"product-type-external"},"_links":{"self":[{"href":"https:\/\/joutia.shop\/en\/wp-json\/wp\/v2\/product\/76446","targetHints":{"allow":["GET"]}}],"collection":[{"href":"https:\/\/joutia.shop\/en\/wp-json\/wp\/v2\/product"}],"about":[{"href":"https:\/\/joutia.shop\/en\/wp-json\/wp\/v2\/types\/product"}],"replies":[{"embeddable":true,"href":"https:\/\/joutia.shop\/en\/wp-json\/wp\/v2\/comments?post=76446"}],"wp:featuredmedia":[{"embeddable":true,"href":"https:\/\/joutia.shop\/en\/wp-json\/wp\/v2\/media\/75791"}],"wp:attachment":[{"href":"https:\/\/joutia.shop\/en\/wp-json\/wp\/v2\/media?parent=76446"}],"wp:term":[{"taxonomy":"product_brand","embeddable":true,"href":"https:\/\/joutia.shop\/en\/wp-json\/wp\/v2\/product_brand?post=76446"},{"taxonomy":"product_cat","embeddable":true,"href":"https:\/\/joutia.shop\/en\/wp-json\/wp\/v2\/product_cat?post=76446"},{"taxonomy":"product_tag","embeddable":true,"href":"https:\/\/joutia.shop\/en\/wp-json\/wp\/v2\/product_tag?post=76446"}],"curies":[{"name":"wp","href":"https:\/\/api.w.org\/{rel}","templated":true}]}}