{"id":76432,"date":"2026-03-12T22:56:01","date_gmt":"2026-03-12T22:56:01","guid":{"rendered":"https:\/\/joutia.shop\/?post_type=product&#038;p=76432"},"modified":"2026-03-12T22:56:04","modified_gmt":"2026-03-12T22:56:04","slug":"sam-galaxy-tab-s8-ultra-eu-512-16-0g-gy-wifi-512-16-graphit","status":"publish","type":"product","link":"https:\/\/joutia.shop\/en\/product\/sam-galaxy-tab-s8-ultra-eu-512-16-0g-gy-wifi-512-16-graphit\/","title":{"rendered":"Sam Galaxy Tab S8 Ultra EU 512-16-0G-gy WiFi 512\/16 Graphit"},"content":{"rendered":"<h2>Sam Galaxy Tab S8 Ultra EU 512-16-0G-gy WiFi 512\/16 Graphit<\/h2>\n<p>Le produit <strong>Sam Galaxy Tab S8 Ultra EU 512-16-0G-gy WiFi 512\/16 Graphit<\/strong> est con\u00e7u pour offrir performance et fiabilit\u00e9.<\/p>\n<p>Ce produit est id\u00e9al pour une utilisation quotidienne et r\u00e9pond parfaitement aux besoins des utilisateurs recherchant qualit\u00e9 et efficacit\u00e9.<\/p>\n<h3>Caract\u00e9ristiques principales<\/h3>\n<ul>\n<li>Conception robuste<\/li>\n<li>Utilisation simple<\/li>\n<li>Performance fiable<\/li>\n<\/ul>","protected":false},"excerpt":{"rendered":"<p>Sam Galaxy Tab S8 Ultra EU 512-16-0G-gy WiFi 512\/16 Graphit &#8211; produit de qualit\u00e9 con\u00e7u pour un usage quotidien.<\/p>","protected":false},"featured_media":75277,"comment_status":"open","ping_status":"closed","template":"","meta":[],"product_brand":[],"product_cat":[309],"product_tag":[310],"class_list":{"0":"post-76432","1":"product","2":"type-product","3":"status-publish","4":"has-post-thumbnail","6":"product_cat-tablette","7":"product_tag-tablette","9":"first","10":"instock","11":"shipping-taxable","12":"product-type-external"},"_links":{"self":[{"href":"https:\/\/joutia.shop\/en\/wp-json\/wp\/v2\/product\/76432","targetHints":{"allow":["GET"]}}],"collection":[{"href":"https:\/\/joutia.shop\/en\/wp-json\/wp\/v2\/product"}],"about":[{"href":"https:\/\/joutia.shop\/en\/wp-json\/wp\/v2\/types\/product"}],"replies":[{"embeddable":true,"href":"https:\/\/joutia.shop\/en\/wp-json\/wp\/v2\/comments?post=76432"}],"wp:featuredmedia":[{"embeddable":true,"href":"https:\/\/joutia.shop\/en\/wp-json\/wp\/v2\/media\/75277"}],"wp:attachment":[{"href":"https:\/\/joutia.shop\/en\/wp-json\/wp\/v2\/media?parent=76432"}],"wp:term":[{"taxonomy":"product_brand","embeddable":true,"href":"https:\/\/joutia.shop\/en\/wp-json\/wp\/v2\/product_brand?post=76432"},{"taxonomy":"product_cat","embeddable":true,"href":"https:\/\/joutia.shop\/en\/wp-json\/wp\/v2\/product_cat?post=76432"},{"taxonomy":"product_tag","embeddable":true,"href":"https:\/\/joutia.shop\/en\/wp-json\/wp\/v2\/product_tag?post=76432"}],"curies":[{"name":"wp","href":"https:\/\/api.w.org\/{rel}","templated":true}]}}