{"id":76428,"date":"2026-03-12T22:56:00","date_gmt":"2026-03-12T22:56:00","guid":{"rendered":"https:\/\/joutia.shop\/?post_type=product&#038;p=76428"},"modified":"2026-03-12T22:56:04","modified_gmt":"2026-03-12T22:56:04","slug":"blackview-active-10-pro-tablette-incassable-5g-lte%ef%bc%8c30000mah-36go-ram-512go-rom-tablette-robuste-11-pouces-fhd-camera-108mp50mp-dimensity-7300-android-14-wifi-6-gps-vision-nocturne","status":"publish","type":"product","link":"https:\/\/joutia.shop\/en\/product\/blackview-active-10-pro-tablette-incassable-5g-lte%ef%bc%8c30000mah-36go-ram-512go-rom-tablette-robuste-11-pouces-fhd-camera-108mp50mp-dimensity-7300-android-14-wifi-6-gps-vision-nocturne\/","title":{"rendered":"Blackview Active 10 Pro Tablette Incassable 5G LTE\uff0c30000mAh, 36Go RAM + 512Go ROM Tablette Robuste 11 Pouces FHD+ Cam\u00e9ra 108MP+50MP Dimensity 7300 Android 14, WiFi 6\/GPS\/Vision Nocturne"},"content":{"rendered":"<h2>Blackview Active 10 Pro Tablette Incassable 5G LTE\uff0c30000mAh, 36Go RAM + 512Go ROM Tablette Robuste 11 Pouces FHD+ Cam\u00e9ra 108MP+50MP Dimensity 7300 Android 14, WiFi 6\/GPS\/Vision Nocturne<\/h2>\n<p>Le produit <strong>Blackview Active 10 Pro Tablette Incassable 5G LTE\uff0c30000mAh, 36Go RAM + 512Go ROM Tablette Robuste 11 Pouces FHD+ Cam\u00e9ra 108MP+50MP Dimensity 7300 Android 14, WiFi 6\/GPS\/Vision Nocturne<\/strong> est con\u00e7u pour offrir performance et fiabilit\u00e9.<\/p>\n<p>Ce produit est id\u00e9al pour une utilisation quotidienne et r\u00e9pond parfaitement aux besoins des utilisateurs recherchant qualit\u00e9 et efficacit\u00e9.<\/p>\n<h3>Caract\u00e9ristiques principales<\/h3>\n<ul>\n<li>Conception robuste<\/li>\n<li>Utilisation simple<\/li>\n<li>Performance fiable<\/li>\n<\/ul>","protected":false},"excerpt":{"rendered":"<p>Blackview Active 10 Pro Tablette Incassable 5G LTE\uff0c30000mAh, 36Go RAM + 512Go ROM Tablette Robuste 11 Pouces FHD+ Cam\u00e9ra 108MP+50MP Dimensity 7300 Android 14, WiFi 6\/GPS\/Vision Nocturne &#8211; produit de qualit\u00e9 con\u00e7u pour un usage quotidien.<\/p>","protected":false},"featured_media":76290,"comment_status":"open","ping_status":"closed","template":"","meta":[],"product_brand":[],"product_cat":[309],"product_tag":[310],"class_list":{"0":"post-76428","1":"product","2":"type-product","3":"status-publish","4":"has-post-thumbnail","6":"product_cat-tablette","7":"product_tag-tablette","9":"first","10":"instock","11":"shipping-taxable","12":"product-type-external"},"_links":{"self":[{"href":"https:\/\/joutia.shop\/en\/wp-json\/wp\/v2\/product\/76428","targetHints":{"allow":["GET"]}}],"collection":[{"href":"https:\/\/joutia.shop\/en\/wp-json\/wp\/v2\/product"}],"about":[{"href":"https:\/\/joutia.shop\/en\/wp-json\/wp\/v2\/types\/product"}],"replies":[{"embeddable":true,"href":"https:\/\/joutia.shop\/en\/wp-json\/wp\/v2\/comments?post=76428"}],"wp:featuredmedia":[{"embeddable":true,"href":"https:\/\/joutia.shop\/en\/wp-json\/wp\/v2\/media\/76290"}],"wp:attachment":[{"href":"https:\/\/joutia.shop\/en\/wp-json\/wp\/v2\/media?parent=76428"}],"wp:term":[{"taxonomy":"product_brand","embeddable":true,"href":"https:\/\/joutia.shop\/en\/wp-json\/wp\/v2\/product_brand?post=76428"},{"taxonomy":"product_cat","embeddable":true,"href":"https:\/\/joutia.shop\/en\/wp-json\/wp\/v2\/product_cat?post=76428"},{"taxonomy":"product_tag","embeddable":true,"href":"https:\/\/joutia.shop\/en\/wp-json\/wp\/v2\/product_tag?post=76428"}],"curies":[{"name":"wp","href":"https:\/\/api.w.org\/{rel}","templated":true}]}}