{"id":76424,"date":"2026-03-12T22:56:00","date_gmt":"2026-03-12T22:56:00","guid":{"rendered":"https:\/\/joutia.shop\/?post_type=product&#038;p=76424"},"modified":"2026-03-12T22:56:03","modified_gmt":"2026-03-12T22:56:03","slug":"xiaomi-pad-7-tablette-279-cm-11-pouces-wi-fi-256-go-8-go-ram-gris","status":"publish","type":"product","link":"https:\/\/joutia.shop\/en\/product\/xiaomi-pad-7-tablette-279-cm-11-pouces-wi-fi-256-go-8-go-ram-gris\/","title":{"rendered":"XIAOMI Pad 7, Tablette 27,9 cm (11 pouces), Wi-Fi, 256 Go, 8 Go RAM, Gris"},"content":{"rendered":"<h2>XIAOMI Pad 7, Tablette 27,9 cm (11 pouces), Wi-Fi, 256 Go, 8 Go RAM, Gris<\/h2>\n<p>Le produit <strong>XIAOMI Pad 7, Tablette 27,9 cm (11 pouces), Wi-Fi, 256 Go, 8 Go RAM, Gris<\/strong> est con\u00e7u pour offrir performance et fiabilit\u00e9.<\/p>\n<p>Ce produit est id\u00e9al pour une utilisation quotidienne et r\u00e9pond parfaitement aux besoins des utilisateurs recherchant qualit\u00e9 et efficacit\u00e9.<\/p>\n<h3>Caract\u00e9ristiques principales<\/h3>\n<ul>\n<li>Conception robuste<\/li>\n<li>Utilisation simple<\/li>\n<li>Performance fiable<\/li>\n<\/ul>","protected":false},"excerpt":{"rendered":"<p>XIAOMI Pad 7, Tablette 27,9 cm (11 pouces), Wi-Fi, 256 Go, 8 Go RAM, Gris &#8211; produit de qualit\u00e9 con\u00e7u pour un usage quotidien.<\/p>","protected":false},"featured_media":75879,"comment_status":"open","ping_status":"closed","template":"","meta":[],"product_brand":[],"product_cat":[309],"product_tag":[310],"class_list":{"0":"post-76424","1":"product","2":"type-product","3":"status-publish","4":"has-post-thumbnail","6":"product_cat-tablette","7":"product_tag-tablette","9":"first","10":"instock","11":"shipping-taxable","12":"product-type-external"},"_links":{"self":[{"href":"https:\/\/joutia.shop\/en\/wp-json\/wp\/v2\/product\/76424","targetHints":{"allow":["GET"]}}],"collection":[{"href":"https:\/\/joutia.shop\/en\/wp-json\/wp\/v2\/product"}],"about":[{"href":"https:\/\/joutia.shop\/en\/wp-json\/wp\/v2\/types\/product"}],"replies":[{"embeddable":true,"href":"https:\/\/joutia.shop\/en\/wp-json\/wp\/v2\/comments?post=76424"}],"wp:featuredmedia":[{"embeddable":true,"href":"https:\/\/joutia.shop\/en\/wp-json\/wp\/v2\/media\/75879"}],"wp:attachment":[{"href":"https:\/\/joutia.shop\/en\/wp-json\/wp\/v2\/media?parent=76424"}],"wp:term":[{"taxonomy":"product_brand","embeddable":true,"href":"https:\/\/joutia.shop\/en\/wp-json\/wp\/v2\/product_brand?post=76424"},{"taxonomy":"product_cat","embeddable":true,"href":"https:\/\/joutia.shop\/en\/wp-json\/wp\/v2\/product_cat?post=76424"},{"taxonomy":"product_tag","embeddable":true,"href":"https:\/\/joutia.shop\/en\/wp-json\/wp\/v2\/product_tag?post=76424"}],"curies":[{"name":"wp","href":"https:\/\/api.w.org\/{rel}","templated":true}]}}