{"id":76421,"date":"2026-03-12T22:56:00","date_gmt":"2026-03-12T22:56:00","guid":{"rendered":"https:\/\/joutia.shop\/?post_type=product&#038;p=76421"},"modified":"2026-03-12T22:56:03","modified_gmt":"2026-03-12T22:56:03","slug":"samsung-galaxy-tab-s8-11-128go-anthracite-wifi","status":"publish","type":"product","link":"https:\/\/joutia.shop\/en\/product\/samsung-galaxy-tab-s8-11-128go-anthracite-wifi\/","title":{"rendered":"Samsung Galaxy Tab S8 11\u00a0\u00bb 128Go Anthracite Wifi"},"content":{"rendered":"<h2>Samsung Galaxy Tab S8 11\u00a0\u00bb 128Go Anthracite Wifi<\/h2>\n<p>Le produit <strong>Samsung Galaxy Tab S8 11\u00a0\u00bb 128Go Anthracite Wifi<\/strong> est con\u00e7u pour offrir performance et fiabilit\u00e9.<\/p>\n<p>Ce produit est id\u00e9al pour une utilisation quotidienne et r\u00e9pond parfaitement aux besoins des utilisateurs recherchant qualit\u00e9 et efficacit\u00e9.<\/p>\n<h3>Caract\u00e9ristiques principales<\/h3>\n<ul>\n<li>Conception robuste<\/li>\n<li>Utilisation simple<\/li>\n<li>Performance fiable<\/li>\n<\/ul>","protected":false},"excerpt":{"rendered":"<p>Samsung Galaxy Tab S8 11\u00a0\u00bb 128Go Anthracite Wifi &#8211; produit de qualit\u00e9 con\u00e7u pour un usage quotidien.<\/p>","protected":false},"featured_media":76114,"comment_status":"open","ping_status":"closed","template":"","meta":[],"product_brand":[],"product_cat":[309],"product_tag":[310],"class_list":{"0":"post-76421","1":"product","2":"type-product","3":"status-publish","4":"has-post-thumbnail","6":"product_cat-tablette","7":"product_tag-tablette","9":"first","10":"instock","11":"shipping-taxable","12":"product-type-external"},"_links":{"self":[{"href":"https:\/\/joutia.shop\/en\/wp-json\/wp\/v2\/product\/76421","targetHints":{"allow":["GET"]}}],"collection":[{"href":"https:\/\/joutia.shop\/en\/wp-json\/wp\/v2\/product"}],"about":[{"href":"https:\/\/joutia.shop\/en\/wp-json\/wp\/v2\/types\/product"}],"replies":[{"embeddable":true,"href":"https:\/\/joutia.shop\/en\/wp-json\/wp\/v2\/comments?post=76421"}],"wp:featuredmedia":[{"embeddable":true,"href":"https:\/\/joutia.shop\/en\/wp-json\/wp\/v2\/media\/76114"}],"wp:attachment":[{"href":"https:\/\/joutia.shop\/en\/wp-json\/wp\/v2\/media?parent=76421"}],"wp:term":[{"taxonomy":"product_brand","embeddable":true,"href":"https:\/\/joutia.shop\/en\/wp-json\/wp\/v2\/product_brand?post=76421"},{"taxonomy":"product_cat","embeddable":true,"href":"https:\/\/joutia.shop\/en\/wp-json\/wp\/v2\/product_cat?post=76421"},{"taxonomy":"product_tag","embeddable":true,"href":"https:\/\/joutia.shop\/en\/wp-json\/wp\/v2\/product_tag?post=76421"}],"curies":[{"name":"wp","href":"https:\/\/api.w.org\/{rel}","templated":true}]}}