{"id":76417,"date":"2026-03-12T22:56:00","date_gmt":"2026-03-12T22:56:00","guid":{"rendered":"https:\/\/joutia.shop\/?post_type=product&#038;p=76417"},"modified":"2026-03-12T22:56:02","modified_gmt":"2026-03-12T22:56:02","slug":"lenovo-idea-tab-tablette-college-ecran-tactile-ips-11%e2%80%b3-2-5k-90hz-mediatek-dimensity-6300-8-go-de-memoire-256-go-de-stockage-bras-integre-mali-g57-mc2-tab-pen-et-etui-folio","status":"publish","type":"product","link":"https:\/\/joutia.shop\/en\/product\/lenovo-idea-tab-tablette-college-ecran-tactile-ips-11%e2%80%b3-2-5k-90hz-mediatek-dimensity-6300-8-go-de-memoire-256-go-de-stockage-bras-integre-mali-g57-mc2-tab-pen-et-etui-folio\/","title":{"rendered":"Lenovo Idea Tab &#8211; Tablette College &#8211; \u00c9cran tactile IPS 11\u2033 2.5K &#8211; 90Hz &#8211; MediaTek Dimensity 6300-8 Go de m\u00e9moire &#8211; 256 Go de stockage &#8211; Bras int\u00e9gr\u00e9 Mali-G57 MC2 Tab Pen et \u00e9tui folio"},"content":{"rendered":"<h2>Lenovo Idea Tab &#8211; Tablette College &#8211; \u00c9cran tactile IPS 11\u2033 2.5K &#8211; 90Hz &#8211; MediaTek Dimensity 6300-8 Go de m\u00e9moire &#8211; 256 Go de stockage &#8211; Bras int\u00e9gr\u00e9 Mali-G57 MC2 Tab Pen et \u00e9tui folio<\/h2>\n<p>Le produit <strong>Lenovo Idea Tab &#8211; Tablette College &#8211; \u00c9cran tactile IPS 11\u2033 2.5K &#8211; 90Hz &#8211; MediaTek Dimensity 6300-8 Go de m\u00e9moire &#8211; 256 Go de stockage &#8211; Bras int\u00e9gr\u00e9 Mali-G57 MC2 Tab Pen et \u00e9tui folio<\/strong> est con\u00e7u pour offrir performance et fiabilit\u00e9.<\/p>\n<p>Ce produit est id\u00e9al pour une utilisation quotidienne et r\u00e9pond parfaitement aux besoins des utilisateurs recherchant qualit\u00e9 et efficacit\u00e9.<\/p>\n<h3>Caract\u00e9ristiques principales<\/h3>\n<ul>\n<li>Conception robuste<\/li>\n<li>Utilisation simple<\/li>\n<li>Performance fiable<\/li>\n<\/ul>","protected":false},"excerpt":{"rendered":"<p>Lenovo Idea Tab &#8211; Tablette College &#8211; \u00c9cran tactile IPS 11\u2033 2.5K &#8211; 90Hz &#8211; MediaTek Dimensity 6300-8 Go de m\u00e9moire &#8211; 256 Go de stockage &#8211; Bras int\u00e9gr\u00e9 Mali-G57 MC2 Tab Pen et \u00e9tui folio &#8211; produit de qualit\u00e9 con\u00e7u pour un usage quotidien.<\/p>","protected":false},"featured_media":75850,"comment_status":"open","ping_status":"closed","template":"","meta":[],"product_brand":[],"product_cat":[309],"product_tag":[310],"class_list":{"0":"post-76417","1":"product","2":"type-product","3":"status-publish","4":"has-post-thumbnail","6":"product_cat-tablette","7":"product_tag-tablette","9":"first","10":"instock","11":"shipping-taxable","12":"product-type-external"},"_links":{"self":[{"href":"https:\/\/joutia.shop\/en\/wp-json\/wp\/v2\/product\/76417","targetHints":{"allow":["GET"]}}],"collection":[{"href":"https:\/\/joutia.shop\/en\/wp-json\/wp\/v2\/product"}],"about":[{"href":"https:\/\/joutia.shop\/en\/wp-json\/wp\/v2\/types\/product"}],"replies":[{"embeddable":true,"href":"https:\/\/joutia.shop\/en\/wp-json\/wp\/v2\/comments?post=76417"}],"wp:featuredmedia":[{"embeddable":true,"href":"https:\/\/joutia.shop\/en\/wp-json\/wp\/v2\/media\/75850"}],"wp:attachment":[{"href":"https:\/\/joutia.shop\/en\/wp-json\/wp\/v2\/media?parent=76417"}],"wp:term":[{"taxonomy":"product_brand","embeddable":true,"href":"https:\/\/joutia.shop\/en\/wp-json\/wp\/v2\/product_brand?post=76417"},{"taxonomy":"product_cat","embeddable":true,"href":"https:\/\/joutia.shop\/en\/wp-json\/wp\/v2\/product_cat?post=76417"},{"taxonomy":"product_tag","embeddable":true,"href":"https:\/\/joutia.shop\/en\/wp-json\/wp\/v2\/product_tag?post=76417"}],"curies":[{"name":"wp","href":"https:\/\/api.w.org\/{rel}","templated":true}]}}