{"id":76409,"date":"2026-03-12T22:55:53","date_gmt":"2026-03-12T22:55:53","guid":{"rendered":"https:\/\/joutia.shop\/?post_type=product&#038;p=76409"},"modified":"2026-03-12T22:55:56","modified_gmt":"2026-03-12T22:55:56","slug":"xiaomi-redmi-pad-2-pro-tablet-6gb128gb-12-1-2-5k-crystal-clear-display-with-up-to-120hz-refresh-rate-4nm-processor-snapdragon-7s-gen-4-mobile-platform-massive-12000mah-battery-black","status":"publish","type":"product","link":"https:\/\/joutia.shop\/en\/product\/xiaomi-redmi-pad-2-pro-tablet-6gb128gb-12-1-2-5k-crystal-clear-display-with-up-to-120hz-refresh-rate-4nm-processor-snapdragon-7s-gen-4-mobile-platform-massive-12000mah-battery-black\/","title":{"rendered":"XIAOMI Redmi Pad 2 Pro Tablet 6GB+128GB 12.1&Prime; 2.5K Crystal-Clear Display with up to 120Hz Refresh Rate 4nm Processor Snapdragon\u00ae 7s Gen 4 Mobile Platform, Massive 12000mAh Battery (Black)"},"content":{"rendered":"<h2>XIAOMI Redmi Pad 2 Pro Tablet 6GB+128GB 12.1&Prime; 2.5K Crystal-Clear Display with up to 120Hz Refresh Rate 4nm Processor Snapdragon\u00ae 7s Gen 4 Mobile Platform, Massive 12000mAh Battery (Black)<\/h2>\n<p>Le produit <strong>XIAOMI Redmi Pad 2 Pro Tablet 6GB+128GB 12.1&Prime; 2.5K Crystal-Clear Display with up to 120Hz Refresh Rate 4nm Processor Snapdragon\u00ae 7s Gen 4 Mobile Platform, Massive 12000mAh Battery (Black)<\/strong> est con\u00e7u pour offrir performance et fiabilit\u00e9.<\/p>\n<p>Ce produit est id\u00e9al pour une utilisation quotidienne et r\u00e9pond parfaitement aux besoins des utilisateurs recherchant qualit\u00e9 et efficacit\u00e9.<\/p>\n<h3>Caract\u00e9ristiques principales<\/h3>\n<ul>\n<li>Conception robuste<\/li>\n<li>Utilisation simple<\/li>\n<li>Performance fiable<\/li>\n<\/ul>","protected":false},"excerpt":{"rendered":"<p>XIAOMI Redmi Pad 2 Pro Tablet 6GB+128GB 12.1&Prime; 2.5K Crystal-Clear Display with up to 120Hz Refresh Rate 4nm Processor Snapdragon\u00ae 7s Gen 4 Mobile Platform, Massive 12000mAh Battery (Black) &#8211; produit de qualit\u00e9 con\u00e7u pour un usage quotidien.<\/p>","protected":false},"featured_media":75699,"comment_status":"open","ping_status":"closed","template":"","meta":[],"product_brand":[],"product_cat":[309],"product_tag":[310],"class_list":{"0":"post-76409","1":"product","2":"type-product","3":"status-publish","4":"has-post-thumbnail","6":"product_cat-tablette","7":"product_tag-tablette","9":"first","10":"instock","11":"shipping-taxable","12":"product-type-external"},"_links":{"self":[{"href":"https:\/\/joutia.shop\/en\/wp-json\/wp\/v2\/product\/76409","targetHints":{"allow":["GET"]}}],"collection":[{"href":"https:\/\/joutia.shop\/en\/wp-json\/wp\/v2\/product"}],"about":[{"href":"https:\/\/joutia.shop\/en\/wp-json\/wp\/v2\/types\/product"}],"replies":[{"embeddable":true,"href":"https:\/\/joutia.shop\/en\/wp-json\/wp\/v2\/comments?post=76409"}],"wp:featuredmedia":[{"embeddable":true,"href":"https:\/\/joutia.shop\/en\/wp-json\/wp\/v2\/media\/75699"}],"wp:attachment":[{"href":"https:\/\/joutia.shop\/en\/wp-json\/wp\/v2\/media?parent=76409"}],"wp:term":[{"taxonomy":"product_brand","embeddable":true,"href":"https:\/\/joutia.shop\/en\/wp-json\/wp\/v2\/product_brand?post=76409"},{"taxonomy":"product_cat","embeddable":true,"href":"https:\/\/joutia.shop\/en\/wp-json\/wp\/v2\/product_cat?post=76409"},{"taxonomy":"product_tag","embeddable":true,"href":"https:\/\/joutia.shop\/en\/wp-json\/wp\/v2\/product_tag?post=76409"}],"curies":[{"name":"wp","href":"https:\/\/api.w.org\/{rel}","templated":true}]}}