{"id":76408,"date":"2026-03-12T22:55:53","date_gmt":"2026-03-12T22:55:53","guid":{"rendered":"https:\/\/joutia.shop\/?post_type=product&#038;p=76408"},"modified":"2026-03-12T22:55:56","modified_gmt":"2026-03-12T22:55:56","slug":"apple-ipad-air-13-pouces-avec-puce-m3-apple-intelligence-ecran-liquid-retina-128-go-cameras-avant-arriere-12-mpx-wi-fi-6e-touch-id-autonomie-dune-journee-gris-sideral","status":"publish","type":"product","link":"https:\/\/joutia.shop\/en\/product\/apple-ipad-air-13-pouces-avec-puce-m3-apple-intelligence-ecran-liquid-retina-128-go-cameras-avant-arriere-12-mpx-wi-fi-6e-touch-id-autonomie-dune-journee-gris-sideral\/","title":{"rendered":"Apple iPad Air 13 Pouces avec Puce M3 : Apple Intelligence, \u00e9cran Liquid Retina, 128 Go, cam\u00e9ras Avant\/arri\u00e8re 12 Mpx, Wi-FI 6E, Touch ID, autonomie d\u2019Une journ\u00e9e \u2013 Gris sid\u00e9ral"},"content":{"rendered":"<h2>Apple iPad Air 13 Pouces avec Puce M3 : Apple Intelligence, \u00e9cran Liquid Retina, 128 Go, cam\u00e9ras Avant\/arri\u00e8re 12 Mpx, Wi-FI 6E, Touch ID, autonomie d\u2019Une journ\u00e9e \u2013 Gris sid\u00e9ral<\/h2>\n<p>Le produit <strong>Apple iPad Air 13 Pouces avec Puce M3 : Apple Intelligence, \u00e9cran Liquid Retina, 128 Go, cam\u00e9ras Avant\/arri\u00e8re 12 Mpx, Wi-FI 6E, Touch ID, autonomie d\u2019Une journ\u00e9e \u2013 Gris sid\u00e9ral<\/strong> est con\u00e7u pour offrir performance et fiabilit\u00e9.<\/p>\n<p>Ce produit est id\u00e9al pour une utilisation quotidienne et r\u00e9pond parfaitement aux besoins des utilisateurs recherchant qualit\u00e9 et efficacit\u00e9.<\/p>\n<h3>Caract\u00e9ristiques principales<\/h3>\n<ul>\n<li>Conception robuste<\/li>\n<li>Utilisation simple<\/li>\n<li>Performance fiable<\/li>\n<\/ul>","protected":false},"excerpt":{"rendered":"<p>Apple iPad Air 13 Pouces avec Puce M3 : Apple Intelligence, \u00e9cran Liquid Retina, 128 Go, cam\u00e9ras Avant\/arri\u00e8re 12 Mpx, Wi-FI 6E, Touch ID, autonomie d\u2019Une journ\u00e9e \u2013 Gris sid\u00e9ral &#8211; produit de qualit\u00e9 con\u00e7u pour un usage quotidien.<\/p>","protected":false},"featured_media":75509,"comment_status":"open","ping_status":"closed","template":"","meta":[],"product_brand":[],"product_cat":[309],"product_tag":[310],"class_list":{"0":"post-76408","1":"product","2":"type-product","3":"status-publish","4":"has-post-thumbnail","6":"product_cat-tablette","7":"product_tag-tablette","9":"first","10":"instock","11":"shipping-taxable","12":"product-type-external"},"_links":{"self":[{"href":"https:\/\/joutia.shop\/en\/wp-json\/wp\/v2\/product\/76408","targetHints":{"allow":["GET"]}}],"collection":[{"href":"https:\/\/joutia.shop\/en\/wp-json\/wp\/v2\/product"}],"about":[{"href":"https:\/\/joutia.shop\/en\/wp-json\/wp\/v2\/types\/product"}],"replies":[{"embeddable":true,"href":"https:\/\/joutia.shop\/en\/wp-json\/wp\/v2\/comments?post=76408"}],"wp:featuredmedia":[{"embeddable":true,"href":"https:\/\/joutia.shop\/en\/wp-json\/wp\/v2\/media\/75509"}],"wp:attachment":[{"href":"https:\/\/joutia.shop\/en\/wp-json\/wp\/v2\/media?parent=76408"}],"wp:term":[{"taxonomy":"product_brand","embeddable":true,"href":"https:\/\/joutia.shop\/en\/wp-json\/wp\/v2\/product_brand?post=76408"},{"taxonomy":"product_cat","embeddable":true,"href":"https:\/\/joutia.shop\/en\/wp-json\/wp\/v2\/product_cat?post=76408"},{"taxonomy":"product_tag","embeddable":true,"href":"https:\/\/joutia.shop\/en\/wp-json\/wp\/v2\/product_tag?post=76408"}],"curies":[{"name":"wp","href":"https:\/\/api.w.org\/{rel}","templated":true}]}}