{"id":76402,"date":"2026-03-12T22:55:53","date_gmt":"2026-03-12T22:55:53","guid":{"rendered":"https:\/\/joutia.shop\/?post_type=product&#038;p=76402"},"modified":"2026-03-12T22:55:55","modified_gmt":"2026-03-12T22:55:55","slug":"xiaomi-redmi-pad-2-11-8gb-256gb-wifi-grun-mint-green","status":"publish","type":"product","link":"https:\/\/joutia.shop\/en\/product\/xiaomi-redmi-pad-2-11-8gb-256gb-wifi-grun-mint-green\/","title":{"rendered":"Xiaomi Redmi Pad 2 11&Prime; 8GB\/256GB WiFi Gr\u00fcn (Mint Green)"},"content":{"rendered":"<h2>Xiaomi Redmi Pad 2 11&Prime; 8GB\/256GB WiFi Gr\u00fcn (Mint Green)<\/h2>\n<p>Le produit <strong>Xiaomi Redmi Pad 2 11&Prime; 8GB\/256GB WiFi Gr\u00fcn (Mint Green)<\/strong> est con\u00e7u pour offrir performance et fiabilit\u00e9.<\/p>\n<p>Ce produit est id\u00e9al pour une utilisation quotidienne et r\u00e9pond parfaitement aux besoins des utilisateurs recherchant qualit\u00e9 et efficacit\u00e9.<\/p>\n<h3>Caract\u00e9ristiques principales<\/h3>\n<ul>\n<li>Conception robuste<\/li>\n<li>Utilisation simple<\/li>\n<li>Performance fiable<\/li>\n<\/ul>","protected":false},"excerpt":{"rendered":"<p>Xiaomi Redmi Pad 2 11&Prime; 8GB\/256GB WiFi Gr\u00fcn (Mint Green) &#8211; produit de qualit\u00e9 con\u00e7u pour un usage quotidien.<\/p>","protected":false},"featured_media":75553,"comment_status":"open","ping_status":"closed","template":"","meta":[],"product_brand":[],"product_cat":[309],"product_tag":[310],"class_list":{"0":"post-76402","1":"product","2":"type-product","3":"status-publish","4":"has-post-thumbnail","6":"product_cat-tablette","7":"product_tag-tablette","9":"first","10":"instock","11":"shipping-taxable","12":"product-type-external"},"_links":{"self":[{"href":"https:\/\/joutia.shop\/en\/wp-json\/wp\/v2\/product\/76402","targetHints":{"allow":["GET"]}}],"collection":[{"href":"https:\/\/joutia.shop\/en\/wp-json\/wp\/v2\/product"}],"about":[{"href":"https:\/\/joutia.shop\/en\/wp-json\/wp\/v2\/types\/product"}],"replies":[{"embeddable":true,"href":"https:\/\/joutia.shop\/en\/wp-json\/wp\/v2\/comments?post=76402"}],"wp:featuredmedia":[{"embeddable":true,"href":"https:\/\/joutia.shop\/en\/wp-json\/wp\/v2\/media\/75553"}],"wp:attachment":[{"href":"https:\/\/joutia.shop\/en\/wp-json\/wp\/v2\/media?parent=76402"}],"wp:term":[{"taxonomy":"product_brand","embeddable":true,"href":"https:\/\/joutia.shop\/en\/wp-json\/wp\/v2\/product_brand?post=76402"},{"taxonomy":"product_cat","embeddable":true,"href":"https:\/\/joutia.shop\/en\/wp-json\/wp\/v2\/product_cat?post=76402"},{"taxonomy":"product_tag","embeddable":true,"href":"https:\/\/joutia.shop\/en\/wp-json\/wp\/v2\/product_tag?post=76402"}],"curies":[{"name":"wp","href":"https:\/\/api.w.org\/{rel}","templated":true}]}}