{"id":76399,"date":"2026-03-12T22:55:53","date_gmt":"2026-03-12T22:55:53","guid":{"rendered":"https:\/\/joutia.shop\/?post_type=product&#038;p=76399"},"modified":"2026-03-12T22:55:55","modified_gmt":"2026-03-12T22:55:55","slug":"kids-tablet-7-inch-android-13-tablet-for-kids-7-inch-with-case-32gb-parental-control-dual-camera-wifi-gift","status":"publish","type":"product","link":"https:\/\/joutia.shop\/en\/product\/kids-tablet-7-inch-android-13-tablet-for-kids-7-inch-with-case-32gb-parental-control-dual-camera-wifi-gift\/","title":{"rendered":"Kids Tablet 7 inch. Android 13 Tablet for Kids 7 inch with Case, 32GB, Parental Control, Dual Camera, WiFi, Gift"},"content":{"rendered":"<h2>Kids Tablet 7 inch. Android 13 Tablet for Kids 7 inch with Case, 32GB, Parental Control, Dual Camera, WiFi, Gift<\/h2>\n<p>Le produit <strong>Kids Tablet 7 inch. Android 13 Tablet for Kids 7 inch with Case, 32GB, Parental Control, Dual Camera, WiFi, Gift<\/strong> est con\u00e7u pour offrir performance et fiabilit\u00e9.<\/p>\n<p>Ce produit est id\u00e9al pour une utilisation quotidienne et r\u00e9pond parfaitement aux besoins des utilisateurs recherchant qualit\u00e9 et efficacit\u00e9.<\/p>\n<h3>Caract\u00e9ristiques principales<\/h3>\n<ul>\n<li>Conception robuste<\/li>\n<li>Utilisation simple<\/li>\n<li>Performance fiable<\/li>\n<\/ul>","protected":false},"excerpt":{"rendered":"<p>Kids Tablet 7 inch. Android 13 Tablet for Kids 7 inch with Case, 32GB, Parental Control, Dual Camera, WiFi, Gift &#8211; produit de qualit\u00e9 con\u00e7u pour un usage quotidien.<\/p>","protected":false},"featured_media":75848,"comment_status":"open","ping_status":"closed","template":"","meta":[],"product_brand":[],"product_cat":[309],"product_tag":[310],"class_list":{"0":"post-76399","1":"product","2":"type-product","3":"status-publish","4":"has-post-thumbnail","6":"product_cat-tablette","7":"product_tag-tablette","9":"first","10":"instock","11":"shipping-taxable","12":"product-type-external"},"_links":{"self":[{"href":"https:\/\/joutia.shop\/en\/wp-json\/wp\/v2\/product\/76399","targetHints":{"allow":["GET"]}}],"collection":[{"href":"https:\/\/joutia.shop\/en\/wp-json\/wp\/v2\/product"}],"about":[{"href":"https:\/\/joutia.shop\/en\/wp-json\/wp\/v2\/types\/product"}],"replies":[{"embeddable":true,"href":"https:\/\/joutia.shop\/en\/wp-json\/wp\/v2\/comments?post=76399"}],"wp:featuredmedia":[{"embeddable":true,"href":"https:\/\/joutia.shop\/en\/wp-json\/wp\/v2\/media\/75848"}],"wp:attachment":[{"href":"https:\/\/joutia.shop\/en\/wp-json\/wp\/v2\/media?parent=76399"}],"wp:term":[{"taxonomy":"product_brand","embeddable":true,"href":"https:\/\/joutia.shop\/en\/wp-json\/wp\/v2\/product_brand?post=76399"},{"taxonomy":"product_cat","embeddable":true,"href":"https:\/\/joutia.shop\/en\/wp-json\/wp\/v2\/product_cat?post=76399"},{"taxonomy":"product_tag","embeddable":true,"href":"https:\/\/joutia.shop\/en\/wp-json\/wp\/v2\/product_tag?post=76399"}],"curies":[{"name":"wp","href":"https:\/\/api.w.org\/{rel}","templated":true}]}}