{"id":76398,"date":"2026-03-12T22:55:53","date_gmt":"2026-03-12T22:55:53","guid":{"rendered":"https:\/\/joutia.shop\/?post_type=product&#038;p=76398"},"modified":"2026-03-12T22:55:55","modified_gmt":"2026-03-12T22:55:55","slug":"teclast-t65-plus-tablette-13-4-pouces-ecran-120hz-helio-g99-2-2ghz-octa-core-gaming-20go-ram256go-romtf-8to-dual-sim-4g-lte-10000mah-18wtablette-tactile-android-widevine-l1-13mp-otg-gps-2026","status":"publish","type":"product","link":"https:\/\/joutia.shop\/en\/product\/teclast-t65-plus-tablette-13-4-pouces-ecran-120hz-helio-g99-2-2ghz-octa-core-gaming-20go-ram256go-romtf-8to-dual-sim-4g-lte-10000mah-18wtablette-tactile-android-widevine-l1-13mp-otg-gps-2026\/","title":{"rendered":"TECLAST T65 PLUS Tablette 13.4 Pouces, \u00c9cran 120Hz, Helio G99 2.2GHz Octa-Core Gaming, 20Go RAM+256Go ROM(TF 8To), Dual SIM 4G LTE, 10000mAh\/18W,Tablette Tactile Android\/Widevine L1\/13MP\/OTG\/GPS, 2026"},"content":{"rendered":"<h2>TECLAST T65 PLUS Tablette 13.4 Pouces, \u00c9cran 120Hz, Helio G99 2.2GHz Octa-Core Gaming, 20Go RAM+256Go ROM(TF 8To), Dual SIM 4G LTE, 10000mAh\/18W,Tablette Tactile Android\/Widevine L1\/13MP\/OTG\/GPS, 2026<\/h2>\n<p>Le produit <strong>TECLAST T65 PLUS Tablette 13.4 Pouces, \u00c9cran 120Hz, Helio G99 2.2GHz Octa-Core Gaming, 20Go RAM+256Go ROM(TF 8To), Dual SIM 4G LTE, 10000mAh\/18W,Tablette Tactile Android\/Widevine L1\/13MP\/OTG\/GPS, 2026<\/strong> est con\u00e7u pour offrir performance et fiabilit\u00e9.<\/p>\n<p>Ce produit est id\u00e9al pour une utilisation quotidienne et r\u00e9pond parfaitement aux besoins des utilisateurs recherchant qualit\u00e9 et efficacit\u00e9.<\/p>\n<h3>Caract\u00e9ristiques principales<\/h3>\n<ul>\n<li>Conception robuste<\/li>\n<li>Utilisation simple<\/li>\n<li>Performance fiable<\/li>\n<\/ul>","protected":false},"excerpt":{"rendered":"<p>TECLAST T65 PLUS Tablette 13.4 Pouces, \u00c9cran 120Hz, Helio G99 2.2GHz Octa-Core Gaming, 20Go RAM+256Go ROM(TF 8To), Dual SIM 4G LTE, 10000mAh\/18W,Tablette Tactile Android\/Widevine L1\/13MP\/OTG\/GPS, 2026 &#8211; produit de qualit\u00e9 con\u00e7u pour un usage quotidien.<\/p>","protected":false},"featured_media":75290,"comment_status":"open","ping_status":"closed","template":"","meta":[],"product_brand":[],"product_cat":[309],"product_tag":[310],"class_list":{"0":"post-76398","1":"product","2":"type-product","3":"status-publish","4":"has-post-thumbnail","6":"product_cat-tablette","7":"product_tag-tablette","9":"first","10":"instock","11":"shipping-taxable","12":"product-type-external"},"_links":{"self":[{"href":"https:\/\/joutia.shop\/en\/wp-json\/wp\/v2\/product\/76398","targetHints":{"allow":["GET"]}}],"collection":[{"href":"https:\/\/joutia.shop\/en\/wp-json\/wp\/v2\/product"}],"about":[{"href":"https:\/\/joutia.shop\/en\/wp-json\/wp\/v2\/types\/product"}],"replies":[{"embeddable":true,"href":"https:\/\/joutia.shop\/en\/wp-json\/wp\/v2\/comments?post=76398"}],"wp:featuredmedia":[{"embeddable":true,"href":"https:\/\/joutia.shop\/en\/wp-json\/wp\/v2\/media\/75290"}],"wp:attachment":[{"href":"https:\/\/joutia.shop\/en\/wp-json\/wp\/v2\/media?parent=76398"}],"wp:term":[{"taxonomy":"product_brand","embeddable":true,"href":"https:\/\/joutia.shop\/en\/wp-json\/wp\/v2\/product_brand?post=76398"},{"taxonomy":"product_cat","embeddable":true,"href":"https:\/\/joutia.shop\/en\/wp-json\/wp\/v2\/product_cat?post=76398"},{"taxonomy":"product_tag","embeddable":true,"href":"https:\/\/joutia.shop\/en\/wp-json\/wp\/v2\/product_tag?post=76398"}],"curies":[{"name":"wp","href":"https:\/\/api.w.org\/{rel}","templated":true}]}}