{"id":76389,"date":"2026-03-12T22:55:52","date_gmt":"2026-03-12T22:55:52","guid":{"rendered":"https:\/\/joutia.shop\/?post_type=product&#038;p=76389"},"modified":"2026-03-12T22:55:54","modified_gmt":"2026-03-12T22:55:54","slug":"smartphone-samsung-sm-a566bzkceeb-67-8-gb-ram-256-gb-grafite","status":"publish","type":"product","link":"https:\/\/joutia.shop\/en\/product\/smartphone-samsung-sm-a566bzkceeb-67-8-gb-ram-256-gb-grafite\/","title":{"rendered":"Smartphone Samsung SM-A566BZKCEEB 6,7&Prime; 8 GB RAM 256 GB Grafite"},"content":{"rendered":"<h2>Smartphone Samsung SM-A566BZKCEEB 6,7&Prime; 8 GB RAM 256 GB Grafite<\/h2>\n<p>Le produit <strong>Smartphone Samsung SM-A566BZKCEEB 6,7&Prime; 8 GB RAM 256 GB Grafite<\/strong> est con\u00e7u pour offrir performance et fiabilit\u00e9.<\/p>\n<p>Ce produit est id\u00e9al pour une utilisation quotidienne et r\u00e9pond parfaitement aux besoins des utilisateurs recherchant qualit\u00e9 et efficacit\u00e9.<\/p>\n<h3>Caract\u00e9ristiques principales<\/h3>\n<ul>\n<li>Conception robuste<\/li>\n<li>Utilisation simple<\/li>\n<li>Performance fiable<\/li>\n<\/ul>","protected":false},"excerpt":{"rendered":"<p>Smartphone Samsung SM-A566BZKCEEB 6,7&Prime; 8 GB RAM 256 GB Grafite &#8211; produit de qualit\u00e9 con\u00e7u pour un usage quotidien.<\/p>","protected":false},"featured_media":75635,"comment_status":"open","ping_status":"closed","template":"","meta":[],"product_brand":[],"product_cat":[307],"product_tag":[308],"class_list":{"0":"post-76389","1":"product","2":"type-product","3":"status-publish","4":"has-post-thumbnail","6":"product_cat-telephonie","7":"product_tag-smartphone","9":"first","10":"instock","11":"shipping-taxable","12":"product-type-external"},"_links":{"self":[{"href":"https:\/\/joutia.shop\/en\/wp-json\/wp\/v2\/product\/76389","targetHints":{"allow":["GET"]}}],"collection":[{"href":"https:\/\/joutia.shop\/en\/wp-json\/wp\/v2\/product"}],"about":[{"href":"https:\/\/joutia.shop\/en\/wp-json\/wp\/v2\/types\/product"}],"replies":[{"embeddable":true,"href":"https:\/\/joutia.shop\/en\/wp-json\/wp\/v2\/comments?post=76389"}],"wp:featuredmedia":[{"embeddable":true,"href":"https:\/\/joutia.shop\/en\/wp-json\/wp\/v2\/media\/75635"}],"wp:attachment":[{"href":"https:\/\/joutia.shop\/en\/wp-json\/wp\/v2\/media?parent=76389"}],"wp:term":[{"taxonomy":"product_brand","embeddable":true,"href":"https:\/\/joutia.shop\/en\/wp-json\/wp\/v2\/product_brand?post=76389"},{"taxonomy":"product_cat","embeddable":true,"href":"https:\/\/joutia.shop\/en\/wp-json\/wp\/v2\/product_cat?post=76389"},{"taxonomy":"product_tag","embeddable":true,"href":"https:\/\/joutia.shop\/en\/wp-json\/wp\/v2\/product_tag?post=76389"}],"curies":[{"name":"wp","href":"https:\/\/api.w.org\/{rel}","templated":true}]}}