{"id":76387,"date":"2026-03-12T22:55:52","date_gmt":"2026-03-12T22:55:52","guid":{"rendered":"https:\/\/joutia.shop\/?post_type=product&#038;p=76387"},"modified":"2026-03-12T22:55:54","modified_gmt":"2026-03-12T22:55:54","slug":"honor-400-smart-4g-smartphone-dual-sim-nfc-android-15-8256gb-6500mah-batterie-double-cellule-108mp-2mp-avec-bouton-ai-telephone-6-77-pouces-120-hzecran-confort-5-etoiles-sgsip65-desert-gold","status":"publish","type":"product","link":"https:\/\/joutia.shop\/en\/product\/honor-400-smart-4g-smartphone-dual-sim-nfc-android-15-8256gb-6500mah-batterie-double-cellule-108mp-2mp-avec-bouton-ai-telephone-6-77-pouces-120-hzecran-confort-5-etoiles-sgsip65-desert-gold\/","title":{"rendered":"Honor 400 Smart 4G Smartphone Dual SIM NFC Android 15, 8+256GB, 6500mAh Batterie Double Cellule, 108MP +2MP avec Bouton AI T\u00e9l\u00e9phone, 6.77 Pouces 120 Hz\u00e9cran Confort, 5 \u00e9toiles SGS&#038;IP65, Desert Gold"},"content":{"rendered":"<h2>Honor 400 Smart 4G Smartphone Dual SIM NFC Android 15, 8+256GB, 6500mAh Batterie Double Cellule, 108MP +2MP avec Bouton AI T\u00e9l\u00e9phone, 6.77 Pouces 120 Hz\u00e9cran Confort, 5 \u00e9toiles SGS&#038;IP65, Desert Gold<\/h2>\n<p>Le produit <strong>Honor 400 Smart 4G Smartphone Dual SIM NFC Android 15, 8+256GB, 6500mAh Batterie Double Cellule, 108MP +2MP avec Bouton AI T\u00e9l\u00e9phone, 6.77 Pouces 120 Hz\u00e9cran Confort, 5 \u00e9toiles SGS&#038;IP65, Desert Gold<\/strong> est con\u00e7u pour offrir performance et fiabilit\u00e9.<\/p>\n<p>Ce produit est id\u00e9al pour une utilisation quotidienne et r\u00e9pond parfaitement aux besoins des utilisateurs recherchant qualit\u00e9 et efficacit\u00e9.<\/p>\n<h3>Caract\u00e9ristiques principales<\/h3>\n<ul>\n<li>Conception robuste<\/li>\n<li>Utilisation simple<\/li>\n<li>Performance fiable<\/li>\n<\/ul>","protected":false},"excerpt":{"rendered":"<p>Honor 400 Smart 4G Smartphone Dual SIM NFC Android 15, 8+256GB, 6500mAh Batterie Double Cellule, 108MP +2MP avec Bouton AI T\u00e9l\u00e9phone, 6.77 Pouces 120 Hz\u00e9cran Confort, 5 \u00e9toiles SGS&#038;IP65, Desert Gold &#8211; produit de qualit\u00e9 con\u00e7u pour un usage quotidien.<\/p>","protected":false},"featured_media":75966,"comment_status":"open","ping_status":"closed","template":"","meta":[],"product_brand":[],"product_cat":[307],"product_tag":[308],"class_list":{"0":"post-76387","1":"product","2":"type-product","3":"status-publish","4":"has-post-thumbnail","6":"product_cat-telephonie","7":"product_tag-smartphone","9":"first","10":"instock","11":"shipping-taxable","12":"product-type-external"},"_links":{"self":[{"href":"https:\/\/joutia.shop\/en\/wp-json\/wp\/v2\/product\/76387","targetHints":{"allow":["GET"]}}],"collection":[{"href":"https:\/\/joutia.shop\/en\/wp-json\/wp\/v2\/product"}],"about":[{"href":"https:\/\/joutia.shop\/en\/wp-json\/wp\/v2\/types\/product"}],"replies":[{"embeddable":true,"href":"https:\/\/joutia.shop\/en\/wp-json\/wp\/v2\/comments?post=76387"}],"wp:featuredmedia":[{"embeddable":true,"href":"https:\/\/joutia.shop\/en\/wp-json\/wp\/v2\/media\/75966"}],"wp:attachment":[{"href":"https:\/\/joutia.shop\/en\/wp-json\/wp\/v2\/media?parent=76387"}],"wp:term":[{"taxonomy":"product_brand","embeddable":true,"href":"https:\/\/joutia.shop\/en\/wp-json\/wp\/v2\/product_brand?post=76387"},{"taxonomy":"product_cat","embeddable":true,"href":"https:\/\/joutia.shop\/en\/wp-json\/wp\/v2\/product_cat?post=76387"},{"taxonomy":"product_tag","embeddable":true,"href":"https:\/\/joutia.shop\/en\/wp-json\/wp\/v2\/product_tag?post=76387"}],"curies":[{"name":"wp","href":"https:\/\/api.w.org\/{rel}","templated":true}]}}