{"id":76375,"date":"2026-03-12T22:55:47","date_gmt":"2026-03-12T22:55:47","guid":{"rendered":"https:\/\/joutia.shop\/?post_type=product&#038;p=76375"},"modified":"2026-03-12T22:55:50","modified_gmt":"2026-03-12T22:55:50","slug":"blackview-wave-9c-telephone-portable-pas-cher-4g-6-56-hd-smartphone-pas-cher-telephone-portable-12go128go-2to-tf-android-15-5000mah-13mp8mp-etui-de-telephone-rotatif-face-id-gps","status":"publish","type":"product","link":"https:\/\/joutia.shop\/en\/product\/blackview-wave-9c-telephone-portable-pas-cher-4g-6-56-hd-smartphone-pas-cher-telephone-portable-12go128go-2to-tf-android-15-5000mah-13mp8mp-etui-de-telephone-rotatif-face-id-gps\/","title":{"rendered":"Blackview Wave 9C Telephone Portable Pas Cher 4G, 6.56\u00a0\u00bb HD+ Smartphone Pas Cher, T\u00e9l\u00e9phone Portable 12Go+128Go\/2To TF, Android 15, 5000mAh, 13MP+8MP, \u00c9tui de T\u00e9l\u00e9phone Rotatif, Face ID, GPS"},"content":{"rendered":"<h2>Blackview Wave 9C Telephone Portable Pas Cher 4G, 6.56\u00a0\u00bb HD+ Smartphone Pas Cher, T\u00e9l\u00e9phone Portable 12Go+128Go\/2To TF, Android 15, 5000mAh, 13MP+8MP, \u00c9tui de T\u00e9l\u00e9phone Rotatif, Face ID, GPS<\/h2>\n<p>Le produit <strong>Blackview Wave 9C Telephone Portable Pas Cher 4G, 6.56\u00a0\u00bb HD+ Smartphone Pas Cher, T\u00e9l\u00e9phone Portable 12Go+128Go\/2To TF, Android 15, 5000mAh, 13MP+8MP, \u00c9tui de T\u00e9l\u00e9phone Rotatif, Face ID, GPS<\/strong> est con\u00e7u pour offrir performance et fiabilit\u00e9.<\/p>\n<p>Ce produit est id\u00e9al pour une utilisation quotidienne et r\u00e9pond parfaitement aux besoins des utilisateurs recherchant qualit\u00e9 et efficacit\u00e9.<\/p>\n<h3>Caract\u00e9ristiques principales<\/h3>\n<ul>\n<li>Conception robuste<\/li>\n<li>Utilisation simple<\/li>\n<li>Performance fiable<\/li>\n<\/ul>","protected":false},"excerpt":{"rendered":"<p>Blackview Wave 9C Telephone Portable Pas Cher 4G, 6.56\u00a0\u00bb HD+ Smartphone Pas Cher, T\u00e9l\u00e9phone Portable 12Go+128Go\/2To TF, Android 15, 5000mAh, 13MP+8MP, \u00c9tui de T\u00e9l\u00e9phone Rotatif, Face ID, GPS &#8211; produit de qualit\u00e9 con\u00e7u pour un usage quotidien.<\/p>","protected":false},"featured_media":75909,"comment_status":"open","ping_status":"closed","template":"","meta":[],"product_brand":[],"product_cat":[307],"product_tag":[308],"class_list":{"0":"post-76375","1":"product","2":"type-product","3":"status-publish","4":"has-post-thumbnail","6":"product_cat-telephonie","7":"product_tag-smartphone","9":"first","10":"instock","11":"shipping-taxable","12":"product-type-external"},"_links":{"self":[{"href":"https:\/\/joutia.shop\/en\/wp-json\/wp\/v2\/product\/76375","targetHints":{"allow":["GET"]}}],"collection":[{"href":"https:\/\/joutia.shop\/en\/wp-json\/wp\/v2\/product"}],"about":[{"href":"https:\/\/joutia.shop\/en\/wp-json\/wp\/v2\/types\/product"}],"replies":[{"embeddable":true,"href":"https:\/\/joutia.shop\/en\/wp-json\/wp\/v2\/comments?post=76375"}],"wp:featuredmedia":[{"embeddable":true,"href":"https:\/\/joutia.shop\/en\/wp-json\/wp\/v2\/media\/75909"}],"wp:attachment":[{"href":"https:\/\/joutia.shop\/en\/wp-json\/wp\/v2\/media?parent=76375"}],"wp:term":[{"taxonomy":"product_brand","embeddable":true,"href":"https:\/\/joutia.shop\/en\/wp-json\/wp\/v2\/product_brand?post=76375"},{"taxonomy":"product_cat","embeddable":true,"href":"https:\/\/joutia.shop\/en\/wp-json\/wp\/v2\/product_cat?post=76375"},{"taxonomy":"product_tag","embeddable":true,"href":"https:\/\/joutia.shop\/en\/wp-json\/wp\/v2\/product_tag?post=76375"}],"curies":[{"name":"wp","href":"https:\/\/api.w.org\/{rel}","templated":true}]}}