{"id":76360,"date":"2026-03-12T22:55:46","date_gmt":"2026-03-12T22:55:46","guid":{"rendered":"https:\/\/joutia.shop\/?post_type=product&#038;p=76360"},"modified":"2026-03-12T22:55:49","modified_gmt":"2026-03-12T22:55:49","slug":"samsung-galaxy-s20-fe-smartphone-128gb-6gb-ram-dual-sim-cloud-navy-bleu","status":"publish","type":"product","link":"https:\/\/joutia.shop\/en\/product\/samsung-galaxy-s20-fe-smartphone-128gb-6gb-ram-dual-sim-cloud-navy-bleu\/","title":{"rendered":"Samsung Galaxy S20 FE &#8211; Smartphone 128GB, 6GB RAM, Dual Sim, Cloud Navy Bleu"},"content":{"rendered":"<h2>Samsung Galaxy S20 FE &#8211; Smartphone 128GB, 6GB RAM, Dual Sim, Cloud Navy Bleu<\/h2>\n<p>Le produit <strong>Samsung Galaxy S20 FE &#8211; Smartphone 128GB, 6GB RAM, Dual Sim, Cloud Navy Bleu<\/strong> est con\u00e7u pour offrir performance et fiabilit\u00e9.<\/p>\n<p>Ce produit est id\u00e9al pour une utilisation quotidienne et r\u00e9pond parfaitement aux besoins des utilisateurs recherchant qualit\u00e9 et efficacit\u00e9.<\/p>\n<h3>Caract\u00e9ristiques principales<\/h3>\n<ul>\n<li>Conception robuste<\/li>\n<li>Utilisation simple<\/li>\n<li>Performance fiable<\/li>\n<\/ul>","protected":false},"excerpt":{"rendered":"<p>Samsung Galaxy S20 FE &#8211; Smartphone 128GB, 6GB RAM, Dual Sim, Cloud Navy Bleu &#8211; produit de qualit\u00e9 con\u00e7u pour un usage quotidien.<\/p>","protected":false},"featured_media":75703,"comment_status":"open","ping_status":"closed","template":"","meta":[],"product_brand":[],"product_cat":[307],"product_tag":[308],"class_list":{"0":"post-76360","1":"product","2":"type-product","3":"status-publish","4":"has-post-thumbnail","6":"product_cat-telephonie","7":"product_tag-smartphone","9":"first","10":"instock","11":"shipping-taxable","12":"product-type-external"},"_links":{"self":[{"href":"https:\/\/joutia.shop\/en\/wp-json\/wp\/v2\/product\/76360","targetHints":{"allow":["GET"]}}],"collection":[{"href":"https:\/\/joutia.shop\/en\/wp-json\/wp\/v2\/product"}],"about":[{"href":"https:\/\/joutia.shop\/en\/wp-json\/wp\/v2\/types\/product"}],"replies":[{"embeddable":true,"href":"https:\/\/joutia.shop\/en\/wp-json\/wp\/v2\/comments?post=76360"}],"wp:featuredmedia":[{"embeddable":true,"href":"https:\/\/joutia.shop\/en\/wp-json\/wp\/v2\/media\/75703"}],"wp:attachment":[{"href":"https:\/\/joutia.shop\/en\/wp-json\/wp\/v2\/media?parent=76360"}],"wp:term":[{"taxonomy":"product_brand","embeddable":true,"href":"https:\/\/joutia.shop\/en\/wp-json\/wp\/v2\/product_brand?post=76360"},{"taxonomy":"product_cat","embeddable":true,"href":"https:\/\/joutia.shop\/en\/wp-json\/wp\/v2\/product_cat?post=76360"},{"taxonomy":"product_tag","embeddable":true,"href":"https:\/\/joutia.shop\/en\/wp-json\/wp\/v2\/product_tag?post=76360"}],"curies":[{"name":"wp","href":"https:\/\/api.w.org\/{rel}","templated":true}]}}