{"id":76355,"date":"2026-03-12T22:55:46","date_gmt":"2026-03-12T22:55:46","guid":{"rendered":"https:\/\/joutia.shop\/?post_type=product&#038;p=76355"},"modified":"2026-03-12T22:55:48","modified_gmt":"2026-03-12T22:55:48","slug":"realme-14-pro-plus-5g-telephone-portablesnapdragon-7s-gen-3-5gcamera-50mp-50-mp120hz-6-83-oled-ecran8gb256gb-smartphonebatterie-5260mahdual-sim-android-15nfc-ip69blanc","status":"publish","type":"product","link":"https:\/\/joutia.shop\/en\/product\/realme-14-pro-plus-5g-telephone-portablesnapdragon-7s-gen-3-5gcamera-50mp-50-mp120hz-6-83-oled-ecran8gb256gb-smartphonebatterie-5260mahdual-sim-android-15nfc-ip69blanc\/","title":{"rendered":"realme 14 Pro Plus 5G T\u00e9l\u00e9phone Portable,Snapdragon 7s Gen 3 5G,Cam\u00e9ra 50MP +50 MP,120Hz 6.83&Prime; OLED \u00c9cran,8GB+256GB Smartphone,Batterie 5260mAh,Dual SIM Android 15,NFC IP69,Blanc"},"content":{"rendered":"<h2>realme 14 Pro Plus 5G T\u00e9l\u00e9phone Portable,Snapdragon 7s Gen 3 5G,Cam\u00e9ra 50MP +50 MP,120Hz 6.83&Prime; OLED \u00c9cran,8GB+256GB Smartphone,Batterie 5260mAh,Dual SIM Android 15,NFC IP69,Blanc<\/h2>\n<p>Le produit <strong>realme 14 Pro Plus 5G T\u00e9l\u00e9phone Portable,Snapdragon 7s Gen 3 5G,Cam\u00e9ra 50MP +50 MP,120Hz 6.83&Prime; OLED \u00c9cran,8GB+256GB Smartphone,Batterie 5260mAh,Dual SIM Android 15,NFC IP69,Blanc<\/strong> est con\u00e7u pour offrir performance et fiabilit\u00e9.<\/p>\n<p>Ce produit est id\u00e9al pour une utilisation quotidienne et r\u00e9pond parfaitement aux besoins des utilisateurs recherchant qualit\u00e9 et efficacit\u00e9.<\/p>\n<h3>Caract\u00e9ristiques principales<\/h3>\n<ul>\n<li>Conception robuste<\/li>\n<li>Utilisation simple<\/li>\n<li>Performance fiable<\/li>\n<\/ul>","protected":false},"excerpt":{"rendered":"<p>realme 14 Pro Plus 5G T\u00e9l\u00e9phone Portable,Snapdragon 7s Gen 3 5G,Cam\u00e9ra 50MP +50 MP,120Hz 6.83&Prime; OLED \u00c9cran,8GB+256GB Smartphone,Batterie 5260mAh,Dual SIM Android 15,NFC IP69,Blanc &#8211; produit de qualit\u00e9 con\u00e7u pour un usage quotidien.<\/p>","protected":false},"featured_media":75806,"comment_status":"open","ping_status":"closed","template":"","meta":[],"product_brand":[],"product_cat":[307],"product_tag":[308],"class_list":{"0":"post-76355","1":"product","2":"type-product","3":"status-publish","4":"has-post-thumbnail","6":"product_cat-telephonie","7":"product_tag-smartphone","9":"first","10":"instock","11":"shipping-taxable","12":"product-type-external"},"_links":{"self":[{"href":"https:\/\/joutia.shop\/en\/wp-json\/wp\/v2\/product\/76355","targetHints":{"allow":["GET"]}}],"collection":[{"href":"https:\/\/joutia.shop\/en\/wp-json\/wp\/v2\/product"}],"about":[{"href":"https:\/\/joutia.shop\/en\/wp-json\/wp\/v2\/types\/product"}],"replies":[{"embeddable":true,"href":"https:\/\/joutia.shop\/en\/wp-json\/wp\/v2\/comments?post=76355"}],"wp:featuredmedia":[{"embeddable":true,"href":"https:\/\/joutia.shop\/en\/wp-json\/wp\/v2\/media\/75806"}],"wp:attachment":[{"href":"https:\/\/joutia.shop\/en\/wp-json\/wp\/v2\/media?parent=76355"}],"wp:term":[{"taxonomy":"product_brand","embeddable":true,"href":"https:\/\/joutia.shop\/en\/wp-json\/wp\/v2\/product_brand?post=76355"},{"taxonomy":"product_cat","embeddable":true,"href":"https:\/\/joutia.shop\/en\/wp-json\/wp\/v2\/product_cat?post=76355"},{"taxonomy":"product_tag","embeddable":true,"href":"https:\/\/joutia.shop\/en\/wp-json\/wp\/v2\/product_tag?post=76355"}],"curies":[{"name":"wp","href":"https:\/\/api.w.org\/{rel}","templated":true}]}}