{"id":76349,"date":"2026-03-12T22:55:40","date_gmt":"2026-03-12T22:55:40","guid":{"rendered":"https:\/\/joutia.shop\/?post_type=product&#038;p=76349"},"modified":"2026-03-12T22:55:43","modified_gmt":"2026-03-12T22:55:43","slug":"xiaomi-poco-m7-4g-smartphone-8gb256gb-massive-7000mah-battery-6-9-fhd-display-144hz-adaptivesync-refresh-rate-powerful-snapdragon-685-clear-50mp-ai-dual-camera%ef%bc%8cwith-charge-sl","status":"publish","type":"product","link":"https:\/\/joutia.shop\/en\/product\/xiaomi-poco-m7-4g-smartphone-8gb256gb-massive-7000mah-battery-6-9-fhd-display-144hz-adaptivesync-refresh-rate-powerful-snapdragon-685-clear-50mp-ai-dual-camera%ef%bc%8cwith-charge-sl\/","title":{"rendered":"XIAOMI POCO M7 4G Smartphone 8GB+256GB Massive 7000mAh Battery 6.9\u201d FHD+ Display 144Hz AdaptiveSync Refresh Rate Powerful Snapdragon\u00ae 685 Clear 50MP AI Dual Camera\uff0cwith Charge (Sliver"},"content":{"rendered":"<h2>XIAOMI POCO M7 4G Smartphone 8GB+256GB Massive 7000mAh Battery 6.9\u201d FHD+ Display 144Hz AdaptiveSync Refresh Rate Powerful Snapdragon\u00ae 685 Clear 50MP AI Dual Camera\uff0cwith Charge (Sliver<\/h2>\n<p>Le produit <strong>XIAOMI POCO M7 4G Smartphone 8GB+256GB Massive 7000mAh Battery 6.9\u201d FHD+ Display 144Hz AdaptiveSync Refresh Rate Powerful Snapdragon\u00ae 685 Clear 50MP AI Dual Camera\uff0cwith Charge (Sliver<\/strong> est con\u00e7u pour offrir performance et fiabilit\u00e9.<\/p>\n<p>Ce produit est id\u00e9al pour une utilisation quotidienne et r\u00e9pond parfaitement aux besoins des utilisateurs recherchant qualit\u00e9 et efficacit\u00e9.<\/p>\n<h3>Caract\u00e9ristiques principales<\/h3>\n<ul>\n<li>Conception robuste<\/li>\n<li>Utilisation simple<\/li>\n<li>Performance fiable<\/li>\n<\/ul>","protected":false},"excerpt":{"rendered":"<p>XIAOMI POCO M7 4G Smartphone 8GB+256GB Massive 7000mAh Battery 6.9\u201d FHD+ Display 144Hz AdaptiveSync Refresh Rate Powerful Snapdragon\u00ae 685 Clear 50MP AI Dual Camera\uff0cwith Charge (Sliver &#8211; produit de qualit\u00e9 con\u00e7u pour un usage quotidien.<\/p>","protected":false},"featured_media":75810,"comment_status":"open","ping_status":"closed","template":"","meta":[],"product_brand":[],"product_cat":[307],"product_tag":[308],"class_list":{"0":"post-76349","1":"product","2":"type-product","3":"status-publish","4":"has-post-thumbnail","6":"product_cat-telephonie","7":"product_tag-smartphone","9":"first","10":"instock","11":"shipping-taxable","12":"product-type-external"},"_links":{"self":[{"href":"https:\/\/joutia.shop\/en\/wp-json\/wp\/v2\/product\/76349","targetHints":{"allow":["GET"]}}],"collection":[{"href":"https:\/\/joutia.shop\/en\/wp-json\/wp\/v2\/product"}],"about":[{"href":"https:\/\/joutia.shop\/en\/wp-json\/wp\/v2\/types\/product"}],"replies":[{"embeddable":true,"href":"https:\/\/joutia.shop\/en\/wp-json\/wp\/v2\/comments?post=76349"}],"wp:featuredmedia":[{"embeddable":true,"href":"https:\/\/joutia.shop\/en\/wp-json\/wp\/v2\/media\/75810"}],"wp:attachment":[{"href":"https:\/\/joutia.shop\/en\/wp-json\/wp\/v2\/media?parent=76349"}],"wp:term":[{"taxonomy":"product_brand","embeddable":true,"href":"https:\/\/joutia.shop\/en\/wp-json\/wp\/v2\/product_brand?post=76349"},{"taxonomy":"product_cat","embeddable":true,"href":"https:\/\/joutia.shop\/en\/wp-json\/wp\/v2\/product_cat?post=76349"},{"taxonomy":"product_tag","embeddable":true,"href":"https:\/\/joutia.shop\/en\/wp-json\/wp\/v2\/product_tag?post=76349"}],"curies":[{"name":"wp","href":"https:\/\/api.w.org\/{rel}","templated":true}]}}