{"id":76345,"date":"2026-03-12T22:55:40","date_gmt":"2026-03-12T22:55:40","guid":{"rendered":"https:\/\/joutia.shop\/?post_type=product&#038;p=76345"},"modified":"2026-03-12T22:55:43","modified_gmt":"2026-03-12T22:55:43","slug":"xiaomi-redmi-note-14-4g-smartphone-8gb256gb-108mp-ai-camera-all-star-durability-mediatek-helio-g99-ultra-120hz-eye-care-display-5500mah-batterywithout-charge-%ef%bc%88black%ef%bc%89","status":"publish","type":"product","link":"https:\/\/joutia.shop\/en\/product\/xiaomi-redmi-note-14-4g-smartphone-8gb256gb-108mp-ai-camera-all-star-durability-mediatek-helio-g99-ultra-120hz-eye-care-display-5500mah-batterywithout-charge-%ef%bc%88black%ef%bc%89\/","title":{"rendered":"XIAOMI Redmi Note 14 4G Smartphone 8GB+256GB 108MP AI Camera All-Star Durability MediaTek Helio G99-Ultra 120Hz Eye-Care Display 5500mAh Battery,Without Charge.\uff08Black\uff09"},"content":{"rendered":"<h2>XIAOMI Redmi Note 14 4G Smartphone 8GB+256GB 108MP AI Camera All-Star Durability MediaTek Helio G99-Ultra 120Hz Eye-Care Display 5500mAh Battery,Without Charge.\uff08Black\uff09<\/h2>\n<p>Le produit <strong>XIAOMI Redmi Note 14 4G Smartphone 8GB+256GB 108MP AI Camera All-Star Durability MediaTek Helio G99-Ultra 120Hz Eye-Care Display 5500mAh Battery,Without Charge.\uff08Black\uff09<\/strong> est con\u00e7u pour offrir performance et fiabilit\u00e9.<\/p>\n<p>Ce produit est id\u00e9al pour une utilisation quotidienne et r\u00e9pond parfaitement aux besoins des utilisateurs recherchant qualit\u00e9 et efficacit\u00e9.<\/p>\n<h3>Caract\u00e9ristiques principales<\/h3>\n<ul>\n<li>Conception robuste<\/li>\n<li>Utilisation simple<\/li>\n<li>Performance fiable<\/li>\n<\/ul>","protected":false},"excerpt":{"rendered":"<p>XIAOMI Redmi Note 14 4G Smartphone 8GB+256GB 108MP AI Camera All-Star Durability MediaTek Helio G99-Ultra 120Hz Eye-Care Display 5500mAh Battery,Without Charge.\uff08Black\uff09 &#8211; produit de qualit\u00e9 con\u00e7u pour un usage quotidien.<\/p>","protected":false},"featured_media":76246,"comment_status":"open","ping_status":"closed","template":"","meta":[],"product_brand":[],"product_cat":[307],"product_tag":[308],"class_list":{"0":"post-76345","1":"product","2":"type-product","3":"status-publish","4":"has-post-thumbnail","6":"product_cat-telephonie","7":"product_tag-smartphone","9":"first","10":"instock","11":"shipping-taxable","12":"product-type-external"},"_links":{"self":[{"href":"https:\/\/joutia.shop\/en\/wp-json\/wp\/v2\/product\/76345","targetHints":{"allow":["GET"]}}],"collection":[{"href":"https:\/\/joutia.shop\/en\/wp-json\/wp\/v2\/product"}],"about":[{"href":"https:\/\/joutia.shop\/en\/wp-json\/wp\/v2\/types\/product"}],"replies":[{"embeddable":true,"href":"https:\/\/joutia.shop\/en\/wp-json\/wp\/v2\/comments?post=76345"}],"wp:featuredmedia":[{"embeddable":true,"href":"https:\/\/joutia.shop\/en\/wp-json\/wp\/v2\/media\/76246"}],"wp:attachment":[{"href":"https:\/\/joutia.shop\/en\/wp-json\/wp\/v2\/media?parent=76345"}],"wp:term":[{"taxonomy":"product_brand","embeddable":true,"href":"https:\/\/joutia.shop\/en\/wp-json\/wp\/v2\/product_brand?post=76345"},{"taxonomy":"product_cat","embeddable":true,"href":"https:\/\/joutia.shop\/en\/wp-json\/wp\/v2\/product_cat?post=76345"},{"taxonomy":"product_tag","embeddable":true,"href":"https:\/\/joutia.shop\/en\/wp-json\/wp\/v2\/product_tag?post=76345"}],"curies":[{"name":"wp","href":"https:\/\/api.w.org\/{rel}","templated":true}]}}