{"id":76330,"date":"2026-03-12T22:55:39","date_gmt":"2026-03-12T22:55:39","guid":{"rendered":"https:\/\/joutia.shop\/?post_type=product&#038;p=76330"},"modified":"2026-03-12T22:55:41","modified_gmt":"2026-03-12T22:55:41","slug":"lovevook-sac-a-dos-voyage-cabine-avion-sac-a-dos-de-voyage-homme-femme-etanche-17-pouces-sac-a-dos-pour-ordinateur-portable-bagages-cabine-backpack-travel-pour-travail-ecole-loisir","status":"publish","type":"product","link":"https:\/\/joutia.shop\/en\/product\/lovevook-sac-a-dos-voyage-cabine-avion-sac-a-dos-de-voyage-homme-femme-etanche-17-pouces-sac-a-dos-pour-ordinateur-portable-bagages-cabine-backpack-travel-pour-travail-ecole-loisir\/","title":{"rendered":"LOVEVOOK Sac a Dos Voyage Cabine Avion, Sac \u00e0 Dos de Voyage Homme Femme, \u00c9tanche 17 Pouces Sac \u00e0 Dos Pour Ordinateur Portable Bagages Cabine, Backpack Travel pour Travail \u00c9cole Loisir"},"content":{"rendered":"<h2>LOVEVOOK Sac a Dos Voyage Cabine Avion, Sac \u00e0 Dos de Voyage Homme Femme, \u00c9tanche 17 Pouces Sac \u00e0 Dos Pour Ordinateur Portable Bagages Cabine, Backpack Travel pour Travail \u00c9cole Loisir<\/h2>\n<p>Le produit <strong>LOVEVOOK Sac a Dos Voyage Cabine Avion, Sac \u00e0 Dos de Voyage Homme Femme, \u00c9tanche 17 Pouces Sac \u00e0 Dos Pour Ordinateur Portable Bagages Cabine, Backpack Travel pour Travail \u00c9cole Loisir<\/strong> est con\u00e7u pour offrir performance et fiabilit\u00e9.<\/p>\n<p>Ce produit est id\u00e9al pour une utilisation quotidienne et r\u00e9pond parfaitement aux besoins des utilisateurs recherchant qualit\u00e9 et efficacit\u00e9.<\/p>\n<h3>Caract\u00e9ristiques principales<\/h3>\n<ul>\n<li>Conception robuste<\/li>\n<li>Utilisation simple<\/li>\n<li>Performance fiable<\/li>\n<\/ul>","protected":false},"excerpt":{"rendered":"<p>LOVEVOOK Sac a Dos Voyage Cabine Avion, Sac \u00e0 Dos de Voyage Homme Femme, \u00c9tanche 17 Pouces Sac \u00e0 Dos Pour Ordinateur Portable Bagages Cabine, Backpack Travel pour Travail \u00c9cole Loisir &#8211; produit de qualit\u00e9 con\u00e7u pour un usage quotidien.<\/p>","protected":false},"featured_media":76140,"comment_status":"open","ping_status":"closed","template":"","meta":[],"product_brand":[],"product_cat":[305],"product_tag":[306],"class_list":{"0":"post-76330","1":"product","2":"type-product","3":"status-publish","4":"has-post-thumbnail","6":"product_cat-informatique","7":"product_tag-ordinateur-portable","9":"first","10":"instock","11":"shipping-taxable","12":"product-type-external"},"_links":{"self":[{"href":"https:\/\/joutia.shop\/en\/wp-json\/wp\/v2\/product\/76330","targetHints":{"allow":["GET"]}}],"collection":[{"href":"https:\/\/joutia.shop\/en\/wp-json\/wp\/v2\/product"}],"about":[{"href":"https:\/\/joutia.shop\/en\/wp-json\/wp\/v2\/types\/product"}],"replies":[{"embeddable":true,"href":"https:\/\/joutia.shop\/en\/wp-json\/wp\/v2\/comments?post=76330"}],"wp:featuredmedia":[{"embeddable":true,"href":"https:\/\/joutia.shop\/en\/wp-json\/wp\/v2\/media\/76140"}],"wp:attachment":[{"href":"https:\/\/joutia.shop\/en\/wp-json\/wp\/v2\/media?parent=76330"}],"wp:term":[{"taxonomy":"product_brand","embeddable":true,"href":"https:\/\/joutia.shop\/en\/wp-json\/wp\/v2\/product_brand?post=76330"},{"taxonomy":"product_cat","embeddable":true,"href":"https:\/\/joutia.shop\/en\/wp-json\/wp\/v2\/product_cat?post=76330"},{"taxonomy":"product_tag","embeddable":true,"href":"https:\/\/joutia.shop\/en\/wp-json\/wp\/v2\/product_tag?post=76330"}],"curies":[{"name":"wp","href":"https:\/\/api.w.org\/{rel}","templated":true}]}}