{"id":76327,"date":"2026-03-12T22:55:39","date_gmt":"2026-03-12T22:55:39","guid":{"rendered":"https:\/\/joutia.shop\/?post_type=product&#038;p=76327"},"modified":"2026-03-12T22:55:41","modified_gmt":"2026-03-12T22:55:41","slug":"samsung-galaxy-book4-ordinateur-portable-15-6-intel-core-7-16go-ram-512go-ssd-intel-graphics-gris-anthracite-clavier-azerty-fr","status":"publish","type":"product","link":"https:\/\/joutia.shop\/en\/product\/samsung-galaxy-book4-ordinateur-portable-15-6-intel-core-7-16go-ram-512go-ssd-intel-graphics-gris-anthracite-clavier-azerty-fr\/","title":{"rendered":"Samsung Galaxy Book4 Ordinateur portable 15.6\u00a0\u00bb, Intel Core 7, 16Go RAM 512Go SSD Intel Graphics, Gris Anthracite, clavier AZERTY FR"},"content":{"rendered":"<h2>Samsung Galaxy Book4 Ordinateur portable 15.6\u00a0\u00bb, Intel Core 7, 16Go RAM 512Go SSD Intel Graphics, Gris Anthracite, clavier AZERTY FR<\/h2>\n<p>Le produit <strong>Samsung Galaxy Book4 Ordinateur portable 15.6\u00a0\u00bb, Intel Core 7, 16Go RAM 512Go SSD Intel Graphics, Gris Anthracite, clavier AZERTY FR<\/strong> est con\u00e7u pour offrir performance et fiabilit\u00e9.<\/p>\n<p>Ce produit est id\u00e9al pour une utilisation quotidienne et r\u00e9pond parfaitement aux besoins des utilisateurs recherchant qualit\u00e9 et efficacit\u00e9.<\/p>\n<h3>Caract\u00e9ristiques principales<\/h3>\n<ul>\n<li>Conception robuste<\/li>\n<li>Utilisation simple<\/li>\n<li>Performance fiable<\/li>\n<\/ul>","protected":false},"excerpt":{"rendered":"<p>Samsung Galaxy Book4 Ordinateur portable 15.6\u00a0\u00bb, Intel Core 7, 16Go RAM 512Go SSD Intel Graphics, Gris Anthracite, clavier AZERTY FR &#8211; produit de qualit\u00e9 con\u00e7u pour un usage quotidien.<\/p>","protected":false},"featured_media":75609,"comment_status":"open","ping_status":"closed","template":"","meta":[],"product_brand":[],"product_cat":[305],"product_tag":[306],"class_list":{"0":"post-76327","1":"product","2":"type-product","3":"status-publish","4":"has-post-thumbnail","6":"product_cat-informatique","7":"product_tag-ordinateur-portable","9":"first","10":"instock","11":"shipping-taxable","12":"product-type-external"},"_links":{"self":[{"href":"https:\/\/joutia.shop\/en\/wp-json\/wp\/v2\/product\/76327","targetHints":{"allow":["GET"]}}],"collection":[{"href":"https:\/\/joutia.shop\/en\/wp-json\/wp\/v2\/product"}],"about":[{"href":"https:\/\/joutia.shop\/en\/wp-json\/wp\/v2\/types\/product"}],"replies":[{"embeddable":true,"href":"https:\/\/joutia.shop\/en\/wp-json\/wp\/v2\/comments?post=76327"}],"wp:featuredmedia":[{"embeddable":true,"href":"https:\/\/joutia.shop\/en\/wp-json\/wp\/v2\/media\/75609"}],"wp:attachment":[{"href":"https:\/\/joutia.shop\/en\/wp-json\/wp\/v2\/media?parent=76327"}],"wp:term":[{"taxonomy":"product_brand","embeddable":true,"href":"https:\/\/joutia.shop\/en\/wp-json\/wp\/v2\/product_brand?post=76327"},{"taxonomy":"product_cat","embeddable":true,"href":"https:\/\/joutia.shop\/en\/wp-json\/wp\/v2\/product_cat?post=76327"},{"taxonomy":"product_tag","embeddable":true,"href":"https:\/\/joutia.shop\/en\/wp-json\/wp\/v2\/product_tag?post=76327"}],"curies":[{"name":"wp","href":"https:\/\/api.w.org\/{rel}","templated":true}]}}