{"id":76319,"date":"2026-03-12T22:55:32","date_gmt":"2026-03-12T22:55:32","guid":{"rendered":"https:\/\/joutia.shop\/?post_type=product&#038;p=76319"},"modified":"2026-03-12T22:55:36","modified_gmt":"2026-03-12T22:55:36","slug":"acer-aspire-1-a115-32-c3ak-ordinateur-portable-156-full-hd-pc-portable-intel-celeron-n4500-ram-4-go-128-go-emmc-intel-uhd-graphics-windows-11-clavier-azerty-francais-laptop-gris","status":"publish","type":"product","link":"https:\/\/joutia.shop\/en\/product\/acer-aspire-1-a115-32-c3ak-ordinateur-portable-156-full-hd-pc-portable-intel-celeron-n4500-ram-4-go-128-go-emmc-intel-uhd-graphics-windows-11-clavier-azerty-francais-laptop-gris\/","title":{"rendered":"Acer Aspire 1 A115-32-C3AK Ordinateur Portable 15,6\u00a0\u00bb Full HD, PC Portable (Intel Celeron N4500, RAM 4 Go, 128 Go eMMC, Intel UHD Graphics, Windows 11 ) &#8211; Clavier AZERTY (Fran\u00e7ais), Laptop Gris"},"content":{"rendered":"<h2>Acer Aspire 1 A115-32-C3AK Ordinateur Portable 15,6\u00a0\u00bb Full HD, PC Portable (Intel Celeron N4500, RAM 4 Go, 128 Go eMMC, Intel UHD Graphics, Windows 11 ) &#8211; Clavier AZERTY (Fran\u00e7ais), Laptop Gris<\/h2>\n<p>Le produit <strong>Acer Aspire 1 A115-32-C3AK Ordinateur Portable 15,6\u00a0\u00bb Full HD, PC Portable (Intel Celeron N4500, RAM 4 Go, 128 Go eMMC, Intel UHD Graphics, Windows 11 ) &#8211; Clavier AZERTY (Fran\u00e7ais), Laptop Gris<\/strong> est con\u00e7u pour offrir performance et fiabilit\u00e9.<\/p>\n<p>Ce produit est id\u00e9al pour une utilisation quotidienne et r\u00e9pond parfaitement aux besoins des utilisateurs recherchant qualit\u00e9 et efficacit\u00e9.<\/p>\n<h3>Caract\u00e9ristiques principales<\/h3>\n<ul>\n<li>Conception robuste<\/li>\n<li>Utilisation simple<\/li>\n<li>Performance fiable<\/li>\n<\/ul>","protected":false},"excerpt":{"rendered":"<p>Acer Aspire 1 A115-32-C3AK Ordinateur Portable 15,6\u00a0\u00bb Full HD, PC Portable (Intel Celeron N4500, RAM 4 Go, 128 Go eMMC, Intel UHD Graphics, Windows 11 ) &#8211; Clavier AZERTY (Fran\u00e7ais), Laptop Gris &#8211; produit de qualit\u00e9 con\u00e7u pour un usage quotidien.<\/p>","protected":false},"featured_media":75531,"comment_status":"open","ping_status":"closed","template":"","meta":[],"product_brand":[],"product_cat":[305],"product_tag":[306],"class_list":{"0":"post-76319","1":"product","2":"type-product","3":"status-publish","4":"has-post-thumbnail","6":"product_cat-informatique","7":"product_tag-ordinateur-portable","9":"first","10":"instock","11":"shipping-taxable","12":"product-type-external"},"_links":{"self":[{"href":"https:\/\/joutia.shop\/en\/wp-json\/wp\/v2\/product\/76319","targetHints":{"allow":["GET"]}}],"collection":[{"href":"https:\/\/joutia.shop\/en\/wp-json\/wp\/v2\/product"}],"about":[{"href":"https:\/\/joutia.shop\/en\/wp-json\/wp\/v2\/types\/product"}],"replies":[{"embeddable":true,"href":"https:\/\/joutia.shop\/en\/wp-json\/wp\/v2\/comments?post=76319"}],"wp:featuredmedia":[{"embeddable":true,"href":"https:\/\/joutia.shop\/en\/wp-json\/wp\/v2\/media\/75531"}],"wp:attachment":[{"href":"https:\/\/joutia.shop\/en\/wp-json\/wp\/v2\/media?parent=76319"}],"wp:term":[{"taxonomy":"product_brand","embeddable":true,"href":"https:\/\/joutia.shop\/en\/wp-json\/wp\/v2\/product_brand?post=76319"},{"taxonomy":"product_cat","embeddable":true,"href":"https:\/\/joutia.shop\/en\/wp-json\/wp\/v2\/product_cat?post=76319"},{"taxonomy":"product_tag","embeddable":true,"href":"https:\/\/joutia.shop\/en\/wp-json\/wp\/v2\/product_tag?post=76319"}],"curies":[{"name":"wp","href":"https:\/\/api.w.org\/{rel}","templated":true}]}}