{"id":76316,"date":"2026-03-12T22:55:32","date_gmt":"2026-03-12T22:55:32","guid":{"rendered":"https:\/\/joutia.shop\/?post_type=product&#038;p=76316"},"modified":"2026-03-12T22:55:35","modified_gmt":"2026-03-12T22:55:35","slug":"lenovo-legion-pro-5-16iax10h-ordinateur-portable-gaming-16-oled-wqxga-165hz-intel-ultra-7-255hx-ram-32go-ssd-1to-nvidia-rtx-5070-8gb-windows-11-clavier-retroeclaire-en-blanc-azerty-noir","status":"publish","type":"product","link":"https:\/\/joutia.shop\/en\/product\/lenovo-legion-pro-5-16iax10h-ordinateur-portable-gaming-16-oled-wqxga-165hz-intel-ultra-7-255hx-ram-32go-ssd-1to-nvidia-rtx-5070-8gb-windows-11-clavier-retroeclaire-en-blanc-azerty-noir\/","title":{"rendered":"Lenovo Legion Pro 5 16IAX10H &#8211; Ordinateur Portable Gaming 16\u00a0\u00bb OLED WQXGA 165Hz (Intel Ultra 7 255HX, RAM 32Go, SSD 1To, NVIDIA RTX 5070 8GB, Windows 11) Clavier r\u00e9tro\u00e9clair\u00e9 en Blanc AZERTY &#8211; Noir"},"content":{"rendered":"<h2>Lenovo Legion Pro 5 16IAX10H &#8211; Ordinateur Portable Gaming 16\u00a0\u00bb OLED WQXGA 165Hz (Intel Ultra 7 255HX, RAM 32Go, SSD 1To, NVIDIA RTX 5070 8GB, Windows 11) Clavier r\u00e9tro\u00e9clair\u00e9 en Blanc AZERTY &#8211; Noir<\/h2>\n<p>Le produit <strong>Lenovo Legion Pro 5 16IAX10H &#8211; Ordinateur Portable Gaming 16\u00a0\u00bb OLED WQXGA 165Hz (Intel Ultra 7 255HX, RAM 32Go, SSD 1To, NVIDIA RTX 5070 8GB, Windows 11) Clavier r\u00e9tro\u00e9clair\u00e9 en Blanc AZERTY &#8211; Noir<\/strong> est con\u00e7u pour offrir performance et fiabilit\u00e9.<\/p>\n<p>Ce produit est id\u00e9al pour une utilisation quotidienne et r\u00e9pond parfaitement aux besoins des utilisateurs recherchant qualit\u00e9 et efficacit\u00e9.<\/p>\n<h3>Caract\u00e9ristiques principales<\/h3>\n<ul>\n<li>Conception robuste<\/li>\n<li>Utilisation simple<\/li>\n<li>Performance fiable<\/li>\n<\/ul>","protected":false},"excerpt":{"rendered":"<p>Lenovo Legion Pro 5 16IAX10H &#8211; Ordinateur Portable Gaming 16\u00a0\u00bb OLED WQXGA 165Hz (Intel Ultra 7 255HX, RAM 32Go, SSD 1To, NVIDIA RTX 5070 8GB, Windows 11) Clavier r\u00e9tro\u00e9clair\u00e9 en Blanc AZERTY &#8211; Noir &#8211; produit de qualit\u00e9 con\u00e7u pour un usage quotidien.<\/p>","protected":false},"featured_media":75565,"comment_status":"open","ping_status":"closed","template":"","meta":[],"product_brand":[],"product_cat":[305],"product_tag":[306],"class_list":{"0":"post-76316","1":"product","2":"type-product","3":"status-publish","4":"has-post-thumbnail","6":"product_cat-informatique","7":"product_tag-ordinateur-portable","9":"first","10":"instock","11":"shipping-taxable","12":"product-type-external"},"_links":{"self":[{"href":"https:\/\/joutia.shop\/en\/wp-json\/wp\/v2\/product\/76316","targetHints":{"allow":["GET"]}}],"collection":[{"href":"https:\/\/joutia.shop\/en\/wp-json\/wp\/v2\/product"}],"about":[{"href":"https:\/\/joutia.shop\/en\/wp-json\/wp\/v2\/types\/product"}],"replies":[{"embeddable":true,"href":"https:\/\/joutia.shop\/en\/wp-json\/wp\/v2\/comments?post=76316"}],"wp:featuredmedia":[{"embeddable":true,"href":"https:\/\/joutia.shop\/en\/wp-json\/wp\/v2\/media\/75565"}],"wp:attachment":[{"href":"https:\/\/joutia.shop\/en\/wp-json\/wp\/v2\/media?parent=76316"}],"wp:term":[{"taxonomy":"product_brand","embeddable":true,"href":"https:\/\/joutia.shop\/en\/wp-json\/wp\/v2\/product_brand?post=76316"},{"taxonomy":"product_cat","embeddable":true,"href":"https:\/\/joutia.shop\/en\/wp-json\/wp\/v2\/product_cat?post=76316"},{"taxonomy":"product_tag","embeddable":true,"href":"https:\/\/joutia.shop\/en\/wp-json\/wp\/v2\/product_tag?post=76316"}],"curies":[{"name":"wp","href":"https:\/\/api.w.org\/{rel}","templated":true}]}}